{"id":630869,"date":"2025-06-14T20:08:49","date_gmt":"2025-06-14T17:08:49","guid":{"rendered":"https:\/\/nextsnkr.com\/product\/bottega-venata-black-beige-fur\/"},"modified":"2026-01-30T14:34:04","modified_gmt":"2026-01-30T11:34:04","slug":"bottega-venata-black-beige-fur","status":"publish","type":"product","link":"https:\/\/nextsnkr.com\/et\/toode\/bottega-venata-black-beige-fur\/","title":{"rendered":"Bottega Veneta black Beige Fur saapad-nahast karusnahast voodriga"},"content":{"rendered":"<h2>Bottega Veneta black Beige Fur saapad-nahast karusnahast voodriga<\/h2>\n<p>Bottega Veneta black Beige Fur saapad on valmistatud kvaliteetsest nahast ja neil on pehme karusnahast vooder, mis pakub soojust ja mugavust k\u00fclmal aastaajal. Stiilne musta ja bee\u017ei kombinatsioon lisab elegantsi ja muudab mudeli mitmek\u00fclgseks iga v\u00e4limuse jaoks. Tugev tald tagab stabiilsuse ja pikaealisuse. Valige Bottega Veneta black Beige Fur saapad mugavuse, trendika disaini ja k\u00f5rge kvaliteedi kombinatsiooni jaoks.<\/p>\n","protected":false},"excerpt":{"rendered":"<p>Bottega Veneta black Beige Fur saapad on valmistatud kvaliteetsest nahast ja neil on pehme karusnahast vooder, mis pakub soojust ja mugavust k\u00fclmal aastaajal. Stiilne musta ja bee\u017ei kombinatsioon lisab elegantsi ja muudab mudeli mitmek\u00fclgseks iga v\u00e4limuse jaoks. Tugev tald tagab stabiilsuse ja pikaealisuse. Valige Bottega Veneta black Beige Fur saapad mugavuse, trendika disaini ja k\u00f5rge kvaliteedi kombinatsiooni jaoks.<\/p>\n","protected":false},"featured_media":630870,"comment_status":"open","ping_status":"open","template":"","meta":[],"product_brand":[],"product_cat":[3186,3330],"product_tag":[],"class_list":{"0":"post-630869","1":"product","2":"type-product","3":"status-publish","4":"has-post-thumbnail","6":"product_cat-all-product","7":"product_cat-cherevyky","8":"pa_rozmir-910","9":"pa_rozmir-912","10":"pa_rozmir-914","11":"pa_rozmir-915","12":"pa_rozmir-916","13":"pa_rozmir-917","14":"pa_rozmir-918","15":"pa_rozmir-919","16":"pa_rozmir-920","17":"pa_rozmir-921","18":"pa_rozmir-922","20":"first","21":"onbackorder","22":"purchasable","23":"product-type-variable"},"_links":{"self":[{"href":"https:\/\/nextsnkr.com\/et\/wp-json\/wp\/v2\/product\/630869","targetHints":{"allow":["GET"]}}],"collection":[{"href":"https:\/\/nextsnkr.com\/et\/wp-json\/wp\/v2\/product"}],"about":[{"href":"https:\/\/nextsnkr.com\/et\/wp-json\/wp\/v2\/types\/product"}],"replies":[{"embeddable":true,"href":"https:\/\/nextsnkr.com\/et\/wp-json\/wp\/v2\/comments?post=630869"}],"version-history":[{"count":0,"href":"https:\/\/nextsnkr.com\/et\/wp-json\/wp\/v2\/product\/630869\/revisions"}],"wp:featuredmedia":[{"embeddable":true,"href":"https:\/\/nextsnkr.com\/et\/wp-json\/wp\/v2\/media\/630870"}],"wp:attachment":[{"href":"https:\/\/nextsnkr.com\/et\/wp-json\/wp\/v2\/media?parent=630869"}],"wp:term":[{"taxonomy":"product_brand","embeddable":true,"href":"https:\/\/nextsnkr.com\/et\/wp-json\/wp\/v2\/product_brand?post=630869"},{"taxonomy":"product_cat","embeddable":true,"href":"https:\/\/nextsnkr.com\/et\/wp-json\/wp\/v2\/product_cat?post=630869"},{"taxonomy":"product_tag","embeddable":true,"href":"https:\/\/nextsnkr.com\/et\/wp-json\/wp\/v2\/product_tag?post=630869"}],"curies":[{"name":"wp","href":"https:\/\/api.w.org\/{rel}","templated":true}]}}