{"id":630212,"date":"2025-06-14T20:13:08","date_gmt":"2025-06-14T17:13:08","guid":{"rendered":"https:\/\/nextsnkr.com\/product\/michael-kors-5\/"},"modified":"2026-01-30T14:33:25","modified_gmt":"2026-01-30T11:33:25","slug":"michael-kors-5","status":"publish","type":"product","link":"https:\/\/nextsnkr.com\/et\/toode\/michael-kors-5\/","title":{"rendered":"Michael Korsi kott-naiste stiilne \u00f6ko-nahast kott"},"content":{"rendered":"<h2>Michael Korsi kott-naiste stiilne \u00f6ko-nahast kott<\/h2>\n<p>Michael Korsi kott on valmistatud kvaliteetsest \u00f6konahast, mis \u00fchendab stiili, praktilisuse ja vastupidavuse. Mudelil on mahukas p\u00f5hiruum ja mugavad taskud asjade korraldamiseks, mis muudab selle ideaalseks igap\u00e4evaseks kasutamiseks. Michael Korsi kaubam\u00e4rgi elegantne disain r\u00f5hutab kaasaegset stiili ja lisab v\u00e4limusele keerukust. See kott on mitmek\u00fclgne ja sobib h\u00f5lpsalt iga garderoobiga, muutes selle t\u00f6\u00f6 -, k\u00f5ndimis-ja reisitarvikuks.<\/p>\n","protected":false},"excerpt":{"rendered":"<p>Michael Korsi kott on valmistatud kvaliteetsest \u00f6konahast, mis \u00fchendab stiili, praktilisuse ja vastupidavuse. Mudelil on mahukas p\u00f5hiruum ja mugavad taskud asjade korraldamiseks, mis muudab selle ideaalseks igap\u00e4evaseks kasutamiseks. Michael Korsi kaubam\u00e4rgi elegantne disain r\u00f5hutab kaasaegset stiili ja lisab v\u00e4limusele keerukust. See kott on mitmek\u00fclgne ja sobib h\u00f5lpsalt iga garderoobiga, muutes selle t\u00f6\u00f6 -, k\u00f5ndimis-ja reisitarvikuks.<\/p>\n","protected":false},"featured_media":630216,"comment_status":"open","ping_status":"open","template":"","meta":[],"product_brand":[],"product_cat":[3186,3474],"product_tag":[],"class_list":{"0":"post-630212","1":"product","2":"type-product","3":"status-publish","4":"has-post-thumbnail","6":"product_cat-all-product","7":"product_cat-sumky","8":"pa_rozmir-24kh17","10":"first","11":"instock","12":"purchasable","13":"product-type-simple"},"_links":{"self":[{"href":"https:\/\/nextsnkr.com\/et\/wp-json\/wp\/v2\/product\/630212","targetHints":{"allow":["GET"]}}],"collection":[{"href":"https:\/\/nextsnkr.com\/et\/wp-json\/wp\/v2\/product"}],"about":[{"href":"https:\/\/nextsnkr.com\/et\/wp-json\/wp\/v2\/types\/product"}],"replies":[{"embeddable":true,"href":"https:\/\/nextsnkr.com\/et\/wp-json\/wp\/v2\/comments?post=630212"}],"version-history":[{"count":0,"href":"https:\/\/nextsnkr.com\/et\/wp-json\/wp\/v2\/product\/630212\/revisions"}],"wp:featuredmedia":[{"embeddable":true,"href":"https:\/\/nextsnkr.com\/et\/wp-json\/wp\/v2\/media\/630216"}],"wp:attachment":[{"href":"https:\/\/nextsnkr.com\/et\/wp-json\/wp\/v2\/media?parent=630212"}],"wp:term":[{"taxonomy":"product_brand","embeddable":true,"href":"https:\/\/nextsnkr.com\/et\/wp-json\/wp\/v2\/product_brand?post=630212"},{"taxonomy":"product_cat","embeddable":true,"href":"https:\/\/nextsnkr.com\/et\/wp-json\/wp\/v2\/product_cat?post=630212"},{"taxonomy":"product_tag","embeddable":true,"href":"https:\/\/nextsnkr.com\/et\/wp-json\/wp\/v2\/product_tag?post=630212"}],"curies":[{"name":"wp","href":"https:\/\/api.w.org\/{rel}","templated":true}]}}