{"id":630001,"date":"2025-06-14T20:14:54","date_gmt":"2025-06-14T17:14:54","guid":{"rendered":"https:\/\/nextsnkr.com\/product\/michael-kors-7\/"},"modified":"2026-01-30T14:33:06","modified_gmt":"2026-01-30T11:33:06","slug":"michael-kors-7","status":"publish","type":"product","link":"https:\/\/nextsnkr.com\/et\/toode\/michael-kors-7\/","title":{"rendered":"Michael Korsi kott-naiste \u00f6ko &#8211; nahast Stiilne kott"},"content":{"rendered":"<h2>Michael Korsi kott-naiste \u00f6ko &#8211; nahast Stiilne kott<\/h2>\n<p>Michael Kors on elegantne naiste kott, mis on valmistatud kvaliteetsest \u00f6konahast, \u00fchendades stiili, praktilisuse ja vastupidavuse. Lakooniline disain v\u00f5imaldab teil seda kasutada iga p\u00e4ev, kombineerides seda h\u00f5lpsalt erinevate piltidega. Mudel pakub piisavalt ruumi k\u00f5igi vajalike asjade jaoks ja mugav disain muudab kandmise mugavaks. Ideaalne valik neile, kes hindavad iga lisaseadme kaasaegset esteetikat, kvaliteeti ja funktsionaalsust.<\/p>\n","protected":false},"excerpt":{"rendered":"<p>Michael Kors on elegantne naiste kott, mis on valmistatud kvaliteetsest \u00f6konahast, \u00fchendades stiili, praktilisuse ja vastupidavuse. Lakooniline disain v\u00f5imaldab teil seda kasutada iga p\u00e4ev, kombineerides seda h\u00f5lpsalt erinevate piltidega. Mudel pakub piisavalt ruumi k\u00f5igi vajalike asjade jaoks ja mugav disain muudab kandmise mugavaks. Ideaalne valik neile, kes hindavad iga lisaseadme kaasaegset esteetikat, kvaliteeti ja funktsionaalsust.<\/p>\n","protected":false},"featured_media":630004,"comment_status":"open","ping_status":"open","template":"","meta":[],"product_brand":[],"product_cat":[3186,3474],"product_tag":[],"class_list":{"0":"post-630001","1":"product","2":"type-product","3":"status-publish","4":"has-post-thumbnail","6":"product_cat-all-product","7":"product_cat-sumky","8":"pa_rozmir-24kh16","10":"first","11":"instock","12":"purchasable","13":"product-type-simple"},"_links":{"self":[{"href":"https:\/\/nextsnkr.com\/et\/wp-json\/wp\/v2\/product\/630001","targetHints":{"allow":["GET"]}}],"collection":[{"href":"https:\/\/nextsnkr.com\/et\/wp-json\/wp\/v2\/product"}],"about":[{"href":"https:\/\/nextsnkr.com\/et\/wp-json\/wp\/v2\/types\/product"}],"replies":[{"embeddable":true,"href":"https:\/\/nextsnkr.com\/et\/wp-json\/wp\/v2\/comments?post=630001"}],"version-history":[{"count":0,"href":"https:\/\/nextsnkr.com\/et\/wp-json\/wp\/v2\/product\/630001\/revisions"}],"wp:featuredmedia":[{"embeddable":true,"href":"https:\/\/nextsnkr.com\/et\/wp-json\/wp\/v2\/media\/630004"}],"wp:attachment":[{"href":"https:\/\/nextsnkr.com\/et\/wp-json\/wp\/v2\/media?parent=630001"}],"wp:term":[{"taxonomy":"product_brand","embeddable":true,"href":"https:\/\/nextsnkr.com\/et\/wp-json\/wp\/v2\/product_brand?post=630001"},{"taxonomy":"product_cat","embeddable":true,"href":"https:\/\/nextsnkr.com\/et\/wp-json\/wp\/v2\/product_cat?post=630001"},{"taxonomy":"product_tag","embeddable":true,"href":"https:\/\/nextsnkr.com\/et\/wp-json\/wp\/v2\/product_tag?post=630001"}],"curies":[{"name":"wp","href":"https:\/\/api.w.org\/{rel}","templated":true}]}}