{"id":629703,"date":"2025-06-23T08:38:33","date_gmt":"2025-06-23T05:38:33","guid":{"rendered":"https:\/\/nextsnkr.com\/product\/samba-og-cream-white\/"},"modified":"2026-01-30T14:33:02","modified_gmt":"2026-01-30T11:33:02","slug":"samba-og-cream-white","status":"publish","type":"product","link":"https:\/\/nextsnkr.com\/et\/toode\/samba-og-cream-white\/","title":{"rendered":"Adidas Samba og &#8216;Cream White&#8217; nahast tossud stiilseks igap\u00e4evaseks kandmiseks"},"content":{"rendered":"<h2>Adidas Samba og &#8216;Cream White&#8217; nahast tossud stiilseks igap\u00e4evaseks kandmiseks<\/h2>\n<p>Adidas Samba og &#8216;Cream White&#8217; tossud on valmistatud kvaliteetsest nahast, mis tagab mugavuse ja vastupidavuse. Mudel sobib ideaalselt igap\u00e4evaseks kandmiseks ja sportlikuks stiiliks, \u00fchendades klassikalise kreemikujunduse praktilisusega. Kerge tald tagab pehmenduse ja mugavuse k\u00f5ndimise ajal ning esmaklassilised materjalid tagavad pika eluea. Ideaalne valik neile, kes hindavad stiili, mugavust ja usaldusv\u00e4\u00e4rsust.<\/p>\n","protected":false},"excerpt":{"rendered":"<p>Adidas Samba og &#8216;Cream White&#8217; tossud on valmistatud kvaliteetsest nahast, mis tagab mugavuse ja vastupidavuse. Mudel sobib ideaalselt igap\u00e4evaseks kandmiseks ja sportlikuks stiiliks, \u00fchendades klassikalise kreemikujunduse praktilisusega. Kerge tald tagab pehmenduse ja mugavuse k\u00f5ndimise ajal ning esmaklassilised materjalid tagavad pika eluea. Ideaalne valik neile, kes hindavad stiili, mugavust ja usaldusv\u00e4\u00e4rsust.<\/p>\n","protected":false},"featured_media":629704,"comment_status":"open","ping_status":"open","template":"","meta":[],"product_brand":[],"product_cat":[3186,3317],"product_tag":[],"class_list":{"0":"post-629703","1":"product","2":"type-product","3":"status-publish","4":"has-post-thumbnail","6":"product_cat-all-product","7":"product_cat-kedy","8":"pa_rozmir-910","9":"pa_rozmir-912","10":"pa_rozmir-914","11":"pa_rozmir-915","12":"pa_rozmir-916","13":"pa_rozmir-917","14":"pa_rozmir-918","15":"pa_rozmir-919","16":"pa_rozmir-920","17":"pa_rozmir-921","18":"pa_rozmir-922","20":"first","21":"instock","22":"purchasable","23":"product-type-variable"},"_links":{"self":[{"href":"https:\/\/nextsnkr.com\/et\/wp-json\/wp\/v2\/product\/629703","targetHints":{"allow":["GET"]}}],"collection":[{"href":"https:\/\/nextsnkr.com\/et\/wp-json\/wp\/v2\/product"}],"about":[{"href":"https:\/\/nextsnkr.com\/et\/wp-json\/wp\/v2\/types\/product"}],"replies":[{"embeddable":true,"href":"https:\/\/nextsnkr.com\/et\/wp-json\/wp\/v2\/comments?post=629703"}],"version-history":[{"count":0,"href":"https:\/\/nextsnkr.com\/et\/wp-json\/wp\/v2\/product\/629703\/revisions"}],"wp:featuredmedia":[{"embeddable":true,"href":"https:\/\/nextsnkr.com\/et\/wp-json\/wp\/v2\/media\/629704"}],"wp:attachment":[{"href":"https:\/\/nextsnkr.com\/et\/wp-json\/wp\/v2\/media?parent=629703"}],"wp:term":[{"taxonomy":"product_brand","embeddable":true,"href":"https:\/\/nextsnkr.com\/et\/wp-json\/wp\/v2\/product_brand?post=629703"},{"taxonomy":"product_cat","embeddable":true,"href":"https:\/\/nextsnkr.com\/et\/wp-json\/wp\/v2\/product_cat?post=629703"},{"taxonomy":"product_tag","embeddable":true,"href":"https:\/\/nextsnkr.com\/et\/wp-json\/wp\/v2\/product_tag?post=629703"}],"curies":[{"name":"wp","href":"https:\/\/api.w.org\/{rel}","templated":true}]}}