{"id":629419,"date":"2025-06-14T20:15:47","date_gmt":"2025-06-14T17:15:47","guid":{"rendered":"https:\/\/nextsnkr.com\/product\/michael-kors-9\/"},"modified":"2026-01-30T14:32:27","modified_gmt":"2026-01-30T11:32:27","slug":"michael-kors-9","status":"publish","type":"product","link":"https:\/\/nextsnkr.com\/et\/toode\/michael-kors-9\/","title":{"rendered":"Michael Korsi \u00f6ko-nahast kott-stiilne naiste aksessuaar"},"content":{"rendered":"<h2>Michael Korsi \u00f6ko-nahast kott-stiilne naiste aksessuaar<\/h2>\n<p>Michael Korsi kott on valmistatud kvaliteetsest \u00f6konahast, mis tagab lihtsa hoolduse, vastupidavuse ja elegantse v\u00e4limuse. Mudel sobib suurep\u00e4raselt igap\u00e4evaseks kasutamiseks, t\u00f6\u00f6ks, v\u00e4ljas\u00f5itudeks v\u00f5i \u00f5htusteks v\u00e4ljas\u00f5itudeks. Lakooniline disain ja klassikaline siluett muudavad selle mitmek\u00fclgseks ja h\u00f5lpsasti kombineeritavaks mis tahes riietumisstiiliga. T\u00fcrgi tootmine tagab kvaliteedi ja usaldusv\u00e4\u00e4rsuse. Michael Kors on ideaalne valik neile, kes hindavad mugavust, praktilisust ja esmaklassilist v\u00e4limust.<\/p>\n","protected":false},"excerpt":{"rendered":"<p>Michael Korsi kott on valmistatud kvaliteetsest \u00f6konahast, mis tagab lihtsa hoolduse, vastupidavuse ja elegantse v\u00e4limuse. Mudel sobib suurep\u00e4raselt igap\u00e4evaseks kasutamiseks, t\u00f6\u00f6ks, v\u00e4ljas\u00f5itudeks v\u00f5i \u00f5htusteks v\u00e4ljas\u00f5itudeks. Lakooniline disain ja klassikaline siluett muudavad selle mitmek\u00fclgseks ja h\u00f5lpsasti kombineeritavaks mis tahes riietumisstiiliga. T\u00fcrgi tootmine tagab kvaliteedi ja usaldusv\u00e4\u00e4rsuse. Michael Kors on ideaalne valik neile, kes hindavad mugavust, praktilisust ja esmaklassilist v\u00e4limust.<\/p>\n","protected":false},"featured_media":629420,"comment_status":"open","ping_status":"open","template":"","meta":[],"product_brand":[],"product_cat":[3186,3474],"product_tag":[],"class_list":{"0":"post-629419","1":"product","2":"type-product","3":"status-publish","4":"has-post-thumbnail","6":"product_cat-all-product","7":"product_cat-sumky","8":"pa_rozmir-sale-26kh14","10":"first","11":"instock","12":"purchasable","13":"product-type-simple"},"_links":{"self":[{"href":"https:\/\/nextsnkr.com\/et\/wp-json\/wp\/v2\/product\/629419","targetHints":{"allow":["GET"]}}],"collection":[{"href":"https:\/\/nextsnkr.com\/et\/wp-json\/wp\/v2\/product"}],"about":[{"href":"https:\/\/nextsnkr.com\/et\/wp-json\/wp\/v2\/types\/product"}],"replies":[{"embeddable":true,"href":"https:\/\/nextsnkr.com\/et\/wp-json\/wp\/v2\/comments?post=629419"}],"version-history":[{"count":0,"href":"https:\/\/nextsnkr.com\/et\/wp-json\/wp\/v2\/product\/629419\/revisions"}],"wp:featuredmedia":[{"embeddable":true,"href":"https:\/\/nextsnkr.com\/et\/wp-json\/wp\/v2\/media\/629420"}],"wp:attachment":[{"href":"https:\/\/nextsnkr.com\/et\/wp-json\/wp\/v2\/media?parent=629419"}],"wp:term":[{"taxonomy":"product_brand","embeddable":true,"href":"https:\/\/nextsnkr.com\/et\/wp-json\/wp\/v2\/product_brand?post=629419"},{"taxonomy":"product_cat","embeddable":true,"href":"https:\/\/nextsnkr.com\/et\/wp-json\/wp\/v2\/product_cat?post=629419"},{"taxonomy":"product_tag","embeddable":true,"href":"https:\/\/nextsnkr.com\/et\/wp-json\/wp\/v2\/product_tag?post=629419"}],"curies":[{"name":"wp","href":"https:\/\/api.w.org\/{rel}","templated":true}]}}