{"id":628757,"date":"2025-06-12T16:26:31","date_gmt":"2025-06-12T13:26:31","guid":{"rendered":"https:\/\/nextsnkr.com\/product\/dr-martens-1460\/"},"modified":"2026-01-30T14:32:04","modified_gmt":"2026-01-30T11:32:04","slug":"dr-martens-1460","status":"publish","type":"product","link":"https:\/\/nextsnkr.com\/et\/toode\/dr-martens-1460\/","title":{"rendered":"Saapad Dr.Martens 1460 ehtsast nahast stiilse v\u00e4limuse jaoks"},"content":{"rendered":"<h2>Saapad Dr.Martens 1460 ehtsast nahast stiilse v\u00e4limuse jaoks<\/h2>\n<p>Saapad Dr.Martens 1460 on valmistatud Vietnamis kvaliteetsest ehtsast nahast, \u00fchendades vastupidavuse ja mugavuse. Klassikaline disain ja vastupidav tald muudavad need ideaalseks igap\u00e4evaseks kandmiseks, jalutamiseks ja aktiivseks linnaeluks. Tuntud br\u00e4nd Dr.Martens tagab t\u00f6\u00f6kindluse ja stiili ning mitmek\u00fclgne must v\u00e4rv sobib h\u00f5lpsalt iga garderoobiga. Telli kohe ja r\u00f5huta oma ainulaadset stiili.<\/p>\n","protected":false},"excerpt":{"rendered":"<p>Saapad Dr.Martens 1460 on valmistatud Vietnamis kvaliteetsest ehtsast nahast, \u00fchendades vastupidavuse ja mugavuse. Klassikaline disain ja vastupidav tald muudavad need ideaalseks igap\u00e4evaseks kandmiseks, jalutamiseks ja aktiivseks linnaeluks. Tuntud br\u00e4nd Dr.Martens tagab t\u00f6\u00f6kindluse ja stiili ning mitmek\u00fclgne must v\u00e4rv sobib h\u00f5lpsalt iga garderoobiga. Telli kohe ja r\u00f5huta oma ainulaadset stiili.<\/p>\n","protected":false},"featured_media":628758,"comment_status":"open","ping_status":"open","template":"","meta":[],"product_brand":[2398],"product_cat":[3615,3186,3330],"product_tag":[],"class_list":{"0":"post-628757","1":"product","2":"type-product","3":"status-publish","4":"has-post-thumbnail","6":"product_brand-dr-martens","7":"product_cat-dr-martens","8":"product_cat-all-product","9":"product_cat-cherevyky","10":"pa_rozmir-910","11":"pa_rozmir-912","12":"pa_rozmir-914","13":"pa_rozmir-915","14":"pa_rozmir-916","15":"pa_rozmir-917","16":"pa_rozmir-918","17":"pa_rozmir-919","18":"pa_rozmir-920","19":"pa_rozmir-921","20":"pa_rozmir-922","22":"first","23":"instock","24":"purchasable","25":"product-type-variable"},"_links":{"self":[{"href":"https:\/\/nextsnkr.com\/et\/wp-json\/wp\/v2\/product\/628757","targetHints":{"allow":["GET"]}}],"collection":[{"href":"https:\/\/nextsnkr.com\/et\/wp-json\/wp\/v2\/product"}],"about":[{"href":"https:\/\/nextsnkr.com\/et\/wp-json\/wp\/v2\/types\/product"}],"replies":[{"embeddable":true,"href":"https:\/\/nextsnkr.com\/et\/wp-json\/wp\/v2\/comments?post=628757"}],"version-history":[{"count":0,"href":"https:\/\/nextsnkr.com\/et\/wp-json\/wp\/v2\/product\/628757\/revisions"}],"wp:featuredmedia":[{"embeddable":true,"href":"https:\/\/nextsnkr.com\/et\/wp-json\/wp\/v2\/media\/628758"}],"wp:attachment":[{"href":"https:\/\/nextsnkr.com\/et\/wp-json\/wp\/v2\/media?parent=628757"}],"wp:term":[{"taxonomy":"product_brand","embeddable":true,"href":"https:\/\/nextsnkr.com\/et\/wp-json\/wp\/v2\/product_brand?post=628757"},{"taxonomy":"product_cat","embeddable":true,"href":"https:\/\/nextsnkr.com\/et\/wp-json\/wp\/v2\/product_cat?post=628757"},{"taxonomy":"product_tag","embeddable":true,"href":"https:\/\/nextsnkr.com\/et\/wp-json\/wp\/v2\/product_tag?post=628757"}],"curies":[{"name":"wp","href":"https:\/\/api.w.org\/{rel}","templated":true}]}}