{"id":626172,"date":"2025-06-13T09:03:27","date_gmt":"2025-06-13T06:03:27","guid":{"rendered":"https:\/\/nextsnkr.com\/product\/jordan-1-utsinka\/"},"modified":"2026-01-30T14:30:26","modified_gmt":"2026-01-30T11:30:26","slug":"jordan-1-utsinka","status":"publish","type":"product","link":"https:\/\/nextsnkr.com\/et\/toode\/jordan-1-utsinka\/","title":{"rendered":"Jordan 1 tossud (allahindlus) &#8211; stiilsed ja taskukohased igap\u00e4evaseks kandmiseks"},"content":{"rendered":"<h2>Jordan 1 tossud (allahindlus) &#8211; stiilsed ja taskukohased igap\u00e4evaseks kandmiseks<\/h2>\n<p>Jordan 1 tossud (hinnaalandus) \u00fchendavad Jordaania kaubam\u00e4rgi legendaarse disaini ja mugavuse igap\u00e4evaseks kasutamiseks. Valmistatud kvaliteetsetest materjalidest, pakuvad need vastupidavust ja mugavust kandmisel. Ideaalne jalutamiseks, linnaeluks ja v\u00e4litegevuseks, need tossud on teie v\u00e4limuse silmatorkav aktsent. Vaatamata hinnaalandustele s\u00e4ilitavad nad stiili ja funktsionaalsuse, muutes ostu kasumlikuks ja praktiliseks. Telli kohe ja r\u00f5huta oma ainulaadset stiili.<\/p>\n","protected":false},"excerpt":{"rendered":"<p>Jordan 1 tossud (hinnaalandus) \u00fchendavad Jordaania kaubam\u00e4rgi legendaarse disaini ja mugavuse igap\u00e4evaseks kasutamiseks. Valmistatud kvaliteetsetest materjalidest, pakuvad need vastupidavust ja mugavust kandmisel. Ideaalne jalutamiseks, linnaeluks ja v\u00e4litegevuseks, need tossud on teie v\u00e4limuse silmatorkav aktsent. Vaatamata hinnaalandustele s\u00e4ilitavad nad stiili ja funktsionaalsuse, muutes ostu kasumlikuks ja praktiliseks. Telli kohe ja r\u00f5huta oma ainulaadset stiili.<\/p>\n","protected":false},"featured_media":626173,"comment_status":"open","ping_status":"open","template":"","meta":[],"product_brand":[],"product_cat":[3382,3186,3317],"product_tag":[],"class_list":{"0":"post-626172","1":"product","2":"type-product","3":"status-publish","4":"has-post-thumbnail","6":"product_cat-nike-jordan","7":"product_cat-all-product","8":"product_cat-kedy","9":"pa_rozmir-910","10":"pa_rozmir-912","11":"pa_rozmir-914","12":"pa_rozmir-915","13":"pa_rozmir-916","14":"pa_rozmir-917","15":"pa_rozmir-918","16":"pa_rozmir-919","17":"pa_rozmir-920","18":"pa_rozmir-921","19":"pa_rozmir-922","21":"first","22":"onbackorder","23":"purchasable","24":"product-type-variable"},"_links":{"self":[{"href":"https:\/\/nextsnkr.com\/et\/wp-json\/wp\/v2\/product\/626172","targetHints":{"allow":["GET"]}}],"collection":[{"href":"https:\/\/nextsnkr.com\/et\/wp-json\/wp\/v2\/product"}],"about":[{"href":"https:\/\/nextsnkr.com\/et\/wp-json\/wp\/v2\/types\/product"}],"replies":[{"embeddable":true,"href":"https:\/\/nextsnkr.com\/et\/wp-json\/wp\/v2\/comments?post=626172"}],"version-history":[{"count":0,"href":"https:\/\/nextsnkr.com\/et\/wp-json\/wp\/v2\/product\/626172\/revisions"}],"wp:featuredmedia":[{"embeddable":true,"href":"https:\/\/nextsnkr.com\/et\/wp-json\/wp\/v2\/media\/626173"}],"wp:attachment":[{"href":"https:\/\/nextsnkr.com\/et\/wp-json\/wp\/v2\/media?parent=626172"}],"wp:term":[{"taxonomy":"product_brand","embeddable":true,"href":"https:\/\/nextsnkr.com\/et\/wp-json\/wp\/v2\/product_brand?post=626172"},{"taxonomy":"product_cat","embeddable":true,"href":"https:\/\/nextsnkr.com\/et\/wp-json\/wp\/v2\/product_cat?post=626172"},{"taxonomy":"product_tag","embeddable":true,"href":"https:\/\/nextsnkr.com\/et\/wp-json\/wp\/v2\/product_tag?post=626172"}],"curies":[{"name":"wp","href":"https:\/\/api.w.org\/{rel}","templated":true}]}}