{"id":626002,"date":"2025-06-13T09:04:00","date_gmt":"2025-06-13T06:04:00","guid":{"rendered":"https:\/\/nextsnkr.com\/product\/air-jordan-1-retro-linen-beige\/"},"modified":"2026-01-30T14:30:21","modified_gmt":"2026-01-30T11:30:21","slug":"air-jordan-1-retro-linen-beige","status":"publish","type":"product","link":"https:\/\/nextsnkr.com\/et\/toode\/air-jordan-1-retro-linen-beige\/","title":{"rendered":"Air Jordan 1 Retro Linen beige ehtsast nahast tossud"},"content":{"rendered":"<h2>Air Jordan 1 Retro Linen beige ehtsast nahast tossud<\/h2>\n<p>Air Jordan 1 Retro Linen beige tossud on valmistatud Vietnamis kvaliteetsest ehtsast nahast, \u00fchendades mugavuse, vastupidavuse ja stiili. Kerged ja mugavad, sobivad ideaalselt igap\u00e4evaseks kandmiseks, jalutamiseks ja aktiivseks linnaeluks. Linane bee\u017e toon lisab elegantsi ja mitmek\u00fclgsust, muutes tossud sobivaks igasse garderoobi. Air Jordani kaubam\u00e4rgi kvaliteetsed materjalid ja legendaarne disain tagavad stiili ja usaldusv\u00e4\u00e4rsuse. Telli kohe ja r\u00f5huta oma ainulaadset stiili.<\/p>\n","protected":false},"excerpt":{"rendered":"<p>Air Jordan 1 Retro Linen beige tossud on valmistatud Vietnamis kvaliteetsest ehtsast nahast, \u00fchendades mugavuse, vastupidavuse ja stiili. Kerged ja mugavad, sobivad ideaalselt igap\u00e4evaseks kandmiseks, jalutamiseks ja aktiivseks linnaeluks. Linane bee\u017e toon lisab elegantsi ja mitmek\u00fclgsust, muutes tossud sobivaks igasse garderoobi. Air Jordani kaubam\u00e4rgi kvaliteetsed materjalid ja legendaarne disain tagavad stiili ja usaldusv\u00e4\u00e4rsuse. Telli kohe ja r\u00f5huta oma ainulaadset stiili.<\/p>\n","protected":false},"featured_media":626003,"comment_status":"open","ping_status":"open","template":"","meta":[],"product_brand":[],"product_cat":[3382,3186,3317],"product_tag":[],"class_list":{"0":"post-626002","1":"product","2":"type-product","3":"status-publish","4":"has-post-thumbnail","6":"product_cat-nike-jordan","7":"product_cat-all-product","8":"product_cat-kedy","9":"pa_rozmir-910","10":"pa_rozmir-912","11":"pa_rozmir-914","12":"pa_rozmir-915","13":"pa_rozmir-916","14":"pa_rozmir-917","15":"pa_rozmir-918","16":"pa_rozmir-919","17":"pa_rozmir-920","18":"pa_rozmir-921","19":"pa_rozmir-922","21":"first","22":"onbackorder","23":"purchasable","24":"product-type-variable"},"_links":{"self":[{"href":"https:\/\/nextsnkr.com\/et\/wp-json\/wp\/v2\/product\/626002","targetHints":{"allow":["GET"]}}],"collection":[{"href":"https:\/\/nextsnkr.com\/et\/wp-json\/wp\/v2\/product"}],"about":[{"href":"https:\/\/nextsnkr.com\/et\/wp-json\/wp\/v2\/types\/product"}],"replies":[{"embeddable":true,"href":"https:\/\/nextsnkr.com\/et\/wp-json\/wp\/v2\/comments?post=626002"}],"version-history":[{"count":0,"href":"https:\/\/nextsnkr.com\/et\/wp-json\/wp\/v2\/product\/626002\/revisions"}],"wp:featuredmedia":[{"embeddable":true,"href":"https:\/\/nextsnkr.com\/et\/wp-json\/wp\/v2\/media\/626003"}],"wp:attachment":[{"href":"https:\/\/nextsnkr.com\/et\/wp-json\/wp\/v2\/media?parent=626002"}],"wp:term":[{"taxonomy":"product_brand","embeddable":true,"href":"https:\/\/nextsnkr.com\/et\/wp-json\/wp\/v2\/product_brand?post=626002"},{"taxonomy":"product_cat","embeddable":true,"href":"https:\/\/nextsnkr.com\/et\/wp-json\/wp\/v2\/product_cat?post=626002"},{"taxonomy":"product_tag","embeddable":true,"href":"https:\/\/nextsnkr.com\/et\/wp-json\/wp\/v2\/product_tag?post=626002"}],"curies":[{"name":"wp","href":"https:\/\/api.w.org\/{rel}","templated":true}]}}