{"id":625492,"date":"2025-06-13T09:05:26","date_gmt":"2025-06-13T06:05:26","guid":{"rendered":"https:\/\/nextsnkr.com\/product\/air-jordan-1-retro-high-travis-scott\/"},"modified":"2026-01-30T14:29:51","modified_gmt":"2026-01-30T11:29:51","slug":"air-jordan-1-retro-high-travis-scott","status":"publish","type":"product","link":"https:\/\/nextsnkr.com\/et\/toode\/air-jordan-1-retro-high-travis-scott\/","title":{"rendered":"Air Jordan 1 Retro High Travis Scott nahast ja tekstiilist tossud"},"content":{"rendered":"<h2>Air Jordan 1 Retro High Travis Scott nahast ja tekstiilist tossud<\/h2>\n<p>Air Jordan 1 Retro High Travis Scott tossud on valmistatud Hiinas kvaliteetsest nahast ja tekstiilist, \u00fchendades mugavuse, vastupidavuse ja stiili. Travis Scotti kaubam\u00e4rgi legendaarne disain annab kingadele ainulaadse ilme ja k\u00f5rged k\u00fcljed pakuvad jalale kindlat tuge. Ideaalne igap\u00e4evaseks kandmiseks, jalutamiseks ja aktiivseks linnaeluks on need Air Jordani tossud t\u00e4helepanu detailidele ja kvaliteetsetele materjalidele. Telli kohe ja r\u00f5huta oma ainulaadset stiili.<\/p>\n","protected":false},"excerpt":{"rendered":"<p>Air Jordan 1 Retro High Travis Scott tossud on valmistatud Hiinas kvaliteetsest nahast ja tekstiilist, \u00fchendades mugavuse, vastupidavuse ja stiili. Travis Scotti kaubam\u00e4rgi legendaarne disain annab kingadele ainulaadse ilme ja k\u00f5rged k\u00fcljed pakuvad jalale kindlat tuge. Ideaalne igap\u00e4evaseks kandmiseks, jalutamiseks ja aktiivseks linnaeluks on need Air Jordani tossud t\u00e4helepanu detailidele ja kvaliteetsetele materjalidele. Telli kohe ja r\u00f5huta oma ainulaadset stiili.<\/p>\n","protected":false},"featured_media":625493,"comment_status":"open","ping_status":"open","template":"","meta":[],"product_brand":[],"product_cat":[3382,3186,3317],"product_tag":[],"class_list":{"0":"post-625492","1":"product","2":"type-product","3":"status-publish","4":"has-post-thumbnail","6":"product_cat-nike-jordan","7":"product_cat-all-product","8":"product_cat-kedy","9":"pa_rozmir-910","10":"pa_rozmir-912","11":"pa_rozmir-914","12":"pa_rozmir-915","13":"pa_rozmir-916","14":"pa_rozmir-917","15":"pa_rozmir-918","16":"pa_rozmir-919","17":"pa_rozmir-920","18":"pa_rozmir-921","19":"pa_rozmir-922","21":"first","22":"onbackorder","23":"purchasable","24":"product-type-variable"},"_links":{"self":[{"href":"https:\/\/nextsnkr.com\/et\/wp-json\/wp\/v2\/product\/625492","targetHints":{"allow":["GET"]}}],"collection":[{"href":"https:\/\/nextsnkr.com\/et\/wp-json\/wp\/v2\/product"}],"about":[{"href":"https:\/\/nextsnkr.com\/et\/wp-json\/wp\/v2\/types\/product"}],"replies":[{"embeddable":true,"href":"https:\/\/nextsnkr.com\/et\/wp-json\/wp\/v2\/comments?post=625492"}],"version-history":[{"count":0,"href":"https:\/\/nextsnkr.com\/et\/wp-json\/wp\/v2\/product\/625492\/revisions"}],"wp:featuredmedia":[{"embeddable":true,"href":"https:\/\/nextsnkr.com\/et\/wp-json\/wp\/v2\/media\/625493"}],"wp:attachment":[{"href":"https:\/\/nextsnkr.com\/et\/wp-json\/wp\/v2\/media?parent=625492"}],"wp:term":[{"taxonomy":"product_brand","embeddable":true,"href":"https:\/\/nextsnkr.com\/et\/wp-json\/wp\/v2\/product_brand?post=625492"},{"taxonomy":"product_cat","embeddable":true,"href":"https:\/\/nextsnkr.com\/et\/wp-json\/wp\/v2\/product_cat?post=625492"},{"taxonomy":"product_tag","embeddable":true,"href":"https:\/\/nextsnkr.com\/et\/wp-json\/wp\/v2\/product_tag?post=625492"}],"curies":[{"name":"wp","href":"https:\/\/api.w.org\/{rel}","templated":true}]}}