{"id":625140,"date":"2025-06-13T09:06:11","date_gmt":"2025-06-13T06:06:11","guid":{"rendered":"https:\/\/nextsnkr.com\/product\/air-jordan-1-high-grey-blue\/"},"modified":"2026-01-30T14:29:42","modified_gmt":"2026-01-30T11:29:42","slug":"air-jordan-1-high-grey-blue","status":"publish","type":"product","link":"https:\/\/nextsnkr.com\/et\/toode\/air-jordan-1-high-grey-blue\/","title":{"rendered":"Air Jordan 1 High Grey Blue ehtsast nahast tossud"},"content":{"rendered":"<h2>Air Jordan 1 High Grey Blue ehtsast nahast tossud<\/h2>\n<p>Air Jordan 1 High Grey Blue tossud on valmistatud Vietnamis kvaliteetsest ehtsast nahast, \u00fchendades stiili, mugavuse ja vastupidavuse. Halli ja sinise harmooniline kombinatsioon lisab igale v\u00e4limusele kaasaegse aktsendi ja mitmek\u00fclgsuse. Vastupidav tald tagab stabiilsuse ja mugavuse igap\u00e4evaseks kandmiseks ja aktiivseks liikumiseks. Air Jordan tossud eristuvad legendaarse disaini ja materjalide kvaliteedi poolest. Telli kohe ja r\u00f5huta oma stiili.<\/p>\n","protected":false},"excerpt":{"rendered":"<p>Air Jordan 1 High Grey Blue tossud on valmistatud Vietnamis kvaliteetsest ehtsast nahast, \u00fchendades stiili, mugavuse ja vastupidavuse. Halli ja sinise harmooniline kombinatsioon lisab igale v\u00e4limusele kaasaegse aktsendi ja mitmek\u00fclgsuse. Vastupidav tald tagab stabiilsuse ja mugavuse igap\u00e4evaseks kandmiseks ja aktiivseks liikumiseks. Air Jordan tossud eristuvad legendaarse disaini ja materjalide kvaliteedi poolest. Telli kohe ja r\u00f5huta oma stiili.<\/p>\n","protected":false},"featured_media":625141,"comment_status":"open","ping_status":"open","template":"","meta":[],"product_brand":[],"product_cat":[3382,3186,3317],"product_tag":[],"class_list":{"0":"post-625140","1":"product","2":"type-product","3":"status-publish","4":"has-post-thumbnail","6":"product_cat-nike-jordan","7":"product_cat-all-product","8":"product_cat-kedy","9":"pa_rozmir-910","10":"pa_rozmir-912","11":"pa_rozmir-914","12":"pa_rozmir-915","13":"pa_rozmir-916","14":"pa_rozmir-917","15":"pa_rozmir-918","16":"pa_rozmir-919","17":"pa_rozmir-920","18":"pa_rozmir-921","19":"pa_rozmir-922","21":"first","22":"onbackorder","23":"purchasable","24":"product-type-variable"},"_links":{"self":[{"href":"https:\/\/nextsnkr.com\/et\/wp-json\/wp\/v2\/product\/625140","targetHints":{"allow":["GET"]}}],"collection":[{"href":"https:\/\/nextsnkr.com\/et\/wp-json\/wp\/v2\/product"}],"about":[{"href":"https:\/\/nextsnkr.com\/et\/wp-json\/wp\/v2\/types\/product"}],"replies":[{"embeddable":true,"href":"https:\/\/nextsnkr.com\/et\/wp-json\/wp\/v2\/comments?post=625140"}],"version-history":[{"count":0,"href":"https:\/\/nextsnkr.com\/et\/wp-json\/wp\/v2\/product\/625140\/revisions"}],"wp:featuredmedia":[{"embeddable":true,"href":"https:\/\/nextsnkr.com\/et\/wp-json\/wp\/v2\/media\/625141"}],"wp:attachment":[{"href":"https:\/\/nextsnkr.com\/et\/wp-json\/wp\/v2\/media?parent=625140"}],"wp:term":[{"taxonomy":"product_brand","embeddable":true,"href":"https:\/\/nextsnkr.com\/et\/wp-json\/wp\/v2\/product_brand?post=625140"},{"taxonomy":"product_cat","embeddable":true,"href":"https:\/\/nextsnkr.com\/et\/wp-json\/wp\/v2\/product_cat?post=625140"},{"taxonomy":"product_tag","embeddable":true,"href":"https:\/\/nextsnkr.com\/et\/wp-json\/wp\/v2\/product_tag?post=625140"}],"curies":[{"name":"wp","href":"https:\/\/api.w.org\/{rel}","templated":true}]}}