{"id":624971,"date":"2025-06-13T09:06:38","date_gmt":"2025-06-13T06:06:38","guid":{"rendered":"https:\/\/nextsnkr.com\/product\/noname-boots\/"},"modified":"2026-01-30T14:29:38","modified_gmt":"2026-01-30T11:29:38","slug":"noname-boots","status":"publish","type":"product","link":"https:\/\/nextsnkr.com\/et\/toode\/noname-boots\/","title":{"rendered":"Noname Saapad \u00f6ko-nahast ja fliisist mugavuse tagamiseks"},"content":{"rendered":"<h2>Noname Saapad \u00f6ko-nahast ja fliisist mugavuse tagamiseks<\/h2>\n<p>Noname Boots on valmistatud kvaliteetsest \u00f6ko-nahast ja pehmest fliisist, mis tagab soojuse ja mugavuse k\u00fclmal aastaajal. Kerged ja mugavad, sobivad ideaalselt igap\u00e4evaseks kandmiseks, jalutamiseks ja v\u00e4litegevuseks. Mitmek\u00fclgne disain muudab saapad sobivaks igale v\u00e4limusele ning kvaliteetsed materjalid tagavad vastupidavuse ja kulumiskindluse. Telli kohe ja lisage oma garderoobi mugavust ja stiili.<\/p>\n","protected":false},"excerpt":{"rendered":"<p>Noname Boots on valmistatud kvaliteetsest \u00f6ko-nahast ja pehmest fliisist, mis tagab soojuse ja mugavuse k\u00fclmal aastaajal. Kerged ja mugavad, sobivad ideaalselt igap\u00e4evaseks kandmiseks, jalutamiseks ja v\u00e4litegevuseks. Mitmek\u00fclgne disain muudab saapad sobivaks igale v\u00e4limusele ning kvaliteetsed materjalid tagavad vastupidavuse ja kulumiskindluse. Telli kohe ja lisage oma garderoobi mugavust ja stiili.<\/p>\n","protected":false},"featured_media":624972,"comment_status":"open","ping_status":"open","template":"","meta":[],"product_brand":[],"product_cat":[3186,3330],"product_tag":[],"class_list":{"0":"post-624971","1":"product","2":"type-product","3":"status-publish","4":"has-post-thumbnail","6":"product_cat-all-product","7":"product_cat-cherevyky","8":"pa_rozmir-910","9":"pa_rozmir-912","10":"pa_rozmir-914","11":"pa_rozmir-915","12":"pa_rozmir-916","13":"pa_rozmir-917","14":"pa_rozmir-918","15":"pa_rozmir-919","16":"pa_rozmir-920","17":"pa_rozmir-921","18":"pa_rozmir-922","20":"first","21":"instock","22":"purchasable","23":"product-type-variable"},"_links":{"self":[{"href":"https:\/\/nextsnkr.com\/et\/wp-json\/wp\/v2\/product\/624971","targetHints":{"allow":["GET"]}}],"collection":[{"href":"https:\/\/nextsnkr.com\/et\/wp-json\/wp\/v2\/product"}],"about":[{"href":"https:\/\/nextsnkr.com\/et\/wp-json\/wp\/v2\/types\/product"}],"replies":[{"embeddable":true,"href":"https:\/\/nextsnkr.com\/et\/wp-json\/wp\/v2\/comments?post=624971"}],"version-history":[{"count":0,"href":"https:\/\/nextsnkr.com\/et\/wp-json\/wp\/v2\/product\/624971\/revisions"}],"wp:featuredmedia":[{"embeddable":true,"href":"https:\/\/nextsnkr.com\/et\/wp-json\/wp\/v2\/media\/624972"}],"wp:attachment":[{"href":"https:\/\/nextsnkr.com\/et\/wp-json\/wp\/v2\/media?parent=624971"}],"wp:term":[{"taxonomy":"product_brand","embeddable":true,"href":"https:\/\/nextsnkr.com\/et\/wp-json\/wp\/v2\/product_brand?post=624971"},{"taxonomy":"product_cat","embeddable":true,"href":"https:\/\/nextsnkr.com\/et\/wp-json\/wp\/v2\/product_cat?post=624971"},{"taxonomy":"product_tag","embeddable":true,"href":"https:\/\/nextsnkr.com\/et\/wp-json\/wp\/v2\/product_tag?post=624971"}],"curies":[{"name":"wp","href":"https:\/\/api.w.org\/{rel}","templated":true}]}}