{"id":623107,"date":"2025-06-13T09:11:52","date_gmt":"2025-06-13T06:11:52","guid":{"rendered":"https:\/\/nextsnkr.com\/product\/new-balance-grey\/"},"modified":"2026-01-30T14:28:30","modified_gmt":"2026-01-30T11:28:30","slug":"new-balance-grey","status":"publish","type":"product","link":"https:\/\/nextsnkr.com\/et\/toode\/new-balance-grey\/","title":{"rendered":"New Balance Grey nahast tossud igap\u00e4evaseks mugavuseks"},"content":{"rendered":"<h2>New Balance Grey nahast tossud igap\u00e4evaseks mugavuseks<\/h2>\n<p>New Balance Grey tossud on valmistatud kvaliteetsest nahast, mis tagab vastupidavuse, mugavuse ja stiilse v\u00e4limuse. Klassikaline hall muudab need mitmek\u00fclgseks igas garderoobis ning vastupidav tald tagab stabiilsuse k\u00f5ndimisel ja aktiivsel liikumisel. Kerged ja mugavad, sobivad ideaalselt igap\u00e4evaseks kandmiseks ja jalutamiseks. New Balance &#8216; i kaubam\u00e4rk kinnitab kingade usaldusv\u00e4\u00e4rsust ja k\u00f5rget kvaliteeti.<\/p>\n","protected":false},"excerpt":{"rendered":"<p>New Balance Grey tossud on valmistatud kvaliteetsest nahast, mis tagab vastupidavuse, mugavuse ja stiilse v\u00e4limuse. Klassikaline hall muudab need mitmek\u00fclgseks igas garderoobis ning vastupidav tald tagab stabiilsuse k\u00f5ndimisel ja aktiivsel liikumisel. Kerged ja mugavad, sobivad ideaalselt igap\u00e4evaseks kandmiseks ja jalutamiseks. New Balance &#8216; i kaubam\u00e4rk kinnitab kingade usaldusv\u00e4\u00e4rsust ja k\u00f5rget kvaliteeti.<\/p>\n","protected":false},"featured_media":623108,"comment_status":"open","ping_status":"open","template":"","meta":[],"product_brand":[],"product_cat":[3186,3187],"product_tag":[],"class_list":{"0":"post-623107","1":"product","2":"type-product","3":"status-publish","4":"has-post-thumbnail","6":"product_cat-all-product","7":"product_cat-krosivky","8":"pa_rozmir-910","9":"pa_rozmir-912","10":"pa_rozmir-914","11":"pa_rozmir-915","12":"pa_rozmir-916","13":"pa_rozmir-917","14":"pa_rozmir-918","15":"pa_rozmir-919","16":"pa_rozmir-920","17":"pa_rozmir-921","18":"pa_rozmir-922","20":"first","21":"instock","22":"purchasable","23":"product-type-variable"},"_links":{"self":[{"href":"https:\/\/nextsnkr.com\/et\/wp-json\/wp\/v2\/product\/623107","targetHints":{"allow":["GET"]}}],"collection":[{"href":"https:\/\/nextsnkr.com\/et\/wp-json\/wp\/v2\/product"}],"about":[{"href":"https:\/\/nextsnkr.com\/et\/wp-json\/wp\/v2\/types\/product"}],"replies":[{"embeddable":true,"href":"https:\/\/nextsnkr.com\/et\/wp-json\/wp\/v2\/comments?post=623107"}],"version-history":[{"count":0,"href":"https:\/\/nextsnkr.com\/et\/wp-json\/wp\/v2\/product\/623107\/revisions"}],"wp:featuredmedia":[{"embeddable":true,"href":"https:\/\/nextsnkr.com\/et\/wp-json\/wp\/v2\/media\/623108"}],"wp:attachment":[{"href":"https:\/\/nextsnkr.com\/et\/wp-json\/wp\/v2\/media?parent=623107"}],"wp:term":[{"taxonomy":"product_brand","embeddable":true,"href":"https:\/\/nextsnkr.com\/et\/wp-json\/wp\/v2\/product_brand?post=623107"},{"taxonomy":"product_cat","embeddable":true,"href":"https:\/\/nextsnkr.com\/et\/wp-json\/wp\/v2\/product_cat?post=623107"},{"taxonomy":"product_tag","embeddable":true,"href":"https:\/\/nextsnkr.com\/et\/wp-json\/wp\/v2\/product_tag?post=623107"}],"curies":[{"name":"wp","href":"https:\/\/api.w.org\/{rel}","templated":true}]}}