{"id":621475,"date":"2025-06-13T09:15:01","date_gmt":"2025-06-13T06:15:01","guid":{"rendered":"https:\/\/nextsnkr.com\/product\/new-balance-x-72-multicolor\/"},"modified":"2026-01-30T14:27:13","modified_gmt":"2026-01-30T11:27:13","slug":"new-balance-x-72-multicolor","status":"publish","type":"product","link":"https:\/\/nextsnkr.com\/et\/toode\/new-balance-x-72-multicolor\/","title":{"rendered":"New Balance x-72 Multicolor tekstiili-ja seemisnahast tossud"},"content":{"rendered":"<h2>New Balance x-72 Multicolor tekstiili-ja seemisnahast tossud<\/h2>\n<p>New Balance x \u2014 72 Multicolor tossud \u00fchendavad stiilse disaini ja mugavuse t\u00e4nu kvaliteetsetele materjalidele-tekstiilile ja seemisnahale. Kerged ja hingavad, pakuvad mugavust igap\u00e4evaseks kandmiseks ja aktiivseks liikumiseks. Elav mitmev\u00e4rviline kaunistus r\u00f5hutab individuaalsust ja kaasaegset stiili. Tugev tald tagab jala stabiilsuse ja toe ning New Balance &#8216; i kaubam\u00e4rk kinnitab jalatsite t\u00f6\u00f6kindlust ja k\u00f5rget kvaliteeti. Ideaalne sportimiseks ja igap\u00e4evaseks kasutamiseks.<\/p>\n","protected":false},"excerpt":{"rendered":"<p>New Balance x \u2014 72 Multicolor tossud \u00fchendavad stiilse disaini ja mugavuse t\u00e4nu kvaliteetsetele materjalidele-tekstiilile ja seemisnahale. Kerged ja hingavad, pakuvad mugavust igap\u00e4evaseks kandmiseks ja aktiivseks liikumiseks. Elav mitmev\u00e4rviline kaunistus r\u00f5hutab individuaalsust ja kaasaegset stiili. Tugev tald tagab jala stabiilsuse ja toe ning New Balance &#8216; i kaubam\u00e4rk kinnitab jalatsite t\u00f6\u00f6kindlust ja k\u00f5rget kvaliteeti. Ideaalne sportimiseks ja igap\u00e4evaseks kasutamiseks.<\/p>\n","protected":false},"featured_media":621476,"comment_status":"open","ping_status":"open","template":"","meta":[],"product_brand":[],"product_cat":[3186,3187],"product_tag":[],"class_list":{"0":"post-621475","1":"product","2":"type-product","3":"status-publish","4":"has-post-thumbnail","6":"product_cat-all-product","7":"product_cat-krosivky","8":"pa_rozmir-910","9":"pa_rozmir-912","10":"pa_rozmir-914","11":"pa_rozmir-915","12":"pa_rozmir-916","13":"pa_rozmir-917","14":"pa_rozmir-918","15":"pa_rozmir-919","16":"pa_rozmir-920","17":"pa_rozmir-921","18":"pa_rozmir-922","20":"first","21":"onbackorder","22":"purchasable","23":"product-type-variable"},"_links":{"self":[{"href":"https:\/\/nextsnkr.com\/et\/wp-json\/wp\/v2\/product\/621475","targetHints":{"allow":["GET"]}}],"collection":[{"href":"https:\/\/nextsnkr.com\/et\/wp-json\/wp\/v2\/product"}],"about":[{"href":"https:\/\/nextsnkr.com\/et\/wp-json\/wp\/v2\/types\/product"}],"replies":[{"embeddable":true,"href":"https:\/\/nextsnkr.com\/et\/wp-json\/wp\/v2\/comments?post=621475"}],"version-history":[{"count":0,"href":"https:\/\/nextsnkr.com\/et\/wp-json\/wp\/v2\/product\/621475\/revisions"}],"wp:featuredmedia":[{"embeddable":true,"href":"https:\/\/nextsnkr.com\/et\/wp-json\/wp\/v2\/media\/621476"}],"wp:attachment":[{"href":"https:\/\/nextsnkr.com\/et\/wp-json\/wp\/v2\/media?parent=621475"}],"wp:term":[{"taxonomy":"product_brand","embeddable":true,"href":"https:\/\/nextsnkr.com\/et\/wp-json\/wp\/v2\/product_brand?post=621475"},{"taxonomy":"product_cat","embeddable":true,"href":"https:\/\/nextsnkr.com\/et\/wp-json\/wp\/v2\/product_cat?post=621475"},{"taxonomy":"product_tag","embeddable":true,"href":"https:\/\/nextsnkr.com\/et\/wp-json\/wp\/v2\/product_tag?post=621475"}],"curies":[{"name":"wp","href":"https:\/\/api.w.org\/{rel}","templated":true}]}}