{"id":621135,"date":"2025-06-17T22:07:07","date_gmt":"2025-06-17T19:07:07","guid":{"rendered":"https:\/\/nextsnkr.com\/product\/adidas-yeezy-500-blush\/"},"modified":"2026-01-30T14:27:04","modified_gmt":"2026-01-30T11:27:04","slug":"adidas-yeezy-500-blush","status":"publish","type":"product","link":"https:\/\/nextsnkr.com\/et\/toode\/adidas-yeezy-500-blush\/","title":{"rendered":"Adidas Yeezy 500 Blush tossud-nubuk ja tekstiilv\u00f5rk"},"content":{"rendered":"<h2>Adidas Yeezy 500 Blush tossud-nubuk ja tekstiilv\u00f5rk<\/h2>\n<p>Adidas Yeezy 500 Blush tossud \u00fchendavad mugavuse ja vastupidavuse tagamiseks nubuki ja hingava tekstiilv\u00f5rgu. Pehme polsterdatud tald tagab iga sammu kerguse ja stiilne bee\u017e varjund muudab mudeli mitmek\u00fclgseks iga v\u00e4limuse jaoks. Vietnamis toodetud Adidas Yeezy 500 tossud sobivad ideaalselt aktiivseks igap\u00e4evaseks kandmiseks, \u00fchendades esmaklassilise kvaliteedi, kaasaegse disaini ja linnaelu mugavuse.<\/p>\n","protected":false},"excerpt":{"rendered":"<p>Adidas Yeezy 500 Blush tossud \u00fchendavad mugavuse ja vastupidavuse tagamiseks nubuki ja hingava tekstiilv\u00f5rgu. Pehme polsterdatud tald tagab iga sammu kerguse ja stiilne bee\u017e varjund muudab mudeli mitmek\u00fclgseks iga v\u00e4limuse jaoks. Vietnamis toodetud Adidas Yeezy 500 tossud sobivad ideaalselt aktiivseks igap\u00e4evaseks kandmiseks, \u00fchendades esmaklassilise kvaliteedi, kaasaegse disaini ja linnaelu mugavuse.<\/p>\n","protected":false},"featured_media":621136,"comment_status":"open","ping_status":"open","template":"","meta":[],"product_brand":[],"product_cat":[3395,3186,3187],"product_tag":[],"class_list":{"0":"post-621135","1":"product","2":"type-product","3":"status-publish","4":"has-post-thumbnail","6":"product_cat-adidas-yeezy","7":"product_cat-all-product","8":"product_cat-krosivky","9":"pa_rozmir-910","10":"pa_rozmir-912","11":"pa_rozmir-914","12":"pa_rozmir-915","13":"pa_rozmir-916","14":"pa_rozmir-917","15":"pa_rozmir-918","16":"pa_rozmir-919","17":"pa_rozmir-920","18":"pa_rozmir-921","19":"pa_rozmir-922","21":"first","22":"onbackorder","23":"purchasable","24":"product-type-variable"},"_links":{"self":[{"href":"https:\/\/nextsnkr.com\/et\/wp-json\/wp\/v2\/product\/621135","targetHints":{"allow":["GET"]}}],"collection":[{"href":"https:\/\/nextsnkr.com\/et\/wp-json\/wp\/v2\/product"}],"about":[{"href":"https:\/\/nextsnkr.com\/et\/wp-json\/wp\/v2\/types\/product"}],"replies":[{"embeddable":true,"href":"https:\/\/nextsnkr.com\/et\/wp-json\/wp\/v2\/comments?post=621135"}],"version-history":[{"count":0,"href":"https:\/\/nextsnkr.com\/et\/wp-json\/wp\/v2\/product\/621135\/revisions"}],"wp:featuredmedia":[{"embeddable":true,"href":"https:\/\/nextsnkr.com\/et\/wp-json\/wp\/v2\/media\/621136"}],"wp:attachment":[{"href":"https:\/\/nextsnkr.com\/et\/wp-json\/wp\/v2\/media?parent=621135"}],"wp:term":[{"taxonomy":"product_brand","embeddable":true,"href":"https:\/\/nextsnkr.com\/et\/wp-json\/wp\/v2\/product_brand?post=621135"},{"taxonomy":"product_cat","embeddable":true,"href":"https:\/\/nextsnkr.com\/et\/wp-json\/wp\/v2\/product_cat?post=621135"},{"taxonomy":"product_tag","embeddable":true,"href":"https:\/\/nextsnkr.com\/et\/wp-json\/wp\/v2\/product_tag?post=621135"}],"curies":[{"name":"wp","href":"https:\/\/api.w.org\/{rel}","templated":true}]}}