{"id":618578,"date":"2025-06-17T22:20:03","date_gmt":"2025-06-17T19:20:03","guid":{"rendered":"https:\/\/nextsnkr.com\/product\/nike-air-max-plus-utility-black-metallic-silver\/"},"modified":"2026-01-30T14:25:24","modified_gmt":"2026-01-30T11:25:24","slug":"nike-air-max-plus-utility-black-metallic-silver","status":"publish","type":"product","link":"https:\/\/nextsnkr.com\/et\/toode\/nike-air-max-plus-utility-black-metallic-silver\/","title":{"rendered":"Nike Air Max Plus Utility Black Metallic Silver tossud-nahk ja Tekstiil"},"content":{"rendered":"<h2>Nike Air Max Plus Utility Black Metallic Silver tossud-nahk ja Tekstiil<\/h2>\n<p>Nike Air Max Plus Utility Black Metallic Silver on stiilsed tossud, mis on valmistatud kvaliteetsest nahast ja tekstiilist, \u00fchendades mugavuse, vastupidavuse ja kaasaegse disaini. Metallist h\u00f5bedase varjundiga must muudab mudeli mitmek\u00fclgseks ja k\u00f6idab t\u00e4helepanu. Tehases Vietnamis toodetud tossudel on tugev tald, Air Maxi pehmenduss\u00fcsteem ja mugav jala istuvus. Ideaalne valik aktiivseks elustiiliks, jalutamiseks ja stiilse v\u00e4limuse loomiseks Nike kaubam\u00e4rgi mugavuse ja esmaklassilise kvaliteediga.<\/p>\n","protected":false},"excerpt":{"rendered":"<p>Nike Air Max Plus Utility Black Metallic Silver on stiilsed tossud, mis on valmistatud kvaliteetsest nahast ja tekstiilist, \u00fchendades mugavuse, vastupidavuse ja kaasaegse disaini. Metallist h\u00f5bedase varjundiga must muudab mudeli mitmek\u00fclgseks ja k\u00f6idab t\u00e4helepanu. Tehases Vietnamis toodetud tossudel on tugev tald, Air Maxi pehmenduss\u00fcsteem ja mugav jala istuvus. Ideaalne valik aktiivseks elustiiliks, jalutamiseks ja stiilse v\u00e4limuse loomiseks Nike kaubam\u00e4rgi mugavuse ja esmaklassilise kvaliteediga.<\/p>\n","protected":false},"featured_media":618579,"comment_status":"open","ping_status":"open","template":"","meta":[],"product_brand":[],"product_cat":[3186,3187],"product_tag":[],"class_list":{"0":"post-618578","1":"product","2":"type-product","3":"status-publish","4":"has-post-thumbnail","6":"product_cat-all-product","7":"product_cat-krosivky","8":"pa_rozmir-910","9":"pa_rozmir-912","10":"pa_rozmir-914","11":"pa_rozmir-915","12":"pa_rozmir-916","13":"pa_rozmir-917","14":"pa_rozmir-918","15":"pa_rozmir-919","16":"pa_rozmir-920","17":"pa_rozmir-921","18":"pa_rozmir-922","20":"first","21":"onbackorder","22":"purchasable","23":"product-type-variable"},"_links":{"self":[{"href":"https:\/\/nextsnkr.com\/et\/wp-json\/wp\/v2\/product\/618578","targetHints":{"allow":["GET"]}}],"collection":[{"href":"https:\/\/nextsnkr.com\/et\/wp-json\/wp\/v2\/product"}],"about":[{"href":"https:\/\/nextsnkr.com\/et\/wp-json\/wp\/v2\/types\/product"}],"replies":[{"embeddable":true,"href":"https:\/\/nextsnkr.com\/et\/wp-json\/wp\/v2\/comments?post=618578"}],"version-history":[{"count":0,"href":"https:\/\/nextsnkr.com\/et\/wp-json\/wp\/v2\/product\/618578\/revisions"}],"wp:featuredmedia":[{"embeddable":true,"href":"https:\/\/nextsnkr.com\/et\/wp-json\/wp\/v2\/media\/618579"}],"wp:attachment":[{"href":"https:\/\/nextsnkr.com\/et\/wp-json\/wp\/v2\/media?parent=618578"}],"wp:term":[{"taxonomy":"product_brand","embeddable":true,"href":"https:\/\/nextsnkr.com\/et\/wp-json\/wp\/v2\/product_brand?post=618578"},{"taxonomy":"product_cat","embeddable":true,"href":"https:\/\/nextsnkr.com\/et\/wp-json\/wp\/v2\/product_cat?post=618578"},{"taxonomy":"product_tag","embeddable":true,"href":"https:\/\/nextsnkr.com\/et\/wp-json\/wp\/v2\/product_tag?post=618578"}],"curies":[{"name":"wp","href":"https:\/\/api.w.org\/{rel}","templated":true}]}}