{"id":617224,"date":"2025-06-17T22:26:59","date_gmt":"2025-06-17T19:26:59","guid":{"rendered":"https:\/\/nextsnkr.com\/product\/nike-air-max-plus-black-double-swoosh\/"},"modified":"2026-01-30T14:24:25","modified_gmt":"2026-01-30T11:24:25","slug":"nike-air-max-plus-black-double-swoosh","status":"publish","type":"product","link":"https:\/\/nextsnkr.com\/et\/toode\/nike-air-max-plus-black-double-swoosh\/","title":{"rendered":"Nike Air Max Plus Black Double Swoosh tossud-nahk ja Tekstiil"},"content":{"rendered":"<h2>Nike Air Max Plus Black Double Swoosh tossud-nahk ja Tekstiil<\/h2>\n<p>Nike Air Max Plus Black Double Swoosh tossud \u00fchendavad ehtsa naha ja tekstiili, pakkudes mugavust, vastupidavust ja stiilset v\u00e4limust. T\u00e4iendav topelt swooshi logo r\u00f5hutab ainulaadset disaini ja muudab mudeli n\u00e4htavaks igas v\u00e4limuses. Vastupidav tald, millel on polsterdusefekt, tagab mugavuse igap\u00e4evaseks kandmiseks ja Vietnami tootmine kinnitab Nike kaubam\u00e4rgi k\u00f5rget kvaliteeti. Ideaalne linnastiili ja aktiivse elustiili jaoks, need tossud \u00fchendavad stiili, mugavuse ja praktilisuse.<\/p>\n","protected":false},"excerpt":{"rendered":"<p>Nike Air Max Plus Black Double Swoosh tossud \u00fchendavad ehtsa naha ja tekstiili, pakkudes mugavust, vastupidavust ja stiilset v\u00e4limust. T\u00e4iendav topelt swooshi logo r\u00f5hutab ainulaadset disaini ja muudab mudeli n\u00e4htavaks igas v\u00e4limuses. Vastupidav tald, millel on polsterdusefekt, tagab mugavuse igap\u00e4evaseks kandmiseks ja Vietnami tootmine kinnitab Nike kaubam\u00e4rgi k\u00f5rget kvaliteeti. Ideaalne linnastiili ja aktiivse elustiili jaoks, need tossud \u00fchendavad stiili, mugavuse ja praktilisuse.<\/p>\n","protected":false},"featured_media":617225,"comment_status":"open","ping_status":"open","template":"","meta":[],"product_brand":[],"product_cat":[3186,3187],"product_tag":[],"class_list":{"0":"post-617224","1":"product","2":"type-product","3":"status-publish","4":"has-post-thumbnail","6":"product_cat-all-product","7":"product_cat-krosivky","8":"pa_rozmir-910","9":"pa_rozmir-912","10":"pa_rozmir-914","11":"pa_rozmir-915","12":"pa_rozmir-916","13":"pa_rozmir-917","14":"pa_rozmir-918","15":"pa_rozmir-919","16":"pa_rozmir-920","17":"pa_rozmir-921","18":"pa_rozmir-922","20":"first","21":"onbackorder","22":"purchasable","23":"product-type-variable"},"_links":{"self":[{"href":"https:\/\/nextsnkr.com\/et\/wp-json\/wp\/v2\/product\/617224","targetHints":{"allow":["GET"]}}],"collection":[{"href":"https:\/\/nextsnkr.com\/et\/wp-json\/wp\/v2\/product"}],"about":[{"href":"https:\/\/nextsnkr.com\/et\/wp-json\/wp\/v2\/types\/product"}],"replies":[{"embeddable":true,"href":"https:\/\/nextsnkr.com\/et\/wp-json\/wp\/v2\/comments?post=617224"}],"version-history":[{"count":0,"href":"https:\/\/nextsnkr.com\/et\/wp-json\/wp\/v2\/product\/617224\/revisions"}],"wp:featuredmedia":[{"embeddable":true,"href":"https:\/\/nextsnkr.com\/et\/wp-json\/wp\/v2\/media\/617225"}],"wp:attachment":[{"href":"https:\/\/nextsnkr.com\/et\/wp-json\/wp\/v2\/media?parent=617224"}],"wp:term":[{"taxonomy":"product_brand","embeddable":true,"href":"https:\/\/nextsnkr.com\/et\/wp-json\/wp\/v2\/product_brand?post=617224"},{"taxonomy":"product_cat","embeddable":true,"href":"https:\/\/nextsnkr.com\/et\/wp-json\/wp\/v2\/product_cat?post=617224"},{"taxonomy":"product_tag","embeddable":true,"href":"https:\/\/nextsnkr.com\/et\/wp-json\/wp\/v2\/product_tag?post=617224"}],"curies":[{"name":"wp","href":"https:\/\/api.w.org\/{rel}","templated":true}]}}