{"id":615189,"date":"2025-06-17T22:53:27","date_gmt":"2025-06-17T19:53:27","guid":{"rendered":"https:\/\/nextsnkr.com\/product\/zhenskoe-bele-calvin-klein-grey\/"},"modified":"2026-01-30T14:22:52","modified_gmt":"2026-01-30T11:22:52","slug":"zhenskoe-bele-calvin-klein-grey","status":"publish","type":"product","link":"https:\/\/nextsnkr.com\/et\/toode\/zhenskoe-bele-calvin-klein-grey\/","title":{"rendered":"Calvin Klein Grey Naistepesu-mugav puuvillast ja spandexist"},"content":{"rendered":"<h2>Calvin Klein Grey Naistepesu-mugav puuvillast ja spandexist<\/h2>\n<p>Calvin Klein Grey Naistepesu on valmistatud kvaliteetsest puuvillast ja spandexist (95% puuvill, 5% spandex), mis tagab mugavuse, elastsuse ja suurep\u00e4rase istuvuse. Mudel sobib igap\u00e4evaseks kandmiseks, annab kerguse ja toetuse tunde. Stiilne Hall v\u00e4rv ja tuntud Calvin Kleini kaubam\u00e4rk muudavad pesu elegantseks ja mitmek\u00fclgseks igas garderoobis. Tootja-Egiptus. Valige Calvin Klein Grey mugavuse, kvaliteedi ja kaasaegse disaini jaoks.<\/p>\n","protected":false},"excerpt":{"rendered":"<p>Calvin Klein Grey Naistepesu on valmistatud kvaliteetsest puuvillast ja spandexist (95% puuvill, 5% spandex), mis tagab mugavuse, elastsuse ja suurep\u00e4rase istuvuse. Mudel sobib igap\u00e4evaseks kandmiseks, annab kerguse ja toetuse tunde. Stiilne Hall v\u00e4rv ja tuntud Calvin Kleini kaubam\u00e4rk muudavad pesu elegantseks ja mitmek\u00fclgseks igas garderoobis. Tootja-Egiptus. Valige Calvin Klein Grey mugavuse, kvaliteedi ja kaasaegse disaini jaoks.<\/p>\n","protected":false},"featured_media":615190,"comment_status":"open","ping_status":"open","template":"","meta":[],"product_brand":[],"product_cat":[3186],"product_tag":[],"class_list":{"0":"post-615189","1":"product","2":"type-product","3":"status-publish","4":"has-post-thumbnail","6":"product_cat-all-product","7":"pa_rozmir-s","8":"pa_rozmir-m","9":"pa_rozmir-l","10":"pa_rozmir-xl","11":"pa_rozmir-xxl","13":"first","14":"onbackorder","15":"purchasable","16":"product-type-variable"},"_links":{"self":[{"href":"https:\/\/nextsnkr.com\/et\/wp-json\/wp\/v2\/product\/615189","targetHints":{"allow":["GET"]}}],"collection":[{"href":"https:\/\/nextsnkr.com\/et\/wp-json\/wp\/v2\/product"}],"about":[{"href":"https:\/\/nextsnkr.com\/et\/wp-json\/wp\/v2\/types\/product"}],"replies":[{"embeddable":true,"href":"https:\/\/nextsnkr.com\/et\/wp-json\/wp\/v2\/comments?post=615189"}],"version-history":[{"count":0,"href":"https:\/\/nextsnkr.com\/et\/wp-json\/wp\/v2\/product\/615189\/revisions"}],"wp:featuredmedia":[{"embeddable":true,"href":"https:\/\/nextsnkr.com\/et\/wp-json\/wp\/v2\/media\/615190"}],"wp:attachment":[{"href":"https:\/\/nextsnkr.com\/et\/wp-json\/wp\/v2\/media?parent=615189"}],"wp:term":[{"taxonomy":"product_brand","embeddable":true,"href":"https:\/\/nextsnkr.com\/et\/wp-json\/wp\/v2\/product_brand?post=615189"},{"taxonomy":"product_cat","embeddable":true,"href":"https:\/\/nextsnkr.com\/et\/wp-json\/wp\/v2\/product_cat?post=615189"},{"taxonomy":"product_tag","embeddable":true,"href":"https:\/\/nextsnkr.com\/et\/wp-json\/wp\/v2\/product_tag?post=615189"}],"curies":[{"name":"wp","href":"https:\/\/api.w.org\/{rel}","templated":true}]}}