{"id":614587,"date":"2025-06-13T10:59:42","date_gmt":"2025-06-13T07:59:42","guid":{"rendered":"https:\/\/nextsnkr.com\/product\/air-force-1-mini-swoosh-lime-light-najk-svetytsia-v-temnote\/"},"modified":"2026-01-30T14:22:19","modified_gmt":"2026-01-30T11:22:19","slug":"air-force-1-mini-swoosh-lime-light-najk-svetytsia-v-temnote","status":"publish","type":"product","link":"https:\/\/nextsnkr.com\/et\/toode\/air-force-1-mini-swoosh-lime-light-najk-svetytsia-v-temnote\/","title":{"rendered":"Air Force 1 Mini Swoosh Lime Light tossud-nahast helendavad pimedas"},"content":{"rendered":"<h2>Air Force 1 Mini Swoosh Lime Light tossud-nahast helendavad pimedas<\/h2>\n<p>Nike kaubam\u00e4rgi Air Force 1 Mini Swoosh Lime Light tossud on valmistatud kvaliteetsest nahast ja neil on stiilne lubja varjund. Mudeli erip\u00e4ra on logo s\u00e4ra pimedas, mis lisab pildile heledust ja isikup\u00e4ra. Mugav istuvus ja usaldusv\u00e4\u00e4rne tald tagavad mugavuse igap\u00e4evaseks kandmiseks. Ideaalne valik neile, kes hindavad br\u00e4ndi, kvaliteeti, kaasaegset disaini ja silmatorkavat stiili.<\/p>\n","protected":false},"excerpt":{"rendered":"<p>Nike kaubam\u00e4rgi Air Force 1 Mini Swoosh Lime Light tossud on valmistatud kvaliteetsest nahast ja neil on stiilne lubja varjund. Mudeli erip\u00e4ra on logo s\u00e4ra pimedas, mis lisab pildile heledust ja isikup\u00e4ra. Mugav istuvus ja usaldusv\u00e4\u00e4rne tald tagavad mugavuse igap\u00e4evaseks kandmiseks. Ideaalne valik neile, kes hindavad br\u00e4ndi, kvaliteeti, kaasaegset disaini ja silmatorkavat stiili.<\/p>\n","protected":false},"featured_media":614588,"comment_status":"open","ping_status":"open","template":"","meta":[],"product_brand":[],"product_cat":[3186,3317],"product_tag":[],"class_list":{"0":"post-614587","1":"product","2":"type-product","3":"status-publish","4":"has-post-thumbnail","6":"product_cat-all-product","7":"product_cat-kedy","8":"pa_rozmir-910","9":"pa_rozmir-912","10":"pa_rozmir-914","11":"pa_rozmir-915","12":"pa_rozmir-916","13":"pa_rozmir-917","14":"pa_rozmir-918","15":"pa_rozmir-919","16":"pa_rozmir-920","17":"pa_rozmir-921","18":"pa_rozmir-922","20":"first","21":"onbackorder","22":"purchasable","23":"product-type-variable"},"_links":{"self":[{"href":"https:\/\/nextsnkr.com\/et\/wp-json\/wp\/v2\/product\/614587","targetHints":{"allow":["GET"]}}],"collection":[{"href":"https:\/\/nextsnkr.com\/et\/wp-json\/wp\/v2\/product"}],"about":[{"href":"https:\/\/nextsnkr.com\/et\/wp-json\/wp\/v2\/types\/product"}],"replies":[{"embeddable":true,"href":"https:\/\/nextsnkr.com\/et\/wp-json\/wp\/v2\/comments?post=614587"}],"version-history":[{"count":0,"href":"https:\/\/nextsnkr.com\/et\/wp-json\/wp\/v2\/product\/614587\/revisions"}],"wp:featuredmedia":[{"embeddable":true,"href":"https:\/\/nextsnkr.com\/et\/wp-json\/wp\/v2\/media\/614588"}],"wp:attachment":[{"href":"https:\/\/nextsnkr.com\/et\/wp-json\/wp\/v2\/media?parent=614587"}],"wp:term":[{"taxonomy":"product_brand","embeddable":true,"href":"https:\/\/nextsnkr.com\/et\/wp-json\/wp\/v2\/product_brand?post=614587"},{"taxonomy":"product_cat","embeddable":true,"href":"https:\/\/nextsnkr.com\/et\/wp-json\/wp\/v2\/product_cat?post=614587"},{"taxonomy":"product_tag","embeddable":true,"href":"https:\/\/nextsnkr.com\/et\/wp-json\/wp\/v2\/product_tag?post=614587"}],"curies":[{"name":"wp","href":"https:\/\/api.w.org\/{rel}","templated":true}]}}