{"id":613960,"date":"2025-06-18T18:44:31","date_gmt":"2025-06-18T15:44:31","guid":{"rendered":"https:\/\/nextsnkr.com\/product\/muzhskoe-bele-calvin-klein-blue\/"},"modified":"2026-01-30T14:21:46","modified_gmt":"2026-01-30T11:21:46","slug":"muzhskoe-bele-calvin-klein-blue","status":"publish","type":"product","link":"https:\/\/nextsnkr.com\/et\/toode\/muzhskoe-bele-calvin-klein-blue\/","title":{"rendered":"Calvin Klein Blue meeste aluspesu-Mugav Puuvill"},"content":{"rendered":"<h2>Calvin Klein Blue meeste aluspesu-Mugav Puuvill<\/h2>\n<p>Calvin Klein Blue meeste aluspesu on valmistatud kvaliteetsest puuvillast, millele on lisatud spandexi (95% \/ 5%), mis tagab kogu p\u00e4eva pehmuse, elastsuse ja mugavuse. Mudel on saadaval suurustes S, M, L, XL, XXL ja sobib igap\u00e4evaseks kasutamiseks. L\u00e4bim\u00f5eldud l\u00f5ige ja looduslikud materjalid tagavad suurep\u00e4rase istuvuse, mugavuse ja vastupidavuse. Ideaalne valik neile, kes hindavad Calvin Kleini kaubam\u00e4rgi stiili, mugavust ja esmaklassilist kvaliteeti.<\/p>\n","protected":false},"excerpt":{"rendered":"<p>Calvin Klein Blue meeste aluspesu on valmistatud kvaliteetsest puuvillast, millele on lisatud spandexi (95% \/ 5%), mis tagab kogu p\u00e4eva pehmuse, elastsuse ja mugavuse. Mudel on saadaval suurustes S, M, L, XL, XXL ja sobib igap\u00e4evaseks kasutamiseks. L\u00e4bim\u00f5eldud l\u00f5ige ja looduslikud materjalid tagavad suurep\u00e4rase istuvuse, mugavuse ja vastupidavuse. Ideaalne valik neile, kes hindavad Calvin Kleini kaubam\u00e4rgi stiili, mugavust ja esmaklassilist kvaliteeti.<\/p>\n","protected":false},"featured_media":613961,"comment_status":"open","ping_status":"open","template":"","meta":[],"product_brand":[],"product_cat":[3186,3521],"product_tag":[],"class_list":{"0":"post-613960","1":"product","2":"type-product","3":"status-publish","4":"has-post-thumbnail","6":"product_cat-all-product","7":"product_cat-cholovicha-bilyzna","8":"pa_rozmir-s","9":"pa_rozmir-m","10":"pa_rozmir-l","11":"pa_rozmir-xl","12":"pa_rozmir-xxl","14":"first","15":"onbackorder","16":"purchasable","17":"product-type-variable"},"_links":{"self":[{"href":"https:\/\/nextsnkr.com\/et\/wp-json\/wp\/v2\/product\/613960","targetHints":{"allow":["GET"]}}],"collection":[{"href":"https:\/\/nextsnkr.com\/et\/wp-json\/wp\/v2\/product"}],"about":[{"href":"https:\/\/nextsnkr.com\/et\/wp-json\/wp\/v2\/types\/product"}],"replies":[{"embeddable":true,"href":"https:\/\/nextsnkr.com\/et\/wp-json\/wp\/v2\/comments?post=613960"}],"version-history":[{"count":0,"href":"https:\/\/nextsnkr.com\/et\/wp-json\/wp\/v2\/product\/613960\/revisions"}],"wp:featuredmedia":[{"embeddable":true,"href":"https:\/\/nextsnkr.com\/et\/wp-json\/wp\/v2\/media\/613961"}],"wp:attachment":[{"href":"https:\/\/nextsnkr.com\/et\/wp-json\/wp\/v2\/media?parent=613960"}],"wp:term":[{"taxonomy":"product_brand","embeddable":true,"href":"https:\/\/nextsnkr.com\/et\/wp-json\/wp\/v2\/product_brand?post=613960"},{"taxonomy":"product_cat","embeddable":true,"href":"https:\/\/nextsnkr.com\/et\/wp-json\/wp\/v2\/product_cat?post=613960"},{"taxonomy":"product_tag","embeddable":true,"href":"https:\/\/nextsnkr.com\/et\/wp-json\/wp\/v2\/product_tag?post=613960"}],"curies":[{"name":"wp","href":"https:\/\/api.w.org\/{rel}","templated":true}]}}