{"id":613205,"date":"2025-06-14T20:17:33","date_gmt":"2025-06-14T17:17:33","guid":{"rendered":"https:\/\/nextsnkr.com\/product\/michael-kors-11\/"},"modified":"2026-01-30T14:21:00","modified_gmt":"2026-01-30T11:21:00","slug":"michael-kors-11","status":"publish","type":"product","link":"https:\/\/nextsnkr.com\/et\/toode\/michael-kors-11\/","title":{"rendered":"Michael Korsi kott Naiste must \u00f6ko-nahk"},"content":{"rendered":"<h2>Michael Korsi kott Naiste must \u00f6ko-nahk<\/h2>\n<p>Michael Korsi kott on stiilne ja praktiline aksessuaar igap\u00e4evaseks kasutamiseks. Valmistatud kvaliteetsest \u00f6konahast, \u00fchendab see elegantse v\u00e4limuse, vastupidavuse ja mugavuse kandmisel. Lakooniline disain sobib igale stiilile-alates juhuslikust kuni kontorini-ja kambrite l\u00e4bim\u00f5eldud sisemine paigutus tagab asjade mugava hoiustamise. See Michael Korsi kott on teie garderoobi usaldusv\u00e4\u00e4rne ja trendikas aktsent.<\/p>\n","protected":false},"excerpt":{"rendered":"<p>Michael Korsi kott on stiilne ja praktiline aksessuaar igap\u00e4evaseks kasutamiseks. Valmistatud kvaliteetsest \u00f6konahast, \u00fchendab see elegantse v\u00e4limuse, vastupidavuse ja mugavuse kandmisel. Lakooniline disain sobib igale stiilile-alates juhuslikust kuni kontorini-ja kambrite l\u00e4bim\u00f5eldud sisemine paigutus tagab asjade mugava hoiustamise. See Michael Korsi kott on teie garderoobi usaldusv\u00e4\u00e4rne ja trendikas aktsent.<\/p>\n","protected":false},"featured_media":613206,"comment_status":"open","ping_status":"open","template":"","meta":[],"product_brand":[],"product_cat":[3186,3474],"product_tag":[],"class_list":{"0":"post-613205","1":"product","2":"type-product","3":"status-publish","4":"has-post-thumbnail","6":"product_cat-all-product","7":"product_cat-sumky","8":"pa_rozmir-30kh26","10":"first","11":"instock","12":"purchasable","13":"product-type-simple"},"_links":{"self":[{"href":"https:\/\/nextsnkr.com\/et\/wp-json\/wp\/v2\/product\/613205","targetHints":{"allow":["GET"]}}],"collection":[{"href":"https:\/\/nextsnkr.com\/et\/wp-json\/wp\/v2\/product"}],"about":[{"href":"https:\/\/nextsnkr.com\/et\/wp-json\/wp\/v2\/types\/product"}],"replies":[{"embeddable":true,"href":"https:\/\/nextsnkr.com\/et\/wp-json\/wp\/v2\/comments?post=613205"}],"version-history":[{"count":0,"href":"https:\/\/nextsnkr.com\/et\/wp-json\/wp\/v2\/product\/613205\/revisions"}],"wp:featuredmedia":[{"embeddable":true,"href":"https:\/\/nextsnkr.com\/et\/wp-json\/wp\/v2\/media\/613206"}],"wp:attachment":[{"href":"https:\/\/nextsnkr.com\/et\/wp-json\/wp\/v2\/media?parent=613205"}],"wp:term":[{"taxonomy":"product_brand","embeddable":true,"href":"https:\/\/nextsnkr.com\/et\/wp-json\/wp\/v2\/product_brand?post=613205"},{"taxonomy":"product_cat","embeddable":true,"href":"https:\/\/nextsnkr.com\/et\/wp-json\/wp\/v2\/product_cat?post=613205"},{"taxonomy":"product_tag","embeddable":true,"href":"https:\/\/nextsnkr.com\/et\/wp-json\/wp\/v2\/product_tag?post=613205"}],"curies":[{"name":"wp","href":"https:\/\/api.w.org\/{rel}","templated":true}]}}