{"id":609621,"date":"2025-06-14T15:47:11","date_gmt":"2025-06-14T12:47:11","guid":{"rendered":"https:\/\/nextsnkr.com\/product\/dior-sandals-premium-beige\/"},"modified":"2026-01-30T14:18:49","modified_gmt":"2026-01-30T11:18:49","slug":"dior-sandals-premium-beige","status":"publish","type":"product","link":"https:\/\/nextsnkr.com\/et\/toode\/dior-sandals-premium-beige\/","title":{"rendered":"Dior Premium beige sandaalid-nahast naiste suvised sandaalid"},"content":{"rendered":"<h2>Dior Premium beige sandaalid-nahast naiste suvised sandaalid<\/h2>\n<p>Dior Premium beige sandaalid on elegantsed ja stiilsed k\u00f5rgekvaliteedilisest nahast suvejalatsid, mis on loodud mugavuse ja keeruka v\u00e4limuse tagamiseks. Mudelil on vastupidavus, mugav istuvus ja universaalne bee\u017e varjund, mida on lihtne kombineerida mis tahes suvise garderoobiga. Valmistatud Hiinas, need sandaalid pakuvad vastupidavust ja kergust kandmisel. Ideaalne valik naistele, kes hindavad esmaklassilist stiili ja mugavust iga p\u00e4ev.<\/p>\n","protected":false},"excerpt":{"rendered":"<p>Dior Premium beige sandaalid on elegantsed ja stiilsed k\u00f5rgekvaliteedilisest nahast suvejalatsid, mis on loodud mugavuse ja keeruka v\u00e4limuse tagamiseks. Mudelil on vastupidavus, mugav istuvus ja universaalne bee\u017e varjund, mida on lihtne kombineerida mis tahes suvise garderoobiga. Valmistatud Hiinas, need sandaalid pakuvad vastupidavust ja kergust kandmisel. Ideaalne valik naistele, kes hindavad esmaklassilist stiili ja mugavust iga p\u00e4ev.<\/p>\n","protected":false},"featured_media":609622,"comment_status":"open","ping_status":"open","template":"","meta":[],"product_brand":[],"product_cat":[3186,3446],"product_tag":[],"class_list":{"0":"post-609621","1":"product","2":"type-product","3":"status-publish","4":"has-post-thumbnail","6":"product_cat-all-product","7":"product_cat-sandali","8":"pa_rozmir-910","9":"pa_rozmir-912","10":"pa_rozmir-914","11":"pa_rozmir-915","12":"pa_rozmir-916","13":"pa_rozmir-917","14":"pa_rozmir-918","15":"pa_rozmir-919","16":"pa_rozmir-920","17":"pa_rozmir-921","18":"pa_rozmir-922","20":"first","21":"onbackorder","22":"purchasable","23":"product-type-variable"},"_links":{"self":[{"href":"https:\/\/nextsnkr.com\/et\/wp-json\/wp\/v2\/product\/609621","targetHints":{"allow":["GET"]}}],"collection":[{"href":"https:\/\/nextsnkr.com\/et\/wp-json\/wp\/v2\/product"}],"about":[{"href":"https:\/\/nextsnkr.com\/et\/wp-json\/wp\/v2\/types\/product"}],"replies":[{"embeddable":true,"href":"https:\/\/nextsnkr.com\/et\/wp-json\/wp\/v2\/comments?post=609621"}],"version-history":[{"count":0,"href":"https:\/\/nextsnkr.com\/et\/wp-json\/wp\/v2\/product\/609621\/revisions"}],"wp:featuredmedia":[{"embeddable":true,"href":"https:\/\/nextsnkr.com\/et\/wp-json\/wp\/v2\/media\/609622"}],"wp:attachment":[{"href":"https:\/\/nextsnkr.com\/et\/wp-json\/wp\/v2\/media?parent=609621"}],"wp:term":[{"taxonomy":"product_brand","embeddable":true,"href":"https:\/\/nextsnkr.com\/et\/wp-json\/wp\/v2\/product_brand?post=609621"},{"taxonomy":"product_cat","embeddable":true,"href":"https:\/\/nextsnkr.com\/et\/wp-json\/wp\/v2\/product_cat?post=609621"},{"taxonomy":"product_tag","embeddable":true,"href":"https:\/\/nextsnkr.com\/et\/wp-json\/wp\/v2\/product_tag?post=609621"}],"curies":[{"name":"wp","href":"https:\/\/api.w.org\/{rel}","templated":true}]}}