{"id":608160,"date":"2025-06-13T12:49:54","date_gmt":"2025-06-13T09:49:54","guid":{"rendered":"https:\/\/nextsnkr.com\/product\/ugg-mini-black-leather-no-logo\/"},"modified":"2026-01-30T14:17:47","modified_gmt":"2026-01-30T11:17:47","slug":"ugg-mini-black-leather-no-logo","status":"publish","type":"product","link":"https:\/\/nextsnkr.com\/et\/toode\/ugg-mini-black-leather-no-logo\/","title":{"rendered":"Uggs Ugg Mini Must Nahk Logo Naiste must nahk"},"content":{"rendered":"<h2>Uggs Ugg Mini Must Nahk Logo Naiste must nahk<\/h2>\n<p>UGG Mini Black Leather No Logo on stiilsed logodeta lumesaapad neile, kes hindavad minimalismi ja kvaliteeti. Valmistatud ehtsast nahast ja soojustatud pehme fliisiga, pakuvad need k\u00fclma ilmaga soojust, mugavust ja kaitset. Klassikaline must v\u00e4rv sobib kergesti mis tahes viisil. Hiinas toodetud need uggid on vastupidavad ja mugavad igap\u00e4evaseks linnakasutuseks. Ideaalne valik talveks.<\/p>\n","protected":false},"excerpt":{"rendered":"<p>UGG Mini Black Leather No Logo on stiilsed logodeta lumesaapad neile, kes hindavad minimalismi ja kvaliteeti. Valmistatud ehtsast nahast ja soojustatud pehme fliisiga, pakuvad need k\u00fclma ilmaga soojust, mugavust ja kaitset. Klassikaline must v\u00e4rv sobib kergesti mis tahes viisil. Hiinas toodetud need uggid on vastupidavad ja mugavad igap\u00e4evaseks linnakasutuseks. Ideaalne valik talveks.<\/p>\n","protected":false},"featured_media":608161,"comment_status":"open","ping_status":"open","template":"","meta":[],"product_brand":[],"product_cat":[3406,3186],"product_tag":[],"class_list":{"0":"post-608160","1":"product","2":"type-product","3":"status-publish","4":"has-post-thumbnail","6":"product_cat-ugg","7":"product_cat-all-product","8":"pa_rozmir-910","9":"pa_rozmir-912","10":"pa_rozmir-914","11":"pa_rozmir-915","12":"pa_rozmir-916","13":"pa_rozmir-917","14":"pa_rozmir-918","15":"pa_rozmir-919","16":"pa_rozmir-920","17":"pa_rozmir-921","18":"pa_rozmir-922","20":"first","21":"instock","22":"purchasable","23":"product-type-variable"},"_links":{"self":[{"href":"https:\/\/nextsnkr.com\/et\/wp-json\/wp\/v2\/product\/608160","targetHints":{"allow":["GET"]}}],"collection":[{"href":"https:\/\/nextsnkr.com\/et\/wp-json\/wp\/v2\/product"}],"about":[{"href":"https:\/\/nextsnkr.com\/et\/wp-json\/wp\/v2\/types\/product"}],"replies":[{"embeddable":true,"href":"https:\/\/nextsnkr.com\/et\/wp-json\/wp\/v2\/comments?post=608160"}],"version-history":[{"count":0,"href":"https:\/\/nextsnkr.com\/et\/wp-json\/wp\/v2\/product\/608160\/revisions"}],"wp:featuredmedia":[{"embeddable":true,"href":"https:\/\/nextsnkr.com\/et\/wp-json\/wp\/v2\/media\/608161"}],"wp:attachment":[{"href":"https:\/\/nextsnkr.com\/et\/wp-json\/wp\/v2\/media?parent=608160"}],"wp:term":[{"taxonomy":"product_brand","embeddable":true,"href":"https:\/\/nextsnkr.com\/et\/wp-json\/wp\/v2\/product_brand?post=608160"},{"taxonomy":"product_cat","embeddable":true,"href":"https:\/\/nextsnkr.com\/et\/wp-json\/wp\/v2\/product_cat?post=608160"},{"taxonomy":"product_tag","embeddable":true,"href":"https:\/\/nextsnkr.com\/et\/wp-json\/wp\/v2\/product_tag?post=608160"}],"curies":[{"name":"wp","href":"https:\/\/api.w.org\/{rel}","templated":true}]}}