{"id":605299,"date":"2025-06-14T15:49:15","date_gmt":"2025-06-14T12:49:15","guid":{"rendered":"https:\/\/nextsnkr.com\/product\/celine-tippi-leather-slide-sandals-black\/"},"modified":"2026-01-30T14:16:03","modified_gmt":"2026-01-30T11:16:03","slug":"celine-tippi-leather-slide-sandals-black","status":"publish","type":"product","link":"https:\/\/nextsnkr.com\/et\/toode\/celine-tippi-leather-slide-sandals-black\/","title":{"rendered":"Celine Tippi nahast slide Black sussid-stiilsed nahast slaidid"},"content":{"rendered":"<h2>Celine Tippi nahast slide Black sussid-stiilsed nahast slaidid<\/h2>\n<p>Celine Tippi Leather Slide sandals Black Sussid on elegantsed nahast slaidid, mis on loodud mugavuse ja stiili tagamiseks. Valmistatud kvaliteetsest nahast, pakuvad need kandmise ajal pikaealisust ja meeldivat tunnet. Must v\u00e4rv muudab mudeli mitmek\u00fclgseks ja sobib h\u00f5lpsalt mis tahes suvise v\u00e4ljan\u00e4gemisega. Ideaalne jalutamiseks, l\u00f5\u00f5gastumiseks ja igap\u00e4evaseks kasutamiseks. Tootja on Hispaania (tegelikult Hiina). Valige Celine Tippi kaasaegse ja keeruka stiili jaoks. Kood: Ch032-1148022.<\/p>\n","protected":false},"excerpt":{"rendered":"<p>Celine Tippi Leather Slide sandals Black Sussid on elegantsed nahast slaidid, mis on loodud mugavuse ja stiili tagamiseks. Valmistatud kvaliteetsest nahast, pakuvad need kandmise ajal pikaealisust ja meeldivat tunnet. Must v\u00e4rv muudab mudeli mitmek\u00fclgseks ja sobib h\u00f5lpsalt mis tahes suvise v\u00e4ljan\u00e4gemisega. Ideaalne jalutamiseks, l\u00f5\u00f5gastumiseks ja igap\u00e4evaseks kasutamiseks. Tootja on Hispaania (tegelikult Hiina). Valige Celine Tippi kaasaegse ja keeruka stiili jaoks. Kood: Ch032-1148022.<\/p>\n","protected":false},"featured_media":605302,"comment_status":"open","ping_status":"open","template":"","meta":[],"product_brand":[],"product_cat":[3186,3419],"product_tag":[],"class_list":{"0":"post-605299","1":"product","2":"type-product","3":"status-publish","4":"has-post-thumbnail","6":"product_cat-all-product","7":"product_cat-shlopantsi","8":"pa_rozmir-910","9":"pa_rozmir-912","10":"pa_rozmir-914","11":"pa_rozmir-915","12":"pa_rozmir-916","13":"pa_rozmir-917","14":"pa_rozmir-918","15":"pa_rozmir-919","16":"pa_rozmir-920","17":"pa_rozmir-921","18":"pa_rozmir-922","20":"first","21":"onbackorder","22":"purchasable","23":"product-type-variable"},"_links":{"self":[{"href":"https:\/\/nextsnkr.com\/et\/wp-json\/wp\/v2\/product\/605299","targetHints":{"allow":["GET"]}}],"collection":[{"href":"https:\/\/nextsnkr.com\/et\/wp-json\/wp\/v2\/product"}],"about":[{"href":"https:\/\/nextsnkr.com\/et\/wp-json\/wp\/v2\/types\/product"}],"replies":[{"embeddable":true,"href":"https:\/\/nextsnkr.com\/et\/wp-json\/wp\/v2\/comments?post=605299"}],"version-history":[{"count":0,"href":"https:\/\/nextsnkr.com\/et\/wp-json\/wp\/v2\/product\/605299\/revisions"}],"wp:featuredmedia":[{"embeddable":true,"href":"https:\/\/nextsnkr.com\/et\/wp-json\/wp\/v2\/media\/605302"}],"wp:attachment":[{"href":"https:\/\/nextsnkr.com\/et\/wp-json\/wp\/v2\/media?parent=605299"}],"wp:term":[{"taxonomy":"product_brand","embeddable":true,"href":"https:\/\/nextsnkr.com\/et\/wp-json\/wp\/v2\/product_brand?post=605299"},{"taxonomy":"product_cat","embeddable":true,"href":"https:\/\/nextsnkr.com\/et\/wp-json\/wp\/v2\/product_cat?post=605299"},{"taxonomy":"product_tag","embeddable":true,"href":"https:\/\/nextsnkr.com\/et\/wp-json\/wp\/v2\/product_tag?post=605299"}],"curies":[{"name":"wp","href":"https:\/\/api.w.org\/{rel}","templated":true}]}}