{"id":599881,"date":"2025-06-13T11:04:54","date_gmt":"2025-06-13T08:04:54","guid":{"rendered":"https:\/\/nextsnkr.com\/product\/adidas-yeezy-350-citrin\/"},"modified":"2026-01-30T14:12:25","modified_gmt":"2026-01-30T11:12:25","slug":"adidas-yeezy-350-citrin","status":"publish","type":"product","link":"https:\/\/nextsnkr.com\/et\/toode\/adidas-yeezy-350-citrin\/","title":{"rendered":"Adidas Yeezy 350 Citrin tossud-stiilne ja kerge"},"content":{"rendered":"<h2>Adidas Yeezy 350 Citrin tossud-stiilne ja kerge<\/h2>\n<p>Adidas Yeezy 350 Citrin tossud on kaasaegne mudel, mis on valmistatud kergetest ja vastupidavatest tekstiilidest, mis on loodud maksimaalse mugavuse tagamiseks iga p\u00e4ev. Kvaliteetne vietnami tootmine tagab usaldusv\u00e4\u00e4rsuse ja Adidase kaubam\u00e4rk tagab usalduse igal sammul. Ergonoomiline tald ja hingav materjal muudavad need tossud ideaalseks aktiivseks eluviisiks. Valige stiil ja mugavus \u00fches Yeezy 350 Citrin mudelis.<\/p>\n","protected":false},"excerpt":{"rendered":"<p>Adidas Yeezy 350 Citrin tossud on kaasaegne mudel, mis on valmistatud kergetest ja vastupidavatest tekstiilidest, mis on loodud maksimaalse mugavuse tagamiseks iga p\u00e4ev. Kvaliteetne vietnami tootmine tagab usaldusv\u00e4\u00e4rsuse ja Adidase kaubam\u00e4rk tagab usalduse igal sammul. Ergonoomiline tald ja hingav materjal muudavad need tossud ideaalseks aktiivseks eluviisiks. Valige stiil ja mugavus \u00fches Yeezy 350 Citrin mudelis.<\/p>\n","protected":false},"featured_media":599885,"comment_status":"open","ping_status":"open","template":"","meta":[],"product_brand":[],"product_cat":[3395,3186,3187],"product_tag":[],"class_list":{"0":"post-599881","1":"product","2":"type-product","3":"status-publish","4":"has-post-thumbnail","6":"product_cat-adidas-yeezy","7":"product_cat-all-product","8":"product_cat-krosivky","9":"pa_rozmir-910","10":"pa_rozmir-912","11":"pa_rozmir-914","12":"pa_rozmir-915","13":"pa_rozmir-916","14":"pa_rozmir-917","15":"pa_rozmir-918","16":"pa_rozmir-919","17":"pa_rozmir-920","18":"pa_rozmir-921","19":"pa_rozmir-922","21":"first","22":"onbackorder","23":"purchasable","24":"product-type-variable"},"_links":{"self":[{"href":"https:\/\/nextsnkr.com\/et\/wp-json\/wp\/v2\/product\/599881","targetHints":{"allow":["GET"]}}],"collection":[{"href":"https:\/\/nextsnkr.com\/et\/wp-json\/wp\/v2\/product"}],"about":[{"href":"https:\/\/nextsnkr.com\/et\/wp-json\/wp\/v2\/types\/product"}],"replies":[{"embeddable":true,"href":"https:\/\/nextsnkr.com\/et\/wp-json\/wp\/v2\/comments?post=599881"}],"version-history":[{"count":0,"href":"https:\/\/nextsnkr.com\/et\/wp-json\/wp\/v2\/product\/599881\/revisions"}],"wp:featuredmedia":[{"embeddable":true,"href":"https:\/\/nextsnkr.com\/et\/wp-json\/wp\/v2\/media\/599885"}],"wp:attachment":[{"href":"https:\/\/nextsnkr.com\/et\/wp-json\/wp\/v2\/media?parent=599881"}],"wp:term":[{"taxonomy":"product_brand","embeddable":true,"href":"https:\/\/nextsnkr.com\/et\/wp-json\/wp\/v2\/product_brand?post=599881"},{"taxonomy":"product_cat","embeddable":true,"href":"https:\/\/nextsnkr.com\/et\/wp-json\/wp\/v2\/product_cat?post=599881"},{"taxonomy":"product_tag","embeddable":true,"href":"https:\/\/nextsnkr.com\/et\/wp-json\/wp\/v2\/product_tag?post=599881"}],"curies":[{"name":"wp","href":"https:\/\/api.w.org\/{rel}","templated":true}]}}