{"id":598961,"date":"2025-06-13T09:19:59","date_gmt":"2025-06-13T06:19:59","guid":{"rendered":"https:\/\/nextsnkr.com\/product\/adidas-forum-low-x-bad-bunny-black\/"},"modified":"2026-01-30T14:12:08","modified_gmt":"2026-01-30T11:12:08","slug":"adidas-forum-low-x-bad-bunny-black","status":"publish","type":"product","link":"https:\/\/nextsnkr.com\/et\/toode\/adidas-forum-low-x-bad-bunny-black\/","title":{"rendered":"Adidas Forum Low x Bad Bunny Black seemisnahast tossud"},"content":{"rendered":"<h2>Adidas Forum Low x Bad Bunny Black seemisnahast tossud<\/h2>\n<p>Adidas Forum Low x Bad Bunny Black tossud \u00fchendavad stiilse disaini ja k\u00f5rge mugavuse. Valmistatud seemisnahast ja nahast, pakuvad need tugevust, vastupidavust ja suurep\u00e4rast jalatuge. Adidase kaubam\u00e4rk tagab kvaliteedi ja t\u00f6\u00f6kindluse, samas kui erksad mustad ja ainulaadne Bad Bunny koost\u00f6\u00f6 muudavad tossud ideaalseks valikuks igap\u00e4evaseks kandmiseks, sportimiseks ja trendika ilme loomiseks.<\/p>\n","protected":false},"excerpt":{"rendered":"<p>Adidas Forum Low x Bad Bunny Black tossud \u00fchendavad stiilse disaini ja k\u00f5rge mugavuse. Valmistatud seemisnahast ja nahast, pakuvad need tugevust, vastupidavust ja suurep\u00e4rast jalatuge. Adidase kaubam\u00e4rk tagab kvaliteedi ja t\u00f6\u00f6kindluse, samas kui erksad mustad ja ainulaadne Bad Bunny koost\u00f6\u00f6 muudavad tossud ideaalseks valikuks igap\u00e4evaseks kandmiseks, sportimiseks ja trendika ilme loomiseks.<\/p>\n","protected":false},"featured_media":598968,"comment_status":"open","ping_status":"open","template":"","meta":[],"product_brand":[],"product_cat":[3186,3317],"product_tag":[],"class_list":{"0":"post-598961","1":"product","2":"type-product","3":"status-publish","4":"has-post-thumbnail","6":"product_cat-all-product","7":"product_cat-kedy","8":"pa_rozmir-910","9":"pa_rozmir-912","10":"pa_rozmir-915","11":"pa_rozmir-916","12":"pa_rozmir-917","13":"pa_rozmir-918","14":"pa_rozmir-919","15":"pa_rozmir-920","16":"pa_rozmir-921","17":"pa_rozmir-922","18":"pa_rozmir-38-brak","20":"first","21":"instock","22":"purchasable","23":"product-type-variable"},"_links":{"self":[{"href":"https:\/\/nextsnkr.com\/et\/wp-json\/wp\/v2\/product\/598961","targetHints":{"allow":["GET"]}}],"collection":[{"href":"https:\/\/nextsnkr.com\/et\/wp-json\/wp\/v2\/product"}],"about":[{"href":"https:\/\/nextsnkr.com\/et\/wp-json\/wp\/v2\/types\/product"}],"replies":[{"embeddable":true,"href":"https:\/\/nextsnkr.com\/et\/wp-json\/wp\/v2\/comments?post=598961"}],"version-history":[{"count":0,"href":"https:\/\/nextsnkr.com\/et\/wp-json\/wp\/v2\/product\/598961\/revisions"}],"wp:featuredmedia":[{"embeddable":true,"href":"https:\/\/nextsnkr.com\/et\/wp-json\/wp\/v2\/media\/598968"}],"wp:attachment":[{"href":"https:\/\/nextsnkr.com\/et\/wp-json\/wp\/v2\/media?parent=598961"}],"wp:term":[{"taxonomy":"product_brand","embeddable":true,"href":"https:\/\/nextsnkr.com\/et\/wp-json\/wp\/v2\/product_brand?post=598961"},{"taxonomy":"product_cat","embeddable":true,"href":"https:\/\/nextsnkr.com\/et\/wp-json\/wp\/v2\/product_cat?post=598961"},{"taxonomy":"product_tag","embeddable":true,"href":"https:\/\/nextsnkr.com\/et\/wp-json\/wp\/v2\/product_tag?post=598961"}],"curies":[{"name":"wp","href":"https:\/\/api.w.org\/{rel}","templated":true}]}}