{"id":598842,"date":"2025-06-14T15:54:45","date_gmt":"2025-06-14T12:54:45","guid":{"rendered":"https:\/\/nextsnkr.com\/product\/hermes-slippers-total-black\/"},"modified":"2026-01-30T14:11:50","modified_gmt":"2026-01-30T11:11:50","slug":"hermes-slippers-total-black","status":"publish","type":"product","link":"https:\/\/nextsnkr.com\/et\/toode\/hermes-slippers-total-black\/","title":{"rendered":"Hermes Slippers total Black sussid-stiilsed kummist klapid"},"content":{"rendered":"<h2>Hermes Slippers total Black sussid-stiilsed kummist klapid<\/h2>\n<p>Hermes Slippers Total Black Sussid on valmistatud kvaliteetsest kummist, mis tagab veekindluse, kerguse ja vastupidavuse. Mudelil on universaalne must v\u00e4rv ja minimalistlik disain, mis sobib koju, randa v\u00f5i jalutusk\u00e4ikudele. Ergonoomiline tald tagab jala mugavuse ja toe kogu p\u00e4eva v\u00e4ltel. Praktiline, stiilne ja mugav \u2014 need Hermese pl\u00e4tud on usaldusv\u00e4\u00e4rne valik igap\u00e4evaseks kasutamiseks.<\/p>\n","protected":false},"excerpt":{"rendered":"<p>Hermes Slippers Total Black Sussid on valmistatud kvaliteetsest kummist, mis tagab veekindluse, kerguse ja vastupidavuse. Mudelil on universaalne must v\u00e4rv ja minimalistlik disain, mis sobib koju, randa v\u00f5i jalutusk\u00e4ikudele. Ergonoomiline tald tagab jala mugavuse ja toe kogu p\u00e4eva v\u00e4ltel. Praktiline, stiilne ja mugav \u2014 need Hermese pl\u00e4tud on usaldusv\u00e4\u00e4rne valik igap\u00e4evaseks kasutamiseks.<\/p>\n","protected":false},"featured_media":598848,"comment_status":"open","ping_status":"open","template":"","meta":[],"product_brand":[],"product_cat":[3186,3419],"product_tag":[],"class_list":{"0":"post-598842","1":"product","2":"type-product","3":"status-publish","4":"has-post-thumbnail","6":"product_cat-all-product","7":"product_cat-shlopantsi","8":"pa_rozmir-910","9":"pa_rozmir-912","10":"pa_rozmir-914","11":"pa_rozmir-915","12":"pa_rozmir-916","13":"pa_rozmir-917","14":"pa_rozmir-918","15":"pa_rozmir-919","16":"pa_rozmir-920","17":"pa_rozmir-921","18":"pa_rozmir-922","20":"first","21":"instock","22":"purchasable","23":"product-type-variable"},"_links":{"self":[{"href":"https:\/\/nextsnkr.com\/et\/wp-json\/wp\/v2\/product\/598842","targetHints":{"allow":["GET"]}}],"collection":[{"href":"https:\/\/nextsnkr.com\/et\/wp-json\/wp\/v2\/product"}],"about":[{"href":"https:\/\/nextsnkr.com\/et\/wp-json\/wp\/v2\/types\/product"}],"replies":[{"embeddable":true,"href":"https:\/\/nextsnkr.com\/et\/wp-json\/wp\/v2\/comments?post=598842"}],"version-history":[{"count":0,"href":"https:\/\/nextsnkr.com\/et\/wp-json\/wp\/v2\/product\/598842\/revisions"}],"wp:featuredmedia":[{"embeddable":true,"href":"https:\/\/nextsnkr.com\/et\/wp-json\/wp\/v2\/media\/598848"}],"wp:attachment":[{"href":"https:\/\/nextsnkr.com\/et\/wp-json\/wp\/v2\/media?parent=598842"}],"wp:term":[{"taxonomy":"product_brand","embeddable":true,"href":"https:\/\/nextsnkr.com\/et\/wp-json\/wp\/v2\/product_brand?post=598842"},{"taxonomy":"product_cat","embeddable":true,"href":"https:\/\/nextsnkr.com\/et\/wp-json\/wp\/v2\/product_cat?post=598842"},{"taxonomy":"product_tag","embeddable":true,"href":"https:\/\/nextsnkr.com\/et\/wp-json\/wp\/v2\/product_tag?post=598842"}],"curies":[{"name":"wp","href":"https:\/\/api.w.org\/{rel}","templated":true}]}}