{"id":597088,"date":"2025-06-17T21:05:18","date_gmt":"2025-06-17T18:05:18","guid":{"rendered":"https:\/\/nextsnkr.com\/product\/yeezy-slide-bono-white\/"},"modified":"2026-01-30T14:10:34","modified_gmt":"2026-01-30T11:10:34","slug":"yeezy-slide-bono-white","status":"publish","type":"product","link":"https:\/\/nextsnkr.com\/et\/toode\/yeezy-slide-bono-white\/","title":{"rendered":"Yeezy Slide bono White suss EVA-ga-mugavus ja stiil igap\u00e4evaseks kandmiseks"},"content":{"rendered":"<h2>Yeezy Slide bono White suss EVA-ga-mugavus ja stiil igap\u00e4evaseks kandmiseks<\/h2>\n<p>Yeezy Slide Bono White on kerged ja stiilsed EVA materjalist sussid, mis pakuvad igap\u00e4evases kasutuses maksimaalset mugavust ja pehmendust. Ergonoomiline disain j\u00e4rgib jala kuju ja valge v\u00e4rv lisab v\u00e4limusele v\u00e4rskust ja mitmek\u00fclgsust. Vietnamis toodetud yeezy Slide sussid \u00fchendavad k\u00f5rge kvaliteedi, praktilisuse ja \u00e4ratuntava kaubam\u00e4rgi, muutes need ideaalseks valikuks koju, puhkuseks v\u00f5i v\u00e4ljas\u00f5iduks.<\/p>\n","protected":false},"excerpt":{"rendered":"<p>Yeezy Slide Bono White on kerged ja stiilsed EVA materjalist sussid, mis pakuvad igap\u00e4evases kasutuses maksimaalset mugavust ja pehmendust. Ergonoomiline disain j\u00e4rgib jala kuju ja valge v\u00e4rv lisab v\u00e4limusele v\u00e4rskust ja mitmek\u00fclgsust. Vietnamis toodetud yeezy Slide sussid \u00fchendavad k\u00f5rge kvaliteedi, praktilisuse ja \u00e4ratuntava kaubam\u00e4rgi, muutes need ideaalseks valikuks koju, puhkuseks v\u00f5i v\u00e4ljas\u00f5iduks.<\/p>\n","protected":false},"featured_media":597089,"comment_status":"open","ping_status":"open","template":"","meta":[],"product_brand":[],"product_cat":[3395,3186,3419],"product_tag":[],"class_list":{"0":"post-597088","1":"product","2":"type-product","3":"status-publish","4":"has-post-thumbnail","6":"product_cat-adidas-yeezy","7":"product_cat-all-product","8":"product_cat-shlopantsi","9":"pa_rozmir-910","10":"pa_rozmir-912","11":"pa_rozmir-914","12":"pa_rozmir-915","13":"pa_rozmir-916","14":"pa_rozmir-917","15":"pa_rozmir-918","16":"pa_rozmir-919","17":"pa_rozmir-920","18":"pa_rozmir-921","19":"pa_rozmir-922","21":"first","22":"instock","23":"purchasable","24":"product-type-variable"},"_links":{"self":[{"href":"https:\/\/nextsnkr.com\/et\/wp-json\/wp\/v2\/product\/597088","targetHints":{"allow":["GET"]}}],"collection":[{"href":"https:\/\/nextsnkr.com\/et\/wp-json\/wp\/v2\/product"}],"about":[{"href":"https:\/\/nextsnkr.com\/et\/wp-json\/wp\/v2\/types\/product"}],"replies":[{"embeddable":true,"href":"https:\/\/nextsnkr.com\/et\/wp-json\/wp\/v2\/comments?post=597088"}],"version-history":[{"count":0,"href":"https:\/\/nextsnkr.com\/et\/wp-json\/wp\/v2\/product\/597088\/revisions"}],"wp:featuredmedia":[{"embeddable":true,"href":"https:\/\/nextsnkr.com\/et\/wp-json\/wp\/v2\/media\/597089"}],"wp:attachment":[{"href":"https:\/\/nextsnkr.com\/et\/wp-json\/wp\/v2\/media?parent=597088"}],"wp:term":[{"taxonomy":"product_brand","embeddable":true,"href":"https:\/\/nextsnkr.com\/et\/wp-json\/wp\/v2\/product_brand?post=597088"},{"taxonomy":"product_cat","embeddable":true,"href":"https:\/\/nextsnkr.com\/et\/wp-json\/wp\/v2\/product_cat?post=597088"},{"taxonomy":"product_tag","embeddable":true,"href":"https:\/\/nextsnkr.com\/et\/wp-json\/wp\/v2\/product_tag?post=597088"}],"curies":[{"name":"wp","href":"https:\/\/api.w.org\/{rel}","templated":true}]}}