{"id":596918,"date":"2025-06-17T21:49:48","date_gmt":"2025-06-17T18:49:48","guid":{"rendered":"https:\/\/nextsnkr.com\/product\/nike-huarache-acronym-black-white\/"},"modified":"2026-01-30T14:10:30","modified_gmt":"2026-01-30T11:10:30","slug":"nike-huarache-acronym-black-white","status":"publish","type":"product","link":"https:\/\/nextsnkr.com\/et\/toode\/nike-huarache-acronym-black-white\/","title":{"rendered":"Nike Huarache Acronym mustad \/ valged tossud &#8211; nubuki meeste talvised"},"content":{"rendered":"<h2>Nike Huarache Acronym mustad \/ valged tossud &#8211; nubuki meeste talvised<\/h2>\n<p>Nike Huarache Acronym Black \/ White tossud on valmistatud kvaliteetsest nubukist ja neil on termopadi, mis hoiab soojust kuni -16\u00b0C. talla vaht ja kulumiskindel kummist tald tagavad mugavuse, pehmenduse ja kindla pinna haardumise. Mustvalge disain muudab mudeli stiilseks ja mitmek\u00fclgseks Talviste jalutusk\u00e4ikude ja linnastiili jaoks. Vietnamis toodetud tossud \u00fchendavad Nike kaubam\u00e4rgi esmaklassilise kvaliteedi praktilisuse ja vastupidavusega igap\u00e4evaseks kandmiseks.<\/p>\n","protected":false},"excerpt":{"rendered":"<p>Nike Huarache Acronym Black \/ White tossud on valmistatud kvaliteetsest nubukist ja neil on termopadi, mis hoiab soojust kuni -16\u00b0C. talla vaht ja kulumiskindel kummist tald tagavad mugavuse, pehmenduse ja kindla pinna haardumise. Mustvalge disain muudab mudeli stiilseks ja mitmek\u00fclgseks Talviste jalutusk\u00e4ikude ja linnastiili jaoks. Vietnamis toodetud tossud \u00fchendavad Nike kaubam\u00e4rgi esmaklassilise kvaliteedi praktilisuse ja vastupidavusega igap\u00e4evaseks kandmiseks.<\/p>\n","protected":false},"featured_media":596919,"comment_status":"open","ping_status":"open","template":"","meta":[],"product_brand":[],"product_cat":[3186,3187],"product_tag":[],"class_list":{"0":"post-596918","1":"product","2":"type-product","3":"status-publish","4":"has-post-thumbnail","6":"product_cat-all-product","7":"product_cat-krosivky","8":"pa_rozmir-910","9":"pa_rozmir-912","10":"pa_rozmir-914","11":"pa_rozmir-915","12":"pa_rozmir-916","13":"pa_rozmir-917","14":"pa_rozmir-918","15":"pa_rozmir-919","16":"pa_rozmir-920","17":"pa_rozmir-921","18":"pa_rozmir-922","20":"first","21":"onbackorder","22":"purchasable","23":"product-type-variable"},"_links":{"self":[{"href":"https:\/\/nextsnkr.com\/et\/wp-json\/wp\/v2\/product\/596918","targetHints":{"allow":["GET"]}}],"collection":[{"href":"https:\/\/nextsnkr.com\/et\/wp-json\/wp\/v2\/product"}],"about":[{"href":"https:\/\/nextsnkr.com\/et\/wp-json\/wp\/v2\/types\/product"}],"replies":[{"embeddable":true,"href":"https:\/\/nextsnkr.com\/et\/wp-json\/wp\/v2\/comments?post=596918"}],"version-history":[{"count":0,"href":"https:\/\/nextsnkr.com\/et\/wp-json\/wp\/v2\/product\/596918\/revisions"}],"wp:featuredmedia":[{"embeddable":true,"href":"https:\/\/nextsnkr.com\/et\/wp-json\/wp\/v2\/media\/596919"}],"wp:attachment":[{"href":"https:\/\/nextsnkr.com\/et\/wp-json\/wp\/v2\/media?parent=596918"}],"wp:term":[{"taxonomy":"product_brand","embeddable":true,"href":"https:\/\/nextsnkr.com\/et\/wp-json\/wp\/v2\/product_brand?post=596918"},{"taxonomy":"product_cat","embeddable":true,"href":"https:\/\/nextsnkr.com\/et\/wp-json\/wp\/v2\/product_cat?post=596918"},{"taxonomy":"product_tag","embeddable":true,"href":"https:\/\/nextsnkr.com\/et\/wp-json\/wp\/v2\/product_tag?post=596918"}],"curies":[{"name":"wp","href":"https:\/\/api.w.org\/{rel}","templated":true}]}}