{"id":596368,"date":"2025-06-23T08:12:33","date_gmt":"2025-06-23T05:12:33","guid":{"rendered":"https:\/\/nextsnkr.com\/product\/1906r-gold-black\/"},"modified":"2026-01-30T14:09:58","modified_gmt":"2026-01-30T11:09:58","slug":"1906r-gold-black","status":"publish","type":"product","link":"https:\/\/nextsnkr.com\/et\/toode\/1906r-gold-black\/","title":{"rendered":"1906r Kuld \/ Must Tossud-stiilne Tekstiil ja nahk igap\u00e4evaseks mugavuseks"},"content":{"rendered":"<h2>1906r Kuld \/ Must Tossud-stiilne Tekstiil ja nahk igap\u00e4evaseks mugavuseks<\/h2>\n<p>1906r kuld \/ must tossud on kaasaegsed tossud meestele ja naistele, mis on valmistatud kvaliteetsest tekstiilist ja nahast, mis tagab vastupidavuse ja mugavuse kandmise ajal. Valmistatud Vietnamis, sobivad need ideaalselt igap\u00e4evaseks kasutamiseks, jalutamiseks ja aktiivseks eluviisiks. Kerge, stiilne ja vastupidav, need 1906r tossud lisavad igale v\u00e4limusele erksat r\u00f5hku ja tagavad kogu p\u00e4eva mugavuse.<\/p>\n","protected":false},"excerpt":{"rendered":"<p>1906r kuld \/ must tossud on kaasaegsed tossud meestele ja naistele, mis on valmistatud kvaliteetsest tekstiilist ja nahast, mis tagab vastupidavuse ja mugavuse kandmise ajal. Valmistatud Vietnamis, sobivad need ideaalselt igap\u00e4evaseks kasutamiseks, jalutamiseks ja aktiivseks eluviisiks. Kerge, stiilne ja vastupidav, need 1906r tossud lisavad igale v\u00e4limusele erksat r\u00f5hku ja tagavad kogu p\u00e4eva mugavuse.<\/p>\n","protected":false},"featured_media":596369,"comment_status":"open","ping_status":"open","template":"","meta":[],"product_brand":[],"product_cat":[3186,3187],"product_tag":[],"class_list":{"0":"post-596368","1":"product","2":"type-product","3":"status-publish","4":"has-post-thumbnail","6":"product_cat-all-product","7":"product_cat-krosivky","8":"pa_rozmir-910","9":"pa_rozmir-912","10":"pa_rozmir-914","11":"pa_rozmir-915","12":"pa_rozmir-916","13":"pa_rozmir-917","14":"pa_rozmir-918","15":"pa_rozmir-919","16":"pa_rozmir-920","17":"pa_rozmir-921","18":"pa_rozmir-922","20":"first","21":"onbackorder","22":"purchasable","23":"product-type-variable"},"_links":{"self":[{"href":"https:\/\/nextsnkr.com\/et\/wp-json\/wp\/v2\/product\/596368","targetHints":{"allow":["GET"]}}],"collection":[{"href":"https:\/\/nextsnkr.com\/et\/wp-json\/wp\/v2\/product"}],"about":[{"href":"https:\/\/nextsnkr.com\/et\/wp-json\/wp\/v2\/types\/product"}],"replies":[{"embeddable":true,"href":"https:\/\/nextsnkr.com\/et\/wp-json\/wp\/v2\/comments?post=596368"}],"version-history":[{"count":0,"href":"https:\/\/nextsnkr.com\/et\/wp-json\/wp\/v2\/product\/596368\/revisions"}],"wp:featuredmedia":[{"embeddable":true,"href":"https:\/\/nextsnkr.com\/et\/wp-json\/wp\/v2\/media\/596369"}],"wp:attachment":[{"href":"https:\/\/nextsnkr.com\/et\/wp-json\/wp\/v2\/media?parent=596368"}],"wp:term":[{"taxonomy":"product_brand","embeddable":true,"href":"https:\/\/nextsnkr.com\/et\/wp-json\/wp\/v2\/product_brand?post=596368"},{"taxonomy":"product_cat","embeddable":true,"href":"https:\/\/nextsnkr.com\/et\/wp-json\/wp\/v2\/product_cat?post=596368"},{"taxonomy":"product_tag","embeddable":true,"href":"https:\/\/nextsnkr.com\/et\/wp-json\/wp\/v2\/product_tag?post=596368"}],"curies":[{"name":"wp","href":"https:\/\/api.w.org\/{rel}","templated":true}]}}