{"id":596179,"date":"2025-06-14T16:28:35","date_gmt":"2025-06-14T13:28:35","guid":{"rendered":"https:\/\/nextsnkr.com\/product\/ugg-classic-ultra-mini-platform-xl-black-leather\/"},"modified":"2026-01-30T14:09:53","modified_gmt":"2026-01-30T11:09:53","slug":"ugg-classic-ultra-mini-platform-xl-black-leather","status":"publish","type":"product","link":"https:\/\/nextsnkr.com\/et\/toode\/ugg-classic-ultra-mini-platform-xl-black-leather\/","title":{"rendered":"UGG Classic Ultra Mini Platform XL Mustad Saapad-Nahk ja karusnahk"},"content":{"rendered":"<h2>UGG Classic Ultra Mini Platform XL Mustad Saapad-Nahk ja karusnahk<\/h2>\n<p>UGG Classic Ultra Mini Platform XL black Leather saapad-stiili, mugavuse ja k\u00f5rge kvaliteedi kombinatsioon. Mudel on valmistatud ehtsast nahast ja isoleeritud pehme karusnahaga, mis tagab k\u00fclma ilmaga soojuse ja mugavuse. Platvorm lisab modernsust ja r\u00f5hutab individuaalset stiili. Kerge tald tagab mugavuse igap\u00e4evaste jalutusk\u00e4ikude ajal. Valige Ugg Classic Ultra Mini-usaldusv\u00e4\u00e4rsed, stiilsed ja soojad kingad igas olukorras.<\/p>\n","protected":false},"excerpt":{"rendered":"<p>UGG Classic Ultra Mini Platform XL black Leather saapad-stiili, mugavuse ja k\u00f5rge kvaliteedi kombinatsioon. Mudel on valmistatud ehtsast nahast ja isoleeritud pehme karusnahaga, mis tagab k\u00fclma ilmaga soojuse ja mugavuse. Platvorm lisab modernsust ja r\u00f5hutab individuaalset stiili. Kerge tald tagab mugavuse igap\u00e4evaste jalutusk\u00e4ikude ajal. Valige Ugg Classic Ultra Mini-usaldusv\u00e4\u00e4rsed, stiilsed ja soojad kingad igas olukorras.<\/p>\n","protected":false},"featured_media":596180,"comment_status":"open","ping_status":"open","template":"","meta":[],"product_brand":[],"product_cat":[3406,3186],"product_tag":[],"class_list":{"0":"post-596179","1":"product","2":"type-product","3":"status-publish","4":"has-post-thumbnail","6":"product_cat-ugg","7":"product_cat-all-product","8":"pa_rozmir-910","9":"pa_rozmir-912","10":"pa_rozmir-914","11":"pa_rozmir-915","12":"pa_rozmir-916","13":"pa_rozmir-917","14":"pa_rozmir-918","15":"pa_rozmir-919","16":"pa_rozmir-920","17":"pa_rozmir-921","18":"pa_rozmir-922","20":"first","21":"onbackorder","22":"purchasable","23":"product-type-variable"},"_links":{"self":[{"href":"https:\/\/nextsnkr.com\/et\/wp-json\/wp\/v2\/product\/596179","targetHints":{"allow":["GET"]}}],"collection":[{"href":"https:\/\/nextsnkr.com\/et\/wp-json\/wp\/v2\/product"}],"about":[{"href":"https:\/\/nextsnkr.com\/et\/wp-json\/wp\/v2\/types\/product"}],"replies":[{"embeddable":true,"href":"https:\/\/nextsnkr.com\/et\/wp-json\/wp\/v2\/comments?post=596179"}],"version-history":[{"count":0,"href":"https:\/\/nextsnkr.com\/et\/wp-json\/wp\/v2\/product\/596179\/revisions"}],"wp:featuredmedia":[{"embeddable":true,"href":"https:\/\/nextsnkr.com\/et\/wp-json\/wp\/v2\/media\/596180"}],"wp:attachment":[{"href":"https:\/\/nextsnkr.com\/et\/wp-json\/wp\/v2\/media?parent=596179"}],"wp:term":[{"taxonomy":"product_brand","embeddable":true,"href":"https:\/\/nextsnkr.com\/et\/wp-json\/wp\/v2\/product_brand?post=596179"},{"taxonomy":"product_cat","embeddable":true,"href":"https:\/\/nextsnkr.com\/et\/wp-json\/wp\/v2\/product_cat?post=596179"},{"taxonomy":"product_tag","embeddable":true,"href":"https:\/\/nextsnkr.com\/et\/wp-json\/wp\/v2\/product_tag?post=596179"}],"curies":[{"name":"wp","href":"https:\/\/api.w.org\/{rel}","templated":true}]}}