{"id":594120,"date":"2025-06-19T22:28:54","date_gmt":"2025-06-19T19:28:54","guid":{"rendered":"https:\/\/nextsnkr.com\/product\/lv-time-out-black\/"},"modified":"2026-01-30T14:08:28","modified_gmt":"2026-01-30T11:08:28","slug":"lv-time-out-black","status":"publish","type":"product","link":"https:\/\/nextsnkr.com\/et\/toode\/lv-time-out-black\/","title":{"rendered":"Tossud LV Time Out Black nahast Stiilne igap\u00e4evaseks kandmiseks"},"content":{"rendered":"<h2>Tossud LV Time Out Black nahast Stiilne igap\u00e4evaseks kandmiseks<\/h2>\n<p>Elegantsed LV Time Out Black tossud on valmistatud kvaliteetsest nahast, mis tagab mugavuse, vastupidavuse ja esmaklassilise v\u00e4limuse. Louis Vuittoni kaubam\u00e4rk tagab k\u00f5rge kvaliteedi ja stiilse disaini. Kerge ja mugav, need LV Time Out Black tossud sobivad igap\u00e4evaseks kasutamiseks ja trendika v\u00e4limuse loomiseks. Ideaalne valik neile, kes hindavad stiili ja mugavuse kombinatsiooni.<\/p>\n","protected":false},"excerpt":{"rendered":"<p>Elegantsed LV Time Out Black tossud on valmistatud kvaliteetsest nahast, mis tagab mugavuse, vastupidavuse ja esmaklassilise v\u00e4limuse. Louis Vuittoni kaubam\u00e4rk tagab k\u00f5rge kvaliteedi ja stiilse disaini. Kerge ja mugav, need LV Time Out Black tossud sobivad igap\u00e4evaseks kasutamiseks ja trendika v\u00e4limuse loomiseks. Ideaalne valik neile, kes hindavad stiili ja mugavuse kombinatsiooni.<\/p>\n","protected":false},"featured_media":594121,"comment_status":"open","ping_status":"open","template":"","meta":[],"product_brand":[],"product_cat":[3186,3317],"product_tag":[],"class_list":{"0":"post-594120","1":"product","2":"type-product","3":"status-publish","4":"has-post-thumbnail","6":"product_cat-all-product","7":"product_cat-kedy","8":"pa_rozmir-910","9":"pa_rozmir-912","10":"pa_rozmir-914","11":"pa_rozmir-915","12":"pa_rozmir-916","13":"pa_rozmir-917","14":"pa_rozmir-918","15":"pa_rozmir-919","16":"pa_rozmir-920","17":"pa_rozmir-921","18":"pa_rozmir-922","20":"first","21":"instock","22":"purchasable","23":"product-type-variable"},"_links":{"self":[{"href":"https:\/\/nextsnkr.com\/et\/wp-json\/wp\/v2\/product\/594120","targetHints":{"allow":["GET"]}}],"collection":[{"href":"https:\/\/nextsnkr.com\/et\/wp-json\/wp\/v2\/product"}],"about":[{"href":"https:\/\/nextsnkr.com\/et\/wp-json\/wp\/v2\/types\/product"}],"replies":[{"embeddable":true,"href":"https:\/\/nextsnkr.com\/et\/wp-json\/wp\/v2\/comments?post=594120"}],"version-history":[{"count":0,"href":"https:\/\/nextsnkr.com\/et\/wp-json\/wp\/v2\/product\/594120\/revisions"}],"wp:featuredmedia":[{"embeddable":true,"href":"https:\/\/nextsnkr.com\/et\/wp-json\/wp\/v2\/media\/594121"}],"wp:attachment":[{"href":"https:\/\/nextsnkr.com\/et\/wp-json\/wp\/v2\/media?parent=594120"}],"wp:term":[{"taxonomy":"product_brand","embeddable":true,"href":"https:\/\/nextsnkr.com\/et\/wp-json\/wp\/v2\/product_brand?post=594120"},{"taxonomy":"product_cat","embeddable":true,"href":"https:\/\/nextsnkr.com\/et\/wp-json\/wp\/v2\/product_cat?post=594120"},{"taxonomy":"product_tag","embeddable":true,"href":"https:\/\/nextsnkr.com\/et\/wp-json\/wp\/v2\/product_tag?post=594120"}],"curies":[{"name":"wp","href":"https:\/\/api.w.org\/{rel}","templated":true}]}}