{"id":592577,"date":"2025-06-19T22:36:35","date_gmt":"2025-06-19T19:36:35","guid":{"rendered":"https:\/\/nextsnkr.com\/product\/bv-low-black-premium\/"},"modified":"2026-01-30T14:07:39","modified_gmt":"2026-01-30T11:07:39","slug":"bv-low-black-premium","status":"publish","type":"product","link":"https:\/\/nextsnkr.com\/et\/toode\/bv-low-black-premium\/","title":{"rendered":"BV LOW BLACK Premium ehtsast nahast saapad-Stiil ja usaldusv\u00e4\u00e4rsus"},"content":{"rendered":"<h2>BV LOW BLACK Premium ehtsast nahast saapad-Stiil ja usaldusv\u00e4\u00e4rsus<\/h2>\n<p>BV LOW BLACK Premium saapad on valmistatud kvaliteetsest ehtsast nahast, mis tagab vastupidavuse ja mugavuse kandmise ajal. BV kaubam\u00e4rgi mudel sobib igap\u00e4evaseks kasutamiseks ja stiilse v\u00e4limuse loomiseks. Ergonoomiline tald ja nutikas disain tagavad mugavuse igal sammul ning klassikaline must v\u00e4rv sobib h\u00f5lpsalt iga riietusega. Valige need saapad, et \u00fchendada elegants ja praktilisus \u00fches t\u00fckis.<\/p>\n","protected":false},"excerpt":{"rendered":"<p>BV LOW BLACK Premium saapad on valmistatud kvaliteetsest ehtsast nahast, mis tagab vastupidavuse ja mugavuse kandmise ajal. BV kaubam\u00e4rgi mudel sobib igap\u00e4evaseks kasutamiseks ja stiilse v\u00e4limuse loomiseks. Ergonoomiline tald ja nutikas disain tagavad mugavuse igal sammul ning klassikaline must v\u00e4rv sobib h\u00f5lpsalt iga riietusega. Valige need saapad, et \u00fchendada elegants ja praktilisus \u00fches t\u00fckis.<\/p>\n","protected":false},"featured_media":592578,"comment_status":"open","ping_status":"open","template":"","meta":[],"product_brand":[],"product_cat":[3186,3330],"product_tag":[],"class_list":{"0":"post-592577","1":"product","2":"type-product","3":"status-publish","4":"has-post-thumbnail","6":"product_cat-all-product","7":"product_cat-cherevyky","8":"pa_rozmir-910","9":"pa_rozmir-912","10":"pa_rozmir-914","11":"pa_rozmir-915","12":"pa_rozmir-916","13":"pa_rozmir-917","14":"pa_rozmir-918","15":"pa_rozmir-919","16":"pa_rozmir-920","17":"pa_rozmir-921","18":"pa_rozmir-922","20":"first","21":"onbackorder","22":"purchasable","23":"product-type-variable"},"_links":{"self":[{"href":"https:\/\/nextsnkr.com\/et\/wp-json\/wp\/v2\/product\/592577","targetHints":{"allow":["GET"]}}],"collection":[{"href":"https:\/\/nextsnkr.com\/et\/wp-json\/wp\/v2\/product"}],"about":[{"href":"https:\/\/nextsnkr.com\/et\/wp-json\/wp\/v2\/types\/product"}],"replies":[{"embeddable":true,"href":"https:\/\/nextsnkr.com\/et\/wp-json\/wp\/v2\/comments?post=592577"}],"version-history":[{"count":0,"href":"https:\/\/nextsnkr.com\/et\/wp-json\/wp\/v2\/product\/592577\/revisions"}],"wp:featuredmedia":[{"embeddable":true,"href":"https:\/\/nextsnkr.com\/et\/wp-json\/wp\/v2\/media\/592578"}],"wp:attachment":[{"href":"https:\/\/nextsnkr.com\/et\/wp-json\/wp\/v2\/media?parent=592577"}],"wp:term":[{"taxonomy":"product_brand","embeddable":true,"href":"https:\/\/nextsnkr.com\/et\/wp-json\/wp\/v2\/product_brand?post=592577"},{"taxonomy":"product_cat","embeddable":true,"href":"https:\/\/nextsnkr.com\/et\/wp-json\/wp\/v2\/product_cat?post=592577"},{"taxonomy":"product_tag","embeddable":true,"href":"https:\/\/nextsnkr.com\/et\/wp-json\/wp\/v2\/product_tag?post=592577"}],"curies":[{"name":"wp","href":"https:\/\/api.w.org\/{rel}","templated":true}]}}