{"id":591727,"date":"2025-06-19T22:40:53","date_gmt":"2025-06-19T19:40:53","guid":{"rendered":"https:\/\/nextsnkr.com\/product\/bv-black-blue-premium\/"},"modified":"2026-01-30T14:07:07","modified_gmt":"2026-01-30T11:07:07","slug":"bv-black-blue-premium","status":"publish","type":"product","link":"https:\/\/nextsnkr.com\/et\/toode\/bv-black-blue-premium\/","title":{"rendered":"BV mustad \/ sinised ehtsast nahast saapad, esmaklassiline kvaliteet"},"content":{"rendered":"<h2>BV mustad \/ sinised ehtsast nahast saapad, esmaklassiline kvaliteet<\/h2>\n<p>Stiilsed esmaklassilised BV Black \/ Blue saapad on valmistatud kvaliteetsest nahast, mis tagab vastupidavuse ja kandmismugavuse. Ideaalne igap\u00e4evaseks kasutamiseks ja kombineerimiseks mis tahes viisil, need \u00fchendavad vastupidavuse, elegantsi ja kaasaegse disaini. Valige see mudel, et r\u00f5hutada oma stiili ja tunda end mugavalt iga ilmaga.<\/p>\n","protected":false},"excerpt":{"rendered":"<p>Stiilsed esmaklassilised BV Black \/ Blue saapad on valmistatud kvaliteetsest nahast, mis tagab vastupidavuse ja kandmismugavuse. Ideaalne igap\u00e4evaseks kasutamiseks ja kombineerimiseks mis tahes viisil, need \u00fchendavad vastupidavuse, elegantsi ja kaasaegse disaini. Valige see mudel, et r\u00f5hutada oma stiili ja tunda end mugavalt iga ilmaga.<\/p>\n","protected":false},"featured_media":591728,"comment_status":"open","ping_status":"open","template":"","meta":[],"product_brand":[],"product_cat":[3186,3330],"product_tag":[],"class_list":{"0":"post-591727","1":"product","2":"type-product","3":"status-publish","4":"has-post-thumbnail","6":"product_cat-all-product","7":"product_cat-cherevyky","8":"pa_rozmir-910","9":"pa_rozmir-912","10":"pa_rozmir-914","11":"pa_rozmir-915","12":"pa_rozmir-916","13":"pa_rozmir-917","14":"pa_rozmir-918","15":"pa_rozmir-919","16":"pa_rozmir-920","17":"pa_rozmir-921","18":"pa_rozmir-922","20":"first","21":"onbackorder","22":"purchasable","23":"product-type-variable"},"_links":{"self":[{"href":"https:\/\/nextsnkr.com\/et\/wp-json\/wp\/v2\/product\/591727","targetHints":{"allow":["GET"]}}],"collection":[{"href":"https:\/\/nextsnkr.com\/et\/wp-json\/wp\/v2\/product"}],"about":[{"href":"https:\/\/nextsnkr.com\/et\/wp-json\/wp\/v2\/types\/product"}],"replies":[{"embeddable":true,"href":"https:\/\/nextsnkr.com\/et\/wp-json\/wp\/v2\/comments?post=591727"}],"version-history":[{"count":0,"href":"https:\/\/nextsnkr.com\/et\/wp-json\/wp\/v2\/product\/591727\/revisions"}],"wp:featuredmedia":[{"embeddable":true,"href":"https:\/\/nextsnkr.com\/et\/wp-json\/wp\/v2\/media\/591728"}],"wp:attachment":[{"href":"https:\/\/nextsnkr.com\/et\/wp-json\/wp\/v2\/media?parent=591727"}],"wp:term":[{"taxonomy":"product_brand","embeddable":true,"href":"https:\/\/nextsnkr.com\/et\/wp-json\/wp\/v2\/product_brand?post=591727"},{"taxonomy":"product_cat","embeddable":true,"href":"https:\/\/nextsnkr.com\/et\/wp-json\/wp\/v2\/product_cat?post=591727"},{"taxonomy":"product_tag","embeddable":true,"href":"https:\/\/nextsnkr.com\/et\/wp-json\/wp\/v2\/product_tag?post=591727"}],"curies":[{"name":"wp","href":"https:\/\/api.w.org\/{rel}","templated":true}]}}