{"id":591217,"date":"2025-06-19T22:43:28","date_gmt":"2025-06-19T19:43:28","guid":{"rendered":"https:\/\/nextsnkr.com\/product\/jordan-4\/"},"modified":"2026-01-30T14:06:42","modified_gmt":"2026-01-30T11:06:42","slug":"jordan-4","status":"publish","type":"product","link":"https:\/\/nextsnkr.com\/et\/toode\/jordan-4\/","title":{"rendered":"Jordan 4 nahast tossud-Stiil ja mugavus igap\u00e4evaseks kandmiseks"},"content":{"rendered":"<h2>Jordan 4 nahast tossud-Stiil ja mugavus igap\u00e4evaseks kandmiseks<\/h2>\n<p>Jordan 4 tossud on valmistatud kvaliteetsest nahast, mis tagab vastupidavuse ja mugavuse kandmise ajal. Mudel \u00fchendab stiilse disaini ja usaldusv\u00e4\u00e4rse pehmenduse, sobib igap\u00e4evaseks kasutamiseks ja aktiivseks puhkuseks. Jordan 4 tagab mugava jala istuvuse ja elegantse v\u00e4limuse igas olukorras. Valige see mudel kaasaegse v\u00e4limuse ja maksimaalse mugavuse tagamiseks.<\/p>\n","protected":false},"excerpt":{"rendered":"<p>Jordan 4 tossud on valmistatud kvaliteetsest nahast, mis tagab vastupidavuse ja mugavuse kandmise ajal. Mudel \u00fchendab stiilse disaini ja usaldusv\u00e4\u00e4rse pehmenduse, sobib igap\u00e4evaseks kasutamiseks ja aktiivseks puhkuseks. Jordan 4 tagab mugava jala istuvuse ja elegantse v\u00e4limuse igas olukorras. Valige see mudel kaasaegse v\u00e4limuse ja maksimaalse mugavuse tagamiseks.<\/p>\n","protected":false},"featured_media":591218,"comment_status":"open","ping_status":"open","template":"","meta":[],"product_brand":[],"product_cat":[3382,3186,3187],"product_tag":[],"class_list":{"0":"post-591217","1":"product","2":"type-product","3":"status-publish","4":"has-post-thumbnail","6":"product_cat-nike-jordan","7":"product_cat-all-product","8":"product_cat-krosivky","9":"pa_rozmir-910","10":"pa_rozmir-912","11":"pa_rozmir-914","12":"pa_rozmir-915","13":"pa_rozmir-916","14":"pa_rozmir-917","15":"pa_rozmir-918","16":"pa_rozmir-919","17":"pa_rozmir-920","18":"pa_rozmir-921","19":"pa_rozmir-922","21":"first","22":"instock","23":"purchasable","24":"product-type-variable"},"_links":{"self":[{"href":"https:\/\/nextsnkr.com\/et\/wp-json\/wp\/v2\/product\/591217","targetHints":{"allow":["GET"]}}],"collection":[{"href":"https:\/\/nextsnkr.com\/et\/wp-json\/wp\/v2\/product"}],"about":[{"href":"https:\/\/nextsnkr.com\/et\/wp-json\/wp\/v2\/types\/product"}],"replies":[{"embeddable":true,"href":"https:\/\/nextsnkr.com\/et\/wp-json\/wp\/v2\/comments?post=591217"}],"version-history":[{"count":0,"href":"https:\/\/nextsnkr.com\/et\/wp-json\/wp\/v2\/product\/591217\/revisions"}],"wp:featuredmedia":[{"embeddable":true,"href":"https:\/\/nextsnkr.com\/et\/wp-json\/wp\/v2\/media\/591218"}],"wp:attachment":[{"href":"https:\/\/nextsnkr.com\/et\/wp-json\/wp\/v2\/media?parent=591217"}],"wp:term":[{"taxonomy":"product_brand","embeddable":true,"href":"https:\/\/nextsnkr.com\/et\/wp-json\/wp\/v2\/product_brand?post=591217"},{"taxonomy":"product_cat","embeddable":true,"href":"https:\/\/nextsnkr.com\/et\/wp-json\/wp\/v2\/product_cat?post=591217"},{"taxonomy":"product_tag","embeddable":true,"href":"https:\/\/nextsnkr.com\/et\/wp-json\/wp\/v2\/product_tag?post=591217"}],"curies":[{"name":"wp","href":"https:\/\/api.w.org\/{rel}","templated":true}]}}