{"id":591047,"date":"2025-06-19T22:45:12","date_gmt":"2025-06-19T19:45:12","guid":{"rendered":"https:\/\/nextsnkr.com\/product\/air-jordan-1-kytaj-rasprodazha\/"},"modified":"2026-01-30T14:06:38","modified_gmt":"2026-01-30T11:06:38","slug":"air-jordan-1-kytaj-rasprodazha","status":"publish","type":"product","link":"https:\/\/nextsnkr.com\/et\/toode\/air-jordan-1-kytaj-rasprodazha\/","title":{"rendered":"Air Jordan tossud 1 nahast Stiilne m\u00fc\u00fck"},"content":{"rendered":"<h2>Air Jordan tossud 1 nahast Stiilne m\u00fc\u00fck<\/h2>\n<p>Air Jordan 1 tossud on valmistatud kvaliteetsest nahast, mis tagab mugavuse ja vastupidavuse. Mudel sobib ideaalselt igap\u00e4evaseks kandmiseks ja v\u00e4litegevuseks, \u00fchendades moes disaini ja kindla jala sobivuse. Air Jordan 1 r\u00f5hutab stiili ja olekut, muutes teie v\u00e4limuse kaasaegseks ja atraktiivseks. Ideaalne valik br\u00e4ndi f\u00e4nnidele ja kvaliteetsete kingade austajatele soodsa hinnaga.<\/p>\n","protected":false},"excerpt":{"rendered":"<p>Air Jordan 1 tossud on valmistatud kvaliteetsest nahast, mis tagab mugavuse ja vastupidavuse. Mudel sobib ideaalselt igap\u00e4evaseks kandmiseks ja v\u00e4litegevuseks, \u00fchendades moes disaini ja kindla jala sobivuse. Air Jordan 1 r\u00f5hutab stiili ja olekut, muutes teie v\u00e4limuse kaasaegseks ja atraktiivseks. Ideaalne valik br\u00e4ndi f\u00e4nnidele ja kvaliteetsete kingade austajatele soodsa hinnaga.<\/p>\n","protected":false},"featured_media":591048,"comment_status":"open","ping_status":"open","template":"","meta":[],"product_brand":[],"product_cat":[3382,3186,3317],"product_tag":[],"class_list":{"0":"post-591047","1":"product","2":"type-product","3":"status-publish","4":"has-post-thumbnail","6":"product_cat-nike-jordan","7":"product_cat-all-product","8":"product_cat-kedy","9":"pa_rozmir-910","10":"pa_rozmir-912","11":"pa_rozmir-914","12":"pa_rozmir-915","13":"pa_rozmir-916","14":"pa_rozmir-917","15":"pa_rozmir-918","16":"pa_rozmir-919","17":"pa_rozmir-920","18":"pa_rozmir-921","19":"pa_rozmir-922","21":"first","22":"onbackorder","23":"purchasable","24":"product-type-variable"},"_links":{"self":[{"href":"https:\/\/nextsnkr.com\/et\/wp-json\/wp\/v2\/product\/591047","targetHints":{"allow":["GET"]}}],"collection":[{"href":"https:\/\/nextsnkr.com\/et\/wp-json\/wp\/v2\/product"}],"about":[{"href":"https:\/\/nextsnkr.com\/et\/wp-json\/wp\/v2\/types\/product"}],"replies":[{"embeddable":true,"href":"https:\/\/nextsnkr.com\/et\/wp-json\/wp\/v2\/comments?post=591047"}],"version-history":[{"count":0,"href":"https:\/\/nextsnkr.com\/et\/wp-json\/wp\/v2\/product\/591047\/revisions"}],"wp:featuredmedia":[{"embeddable":true,"href":"https:\/\/nextsnkr.com\/et\/wp-json\/wp\/v2\/media\/591048"}],"wp:attachment":[{"href":"https:\/\/nextsnkr.com\/et\/wp-json\/wp\/v2\/media?parent=591047"}],"wp:term":[{"taxonomy":"product_brand","embeddable":true,"href":"https:\/\/nextsnkr.com\/et\/wp-json\/wp\/v2\/product_brand?post=591047"},{"taxonomy":"product_cat","embeddable":true,"href":"https:\/\/nextsnkr.com\/et\/wp-json\/wp\/v2\/product_cat?post=591047"},{"taxonomy":"product_tag","embeddable":true,"href":"https:\/\/nextsnkr.com\/et\/wp-json\/wp\/v2\/product_tag?post=591047"}],"curies":[{"name":"wp","href":"https:\/\/api.w.org\/{rel}","templated":true}]}}