{"id":590707,"date":"2025-06-19T22:47:56","date_gmt":"2025-06-19T19:47:56","guid":{"rendered":"https:\/\/nextsnkr.com\/product\/air-jordan-1-2\/"},"modified":"2026-01-30T14:06:19","modified_gmt":"2026-01-30T11:06:19","slug":"air-jordan-1-2","status":"publish","type":"product","link":"https:\/\/nextsnkr.com\/et\/toode\/air-jordan-1-2\/","title":{"rendered":"Air Jordan 1 ehtsast nahast ja tekstiilist tossud igap\u00e4evaseks stiiliks"},"content":{"rendered":"<h2>Air Jordan 1 ehtsast nahast ja tekstiilist tossud igap\u00e4evaseks stiiliks<\/h2>\n<p>Air Jordan 1 tossud \u00fchendavad legendaarse disaini ja kaasaegse mugavuse. Valmistatud kvaliteetsest nahast ja tekstiilist, pakuvad need vastupidavust ja mugavust igap\u00e4evaseks kandmiseks. Air Jordani kaubam\u00e4rk tagab stiilse v\u00e4limuse ja prestii\u017ei, samas kui klassikaline siluett sobib ideaalselt igap\u00e4evaseks kasutamiseks ja aktiivseks elustiiliks. Need tossud on teie garderoobis s\u00e4rav aktsent ja r\u00f5hutavad isikup\u00e4ra.<\/p>\n","protected":false},"excerpt":{"rendered":"<p>Air Jordan 1 tossud \u00fchendavad legendaarse disaini ja kaasaegse mugavuse. Valmistatud kvaliteetsest nahast ja tekstiilist, pakuvad need vastupidavust ja mugavust igap\u00e4evaseks kandmiseks. Air Jordani kaubam\u00e4rk tagab stiilse v\u00e4limuse ja prestii\u017ei, samas kui klassikaline siluett sobib ideaalselt igap\u00e4evaseks kasutamiseks ja aktiivseks elustiiliks. Need tossud on teie garderoobis s\u00e4rav aktsent ja r\u00f5hutavad isikup\u00e4ra.<\/p>\n","protected":false},"featured_media":590708,"comment_status":"open","ping_status":"open","template":"","meta":[],"product_brand":[],"product_cat":[3382,3186,3317],"product_tag":[],"class_list":{"0":"post-590707","1":"product","2":"type-product","3":"status-publish","4":"has-post-thumbnail","6":"product_cat-nike-jordan","7":"product_cat-all-product","8":"product_cat-kedy","9":"pa_rozmir-910","10":"pa_rozmir-912","11":"pa_rozmir-914","12":"pa_rozmir-915","13":"pa_rozmir-916","14":"pa_rozmir-917","15":"pa_rozmir-918","16":"pa_rozmir-919","17":"pa_rozmir-920","18":"pa_rozmir-921","19":"pa_rozmir-922","21":"first","22":"instock","23":"purchasable","24":"product-type-variable"},"_links":{"self":[{"href":"https:\/\/nextsnkr.com\/et\/wp-json\/wp\/v2\/product\/590707","targetHints":{"allow":["GET"]}}],"collection":[{"href":"https:\/\/nextsnkr.com\/et\/wp-json\/wp\/v2\/product"}],"about":[{"href":"https:\/\/nextsnkr.com\/et\/wp-json\/wp\/v2\/types\/product"}],"replies":[{"embeddable":true,"href":"https:\/\/nextsnkr.com\/et\/wp-json\/wp\/v2\/comments?post=590707"}],"version-history":[{"count":0,"href":"https:\/\/nextsnkr.com\/et\/wp-json\/wp\/v2\/product\/590707\/revisions"}],"wp:featuredmedia":[{"embeddable":true,"href":"https:\/\/nextsnkr.com\/et\/wp-json\/wp\/v2\/media\/590708"}],"wp:attachment":[{"href":"https:\/\/nextsnkr.com\/et\/wp-json\/wp\/v2\/media?parent=590707"}],"wp:term":[{"taxonomy":"product_brand","embeddable":true,"href":"https:\/\/nextsnkr.com\/et\/wp-json\/wp\/v2\/product_brand?post=590707"},{"taxonomy":"product_cat","embeddable":true,"href":"https:\/\/nextsnkr.com\/et\/wp-json\/wp\/v2\/product_cat?post=590707"},{"taxonomy":"product_tag","embeddable":true,"href":"https:\/\/nextsnkr.com\/et\/wp-json\/wp\/v2\/product_tag?post=590707"}],"curies":[{"name":"wp","href":"https:\/\/api.w.org\/{rel}","templated":true}]}}