{"id":590537,"date":"2025-06-19T22:48:56","date_gmt":"2025-06-19T19:48:56","guid":{"rendered":"https:\/\/nextsnkr.com\/product\/air-jordan-1-top-kachestvo-kytaj\/"},"modified":"2026-01-30T14:06:15","modified_gmt":"2026-01-30T11:06:15","slug":"air-jordan-1-top-kachestvo-kytaj","status":"publish","type":"product","link":"https:\/\/nextsnkr.com\/et\/toode\/air-jordan-1-top-kachestvo-kytaj\/","title":{"rendered":"Air Jordan tossud 1 nahast tippkvaliteediga Vietnamist"},"content":{"rendered":"<h2>Air Jordan tossud 1 nahast tippkvaliteediga Vietnamist<\/h2>\n<p>Stiilsed air Jordan 1 tossud on valmistatud kvaliteetsest nahast, mis tagab mugavuse ja vastupidavuse. Air Jordani kaubam\u00e4rk on tuntud esmaklassilise disaini ja kaasaegse stiili poolest. Need Air Jordan 1 tossud sobivad ideaalselt igap\u00e4evaseks kandmiseks ja trendika v\u00e4limuse loomiseks. Kerge, mugav ja stiilne \u2014 valige oma garderoobi jaoks mugavus ja elegants.<\/p>\n","protected":false},"excerpt":{"rendered":"<p>Stiilsed air Jordan 1 tossud on valmistatud kvaliteetsest nahast, mis tagab mugavuse ja vastupidavuse. Air Jordani kaubam\u00e4rk on tuntud esmaklassilise disaini ja kaasaegse stiili poolest. Need Air Jordan 1 tossud sobivad ideaalselt igap\u00e4evaseks kandmiseks ja trendika v\u00e4limuse loomiseks. Kerge, mugav ja stiilne \u2014 valige oma garderoobi jaoks mugavus ja elegants.<\/p>\n","protected":false},"featured_media":590538,"comment_status":"open","ping_status":"open","template":"","meta":[],"product_brand":[],"product_cat":[3382,3186,3317],"product_tag":[],"class_list":{"0":"post-590537","1":"product","2":"type-product","3":"status-publish","4":"has-post-thumbnail","6":"product_cat-nike-jordan","7":"product_cat-all-product","8":"product_cat-kedy","9":"pa_rozmir-910","10":"pa_rozmir-912","11":"pa_rozmir-914","12":"pa_rozmir-915","13":"pa_rozmir-916","14":"pa_rozmir-917","15":"pa_rozmir-918","16":"pa_rozmir-919","17":"pa_rozmir-920","18":"pa_rozmir-921","19":"pa_rozmir-922","21":"first","22":"instock","23":"purchasable","24":"product-type-variable"},"_links":{"self":[{"href":"https:\/\/nextsnkr.com\/et\/wp-json\/wp\/v2\/product\/590537","targetHints":{"allow":["GET"]}}],"collection":[{"href":"https:\/\/nextsnkr.com\/et\/wp-json\/wp\/v2\/product"}],"about":[{"href":"https:\/\/nextsnkr.com\/et\/wp-json\/wp\/v2\/types\/product"}],"replies":[{"embeddable":true,"href":"https:\/\/nextsnkr.com\/et\/wp-json\/wp\/v2\/comments?post=590537"}],"version-history":[{"count":0,"href":"https:\/\/nextsnkr.com\/et\/wp-json\/wp\/v2\/product\/590537\/revisions"}],"wp:featuredmedia":[{"embeddable":true,"href":"https:\/\/nextsnkr.com\/et\/wp-json\/wp\/v2\/media\/590538"}],"wp:attachment":[{"href":"https:\/\/nextsnkr.com\/et\/wp-json\/wp\/v2\/media?parent=590537"}],"wp:term":[{"taxonomy":"product_brand","embeddable":true,"href":"https:\/\/nextsnkr.com\/et\/wp-json\/wp\/v2\/product_brand?post=590537"},{"taxonomy":"product_cat","embeddable":true,"href":"https:\/\/nextsnkr.com\/et\/wp-json\/wp\/v2\/product_cat?post=590537"},{"taxonomy":"product_tag","embeddable":true,"href":"https:\/\/nextsnkr.com\/et\/wp-json\/wp\/v2\/product_tag?post=590537"}],"curies":[{"name":"wp","href":"https:\/\/api.w.org\/{rel}","templated":true}]}}