{"id":589177,"date":"2025-06-19T22:56:36","date_gmt":"2025-06-19T19:56:36","guid":{"rendered":"https:\/\/nextsnkr.com\/product\/1906a-grey-burgundy\/"},"modified":"2026-01-30T14:05:29","modified_gmt":"2026-01-30T11:05:29","slug":"1906a-grey-burgundy","status":"publish","type":"product","link":"https:\/\/nextsnkr.com\/et\/toode\/1906a-grey-burgundy\/","title":{"rendered":"1906a Grey Burgundy nahast ja tekstiilist tossud-mugavus ja stiil"},"content":{"rendered":"<h2>1906a Grey Burgundy nahast ja tekstiilist tossud-mugavus ja stiil<\/h2>\n<p>1906a Grey Burgundy tossud on valmistatud ehtsast nahast ja tekstiilist, mis tagab mugavuse ja vastupidavuse. Vietnami tootja mudel sobib aktiivseks igap\u00e4evaseks kasutamiseks ja stiilseks v\u00e4limuseks. Ergonoomiline tald pakub jalale pehmendust ja tuge ning halli ja Burgundia mitmek\u00fclgne kombinatsioon muudab tossud h\u00f5lpsasti \u00fchilduvaks erinevate r\u00f5ivastega. Ideaalne valik praktilisuse ja moodsa disaini \u00fchendamiseks.<\/p>\n","protected":false},"excerpt":{"rendered":"<p>1906a Grey Burgundy tossud on valmistatud ehtsast nahast ja tekstiilist, mis tagab mugavuse ja vastupidavuse. Vietnami tootja mudel sobib aktiivseks igap\u00e4evaseks kasutamiseks ja stiilseks v\u00e4limuseks. Ergonoomiline tald pakub jalale pehmendust ja tuge ning halli ja Burgundia mitmek\u00fclgne kombinatsioon muudab tossud h\u00f5lpsasti \u00fchilduvaks erinevate r\u00f5ivastega. Ideaalne valik praktilisuse ja moodsa disaini \u00fchendamiseks.<\/p>\n","protected":false},"featured_media":589178,"comment_status":"open","ping_status":"open","template":"","meta":[],"product_brand":[],"product_cat":[3186,3187],"product_tag":[],"class_list":{"0":"post-589177","1":"product","2":"type-product","3":"status-publish","4":"has-post-thumbnail","6":"product_cat-all-product","7":"product_cat-krosivky","8":"pa_rozmir-910","9":"pa_rozmir-912","10":"pa_rozmir-914","11":"pa_rozmir-915","12":"pa_rozmir-916","13":"pa_rozmir-917","14":"pa_rozmir-918","15":"pa_rozmir-919","16":"pa_rozmir-920","17":"pa_rozmir-921","18":"pa_rozmir-922","20":"first","21":"instock","22":"purchasable","23":"product-type-variable"},"_links":{"self":[{"href":"https:\/\/nextsnkr.com\/et\/wp-json\/wp\/v2\/product\/589177","targetHints":{"allow":["GET"]}}],"collection":[{"href":"https:\/\/nextsnkr.com\/et\/wp-json\/wp\/v2\/product"}],"about":[{"href":"https:\/\/nextsnkr.com\/et\/wp-json\/wp\/v2\/types\/product"}],"replies":[{"embeddable":true,"href":"https:\/\/nextsnkr.com\/et\/wp-json\/wp\/v2\/comments?post=589177"}],"version-history":[{"count":0,"href":"https:\/\/nextsnkr.com\/et\/wp-json\/wp\/v2\/product\/589177\/revisions"}],"wp:featuredmedia":[{"embeddable":true,"href":"https:\/\/nextsnkr.com\/et\/wp-json\/wp\/v2\/media\/589178"}],"wp:attachment":[{"href":"https:\/\/nextsnkr.com\/et\/wp-json\/wp\/v2\/media?parent=589177"}],"wp:term":[{"taxonomy":"product_brand","embeddable":true,"href":"https:\/\/nextsnkr.com\/et\/wp-json\/wp\/v2\/product_brand?post=589177"},{"taxonomy":"product_cat","embeddable":true,"href":"https:\/\/nextsnkr.com\/et\/wp-json\/wp\/v2\/product_cat?post=589177"},{"taxonomy":"product_tag","embeddable":true,"href":"https:\/\/nextsnkr.com\/et\/wp-json\/wp\/v2\/product_tag?post=589177"}],"curies":[{"name":"wp","href":"https:\/\/api.w.org\/{rel}","templated":true}]}}