{"id":589007,"date":"2025-06-19T22:57:44","date_gmt":"2025-06-19T19:57:44","guid":{"rendered":"https:\/\/nextsnkr.com\/product\/x-miu-miu-530-cinnamon\/"},"modified":"2026-01-30T14:05:13","modified_gmt":"2026-01-30T11:05:13","slug":"x-miu-miu-530-cinnamon","status":"publish","type":"product","link":"https:\/\/nextsnkr.com\/et\/toode\/x-miu-miu-530-cinnamon\/","title":{"rendered":"Tossud x Miu Miu 530 cinnamon seemisnahast Itaaliast"},"content":{"rendered":"<h2>Tossud x Miu Miu 530 cinnamon seemisnahast Itaaliast<\/h2>\n<p>X Miu Miu 530 cinnamon stiilsed tossud on valmistatud kvaliteetsest seemisnahast, mis tagab mugavuse ja vastupidavuse. Itaalia tootmine tagab esmaklassilise kvaliteedi ja elegantse disaini. Mudel sobib ideaalselt igap\u00e4evaseks kandmiseks ja moodsa ilme loomiseks. Valige x Miu Miu 530 Cinnamon, et \u00fchendada stiil, mugavus ja esmaklassiline v\u00e4limus.<\/p>\n","protected":false},"excerpt":{"rendered":"<p>X Miu Miu 530 cinnamon stiilsed tossud on valmistatud kvaliteetsest seemisnahast, mis tagab mugavuse ja vastupidavuse. Itaalia tootmine tagab esmaklassilise kvaliteedi ja elegantse disaini. Mudel sobib ideaalselt igap\u00e4evaseks kandmiseks ja moodsa ilme loomiseks. Valige x Miu Miu 530 Cinnamon, et \u00fchendada stiil, mugavus ja esmaklassiline v\u00e4limus.<\/p>\n","protected":false},"featured_media":589008,"comment_status":"open","ping_status":"open","template":"","meta":[],"product_brand":[],"product_cat":[3186,3187],"product_tag":[],"class_list":{"0":"post-589007","1":"product","2":"type-product","3":"status-publish","4":"has-post-thumbnail","6":"product_cat-all-product","7":"product_cat-krosivky","8":"pa_rozmir-910","9":"pa_rozmir-912","10":"pa_rozmir-914","11":"pa_rozmir-915","12":"pa_rozmir-916","13":"pa_rozmir-917","14":"pa_rozmir-918","15":"pa_rozmir-919","16":"pa_rozmir-920","17":"pa_rozmir-921","18":"pa_rozmir-922","20":"first","21":"instock","22":"purchasable","23":"product-type-variable"},"_links":{"self":[{"href":"https:\/\/nextsnkr.com\/et\/wp-json\/wp\/v2\/product\/589007","targetHints":{"allow":["GET"]}}],"collection":[{"href":"https:\/\/nextsnkr.com\/et\/wp-json\/wp\/v2\/product"}],"about":[{"href":"https:\/\/nextsnkr.com\/et\/wp-json\/wp\/v2\/types\/product"}],"replies":[{"embeddable":true,"href":"https:\/\/nextsnkr.com\/et\/wp-json\/wp\/v2\/comments?post=589007"}],"version-history":[{"count":0,"href":"https:\/\/nextsnkr.com\/et\/wp-json\/wp\/v2\/product\/589007\/revisions"}],"wp:featuredmedia":[{"embeddable":true,"href":"https:\/\/nextsnkr.com\/et\/wp-json\/wp\/v2\/media\/589008"}],"wp:attachment":[{"href":"https:\/\/nextsnkr.com\/et\/wp-json\/wp\/v2\/media?parent=589007"}],"wp:term":[{"taxonomy":"product_brand","embeddable":true,"href":"https:\/\/nextsnkr.com\/et\/wp-json\/wp\/v2\/product_brand?post=589007"},{"taxonomy":"product_cat","embeddable":true,"href":"https:\/\/nextsnkr.com\/et\/wp-json\/wp\/v2\/product_cat?post=589007"},{"taxonomy":"product_tag","embeddable":true,"href":"https:\/\/nextsnkr.com\/et\/wp-json\/wp\/v2\/product_tag?post=589007"}],"curies":[{"name":"wp","href":"https:\/\/api.w.org\/{rel}","templated":true}]}}