{"id":588837,"date":"2025-06-19T22:58:35","date_gmt":"2025-06-19T19:58:35","guid":{"rendered":"https:\/\/nextsnkr.com\/product\/9060-sparrow-u9060eeh\/"},"modified":"2026-01-30T14:05:09","modified_gmt":"2026-01-30T11:05:09","slug":"9060-sparrow-u9060eeh","status":"publish","type":"product","link":"https:\/\/nextsnkr.com\/et\/toode\/9060-sparrow-u9060eeh\/","title":{"rendered":"Tossud 9060 Sparrow U9060EEH seemisnahast ja tekstiilist igap\u00e4evaseks kandmiseks"},"content":{"rendered":"<h2>Tossud 9060 Sparrow U9060EEH seemisnahast ja tekstiilist igap\u00e4evaseks kandmiseks<\/h2>\n<p>9060 Sparrow u9060eeh tossud \u00fchendavad stiili ja mugavuse kvaliteetsete materjalide-seemisnaha ja tekstiiliga. Valmistatud Vietnamis, on need vastupidavad ja vastupidavad, sobivad ideaalselt aktiivseks igap\u00e4evaseks kasutamiseks. Kerge ja mugav, need tossud pakuvad kogu p\u00e4eva mugavust ning Sparrow kaubam\u00e4rgi kaasaegne disain t\u00f5stab esile teie stiili ja isikup\u00e4ra.<\/p>\n","protected":false},"excerpt":{"rendered":"<p>9060 Sparrow u9060eeh tossud \u00fchendavad stiili ja mugavuse kvaliteetsete materjalide-seemisnaha ja tekstiiliga. Valmistatud Vietnamis, on need vastupidavad ja vastupidavad, sobivad ideaalselt aktiivseks igap\u00e4evaseks kasutamiseks. Kerge ja mugav, need tossud pakuvad kogu p\u00e4eva mugavust ning Sparrow kaubam\u00e4rgi kaasaegne disain t\u00f5stab esile teie stiili ja isikup\u00e4ra.<\/p>\n","protected":false},"featured_media":588838,"comment_status":"open","ping_status":"open","template":"","meta":[],"product_brand":[],"product_cat":[3186,3187],"product_tag":[],"class_list":{"0":"post-588837","1":"product","2":"type-product","3":"status-publish","4":"has-post-thumbnail","6":"product_cat-all-product","7":"product_cat-krosivky","8":"pa_rozmir-910","9":"pa_rozmir-912","10":"pa_rozmir-914","11":"pa_rozmir-915","12":"pa_rozmir-916","13":"pa_rozmir-917","14":"pa_rozmir-918","15":"pa_rozmir-919","16":"pa_rozmir-920","17":"pa_rozmir-921","18":"pa_rozmir-922","20":"first","21":"instock","22":"purchasable","23":"product-type-variable"},"_links":{"self":[{"href":"https:\/\/nextsnkr.com\/et\/wp-json\/wp\/v2\/product\/588837","targetHints":{"allow":["GET"]}}],"collection":[{"href":"https:\/\/nextsnkr.com\/et\/wp-json\/wp\/v2\/product"}],"about":[{"href":"https:\/\/nextsnkr.com\/et\/wp-json\/wp\/v2\/types\/product"}],"replies":[{"embeddable":true,"href":"https:\/\/nextsnkr.com\/et\/wp-json\/wp\/v2\/comments?post=588837"}],"version-history":[{"count":0,"href":"https:\/\/nextsnkr.com\/et\/wp-json\/wp\/v2\/product\/588837\/revisions"}],"wp:featuredmedia":[{"embeddable":true,"href":"https:\/\/nextsnkr.com\/et\/wp-json\/wp\/v2\/media\/588838"}],"wp:attachment":[{"href":"https:\/\/nextsnkr.com\/et\/wp-json\/wp\/v2\/media?parent=588837"}],"wp:term":[{"taxonomy":"product_brand","embeddable":true,"href":"https:\/\/nextsnkr.com\/et\/wp-json\/wp\/v2\/product_brand?post=588837"},{"taxonomy":"product_cat","embeddable":true,"href":"https:\/\/nextsnkr.com\/et\/wp-json\/wp\/v2\/product_cat?post=588837"},{"taxonomy":"product_tag","embeddable":true,"href":"https:\/\/nextsnkr.com\/et\/wp-json\/wp\/v2\/product_tag?post=588837"}],"curies":[{"name":"wp","href":"https:\/\/api.w.org\/{rel}","templated":true}]}}