{"id":587810,"date":"2025-06-18T21:42:29","date_gmt":"2025-06-18T18:42:29","guid":{"rendered":"https:\/\/nextsnkr.com\/product\/pravda-white-black\/"},"modified":"2026-01-30T14:04:31","modified_gmt":"2026-01-30T11:04:31","slug":"pravda-white-black","status":"publish","type":"product","link":"https:\/\/nextsnkr.com\/et\/toode\/pravda-white-black\/","title":{"rendered":"Pravda valged \/ mustad seemisnahast ja tekstiilist tossud, stiilsed ja mugavad"},"content":{"rendered":"<h2>Pravda valged \/ mustad seemisnahast ja tekstiilist tossud, stiilsed ja mugavad<\/h2>\n<p>Pravda valged \/ mustad tossud on kombinatsioon kaasaegsest disainist ja kvaliteetsest. Valmistatud seemisnahast ja tekstiilist, pakuvad need tugevust, mugavust ja stiilset jalga. Ideaalne igap\u00e4evaseks kandmiseks, jalutamiseks ja aktiivseks puhkuseks. Silmatorkav kontrastne disain muudab v\u00e4limuse trendikaks ja pilkup\u00fc\u00fcdvaks, samas kui kerge konstruktsioon pakub mugavust kogu p\u00e4eva v\u00e4ltel.<\/p>\n","protected":false},"excerpt":{"rendered":"<p>Pravda valged \/ mustad tossud on kombinatsioon kaasaegsest disainist ja kvaliteetsest. Valmistatud seemisnahast ja tekstiilist, pakuvad need tugevust, mugavust ja stiilset jalga. Ideaalne igap\u00e4evaseks kandmiseks, jalutamiseks ja aktiivseks puhkuseks. Silmatorkav kontrastne disain muudab v\u00e4limuse trendikaks ja pilkup\u00fc\u00fcdvaks, samas kui kerge konstruktsioon pakub mugavust kogu p\u00e4eva v\u00e4ltel.<\/p>\n","protected":false},"featured_media":587811,"comment_status":"open","ping_status":"open","template":"","meta":[],"product_brand":[],"product_cat":[3186,3317],"product_tag":[],"class_list":{"0":"post-587810","1":"product","2":"type-product","3":"status-publish","4":"has-post-thumbnail","6":"product_cat-all-product","7":"product_cat-kedy","8":"pa_rozmir-910","9":"pa_rozmir-912","10":"pa_rozmir-914","11":"pa_rozmir-915","12":"pa_rozmir-916","13":"pa_rozmir-917","14":"pa_rozmir-918","15":"pa_rozmir-919","16":"pa_rozmir-920","17":"pa_rozmir-921","18":"pa_rozmir-922","20":"first","21":"onbackorder","22":"purchasable","23":"product-type-variable"},"_links":{"self":[{"href":"https:\/\/nextsnkr.com\/et\/wp-json\/wp\/v2\/product\/587810","targetHints":{"allow":["GET"]}}],"collection":[{"href":"https:\/\/nextsnkr.com\/et\/wp-json\/wp\/v2\/product"}],"about":[{"href":"https:\/\/nextsnkr.com\/et\/wp-json\/wp\/v2\/types\/product"}],"replies":[{"embeddable":true,"href":"https:\/\/nextsnkr.com\/et\/wp-json\/wp\/v2\/comments?post=587810"}],"version-history":[{"count":0,"href":"https:\/\/nextsnkr.com\/et\/wp-json\/wp\/v2\/product\/587810\/revisions"}],"wp:featuredmedia":[{"embeddable":true,"href":"https:\/\/nextsnkr.com\/et\/wp-json\/wp\/v2\/media\/587811"}],"wp:attachment":[{"href":"https:\/\/nextsnkr.com\/et\/wp-json\/wp\/v2\/media?parent=587810"}],"wp:term":[{"taxonomy":"product_brand","embeddable":true,"href":"https:\/\/nextsnkr.com\/et\/wp-json\/wp\/v2\/product_brand?post=587810"},{"taxonomy":"product_cat","embeddable":true,"href":"https:\/\/nextsnkr.com\/et\/wp-json\/wp\/v2\/product_cat?post=587810"},{"taxonomy":"product_tag","embeddable":true,"href":"https:\/\/nextsnkr.com\/et\/wp-json\/wp\/v2\/product_tag?post=587810"}],"curies":[{"name":"wp","href":"https:\/\/api.w.org\/{rel}","templated":true}]}}