{"id":586961,"date":"2025-06-18T22:25:09","date_gmt":"2025-06-18T19:25:09","guid":{"rendered":"https:\/\/nextsnkr.com\/product\/air-jordan-retro-4-x-a-ma-maniere-fossil-stone-premium\/"},"modified":"2026-01-30T14:03:57","modified_gmt":"2026-01-30T11:03:57","slug":"air-jordan-retro-4-x-a-ma-maniere-fossil-stone-premium","status":"publish","type":"product","link":"https:\/\/nextsnkr.com\/et\/toode\/air-jordan-retro-4-x-a-ma-maniere-fossil-stone-premium\/","title":{"rendered":"Astro air jordan retro 4 X A Ma Mani astre &#8221; fossiilne kivi &#8220;"},"content":{"rendered":"<h2>Astro air jordan retro 4 X A Ma Mani astre &#8221; fossiilne kivi &#8220;<\/h2>\n<p>Stiilsed AIR JORDAN RETRO 4 x A Ma MANI\u00c8RE &#8220;FOSSIILKIVI&#8221; tossud on valmistatud kvaliteetsest ehtsast seemisnahast ja Nahast, et tagada mugavus ja vastupidavus. Premium disain r\u00f5hutab isikup\u00e4ra ja kaasaegset stiili, muutes need ideaalseks igap\u00e4evaseks kandmiseks ja sportlikuks tegevuseks. Air Jordani kaubam\u00e4rk tagab usaldusv\u00e4\u00e4rsuse ja k\u00f5rge kvaliteedi, luues teie garderoobi stiilse ja praktilise valiku.<\/p>\n","protected":false},"excerpt":{"rendered":"<p>Stiilsed AIR JORDAN RETRO 4 x A Ma MANI\u00c8RE &#8220;FOSSIILKIVI&#8221; tossud on valmistatud kvaliteetsest ehtsast seemisnahast ja Nahast, et tagada mugavus ja vastupidavus. Premium disain r\u00f5hutab isikup\u00e4ra ja kaasaegset stiili, muutes need ideaalseks igap\u00e4evaseks kandmiseks ja sportlikuks tegevuseks. Air Jordani kaubam\u00e4rk tagab usaldusv\u00e4\u00e4rsuse ja k\u00f5rge kvaliteedi, luues teie garderoobi stiilse ja praktilise valiku.<\/p>\n","protected":false},"featured_media":586962,"comment_status":"open","ping_status":"open","template":"","meta":[],"product_brand":[],"product_cat":[3382,3186,3187],"product_tag":[],"class_list":{"0":"post-586961","1":"product","2":"type-product","3":"status-publish","4":"has-post-thumbnail","6":"product_cat-nike-jordan","7":"product_cat-all-product","8":"product_cat-krosivky","9":"pa_rozmir-910","10":"pa_rozmir-912","11":"pa_rozmir-914","12":"pa_rozmir-915","13":"pa_rozmir-916","14":"pa_rozmir-917","15":"pa_rozmir-918","16":"pa_rozmir-919","17":"pa_rozmir-920","18":"pa_rozmir-921","19":"pa_rozmir-922","21":"first","22":"instock","23":"purchasable","24":"product-type-variable"},"_links":{"self":[{"href":"https:\/\/nextsnkr.com\/et\/wp-json\/wp\/v2\/product\/586961","targetHints":{"allow":["GET"]}}],"collection":[{"href":"https:\/\/nextsnkr.com\/et\/wp-json\/wp\/v2\/product"}],"about":[{"href":"https:\/\/nextsnkr.com\/et\/wp-json\/wp\/v2\/types\/product"}],"replies":[{"embeddable":true,"href":"https:\/\/nextsnkr.com\/et\/wp-json\/wp\/v2\/comments?post=586961"}],"version-history":[{"count":0,"href":"https:\/\/nextsnkr.com\/et\/wp-json\/wp\/v2\/product\/586961\/revisions"}],"wp:featuredmedia":[{"embeddable":true,"href":"https:\/\/nextsnkr.com\/et\/wp-json\/wp\/v2\/media\/586962"}],"wp:attachment":[{"href":"https:\/\/nextsnkr.com\/et\/wp-json\/wp\/v2\/media?parent=586961"}],"wp:term":[{"taxonomy":"product_brand","embeddable":true,"href":"https:\/\/nextsnkr.com\/et\/wp-json\/wp\/v2\/product_brand?post=586961"},{"taxonomy":"product_cat","embeddable":true,"href":"https:\/\/nextsnkr.com\/et\/wp-json\/wp\/v2\/product_cat?post=586961"},{"taxonomy":"product_tag","embeddable":true,"href":"https:\/\/nextsnkr.com\/et\/wp-json\/wp\/v2\/product_tag?post=586961"}],"curies":[{"name":"wp","href":"https:\/\/api.w.org\/{rel}","templated":true}]}}