{"id":586621,"date":"2025-06-18T22:26:54","date_gmt":"2025-06-18T19:26:54","guid":{"rendered":"https:\/\/nextsnkr.com\/product\/air-jordan-retro-4-x-off-white-black-beige-premium\/"},"modified":"2026-01-30T14:03:49","modified_gmt":"2026-01-30T11:03:49","slug":"air-jordan-retro-4-x-off-white-black-beige-premium","status":"publish","type":"product","link":"https:\/\/nextsnkr.com\/et\/toode\/air-jordan-retro-4-x-off-white-black-beige-premium\/","title":{"rendered":"AIR JORDAN RETRO 4 x off Valge Must Tossud \/ beige Premium"},"content":{"rendered":"<h2>AIR JORDAN RETRO 4 x off Valge Must Tossud \/ beige Premium<\/h2>\n<p>AIR JORDAN RETRO 4 x off WHITE Black\/Beige tossud \u00fchendavad esmaklassilise stiili ja maksimaalse mugavuse. Valmistatud ehtsast nahast, tagavad need vastupidavuse ja mugavuse igap\u00e4evaseks kandmiseks. Air Jordani kaubam\u00e4rgi mudel sobib suurep\u00e4raselt aktiivseks elustiiliks ja t\u00e4iendab iga kaasaegset v\u00e4limust. ainulaadne musta ja bee\u017ei kombinatsioon muudab tossud teie garderoobis erksaks aktsendiks, samas kui materjalide esmaklassiline kvaliteet r\u00f5hutab kandja staatust ja stiili.<\/p>\n","protected":false},"excerpt":{"rendered":"<p>AIR JORDAN RETRO 4 x off WHITE Black\/Beige tossud \u00fchendavad esmaklassilise stiili ja maksimaalse mugavuse. Valmistatud ehtsast nahast, tagavad need vastupidavuse ja mugavuse igap\u00e4evaseks kandmiseks. Air Jordani kaubam\u00e4rgi mudel sobib suurep\u00e4raselt aktiivseks elustiiliks ja t\u00e4iendab iga kaasaegset v\u00e4limust. ainulaadne musta ja bee\u017ei kombinatsioon muudab tossud teie garderoobis erksaks aktsendiks, samas kui materjalide esmaklassiline kvaliteet r\u00f5hutab kandja staatust ja stiili.<\/p>\n","protected":false},"featured_media":586622,"comment_status":"open","ping_status":"open","template":"","meta":[],"product_brand":[],"product_cat":[3382,3186,3187],"product_tag":[],"class_list":{"0":"post-586621","1":"product","2":"type-product","3":"status-publish","4":"has-post-thumbnail","6":"product_cat-nike-jordan","7":"product_cat-all-product","8":"product_cat-krosivky","9":"pa_rozmir-910","10":"pa_rozmir-912","11":"pa_rozmir-914","12":"pa_rozmir-915","13":"pa_rozmir-916","14":"pa_rozmir-917","15":"pa_rozmir-918","16":"pa_rozmir-919","17":"pa_rozmir-920","18":"pa_rozmir-921","19":"pa_rozmir-922","21":"first","22":"onbackorder","23":"purchasable","24":"product-type-variable"},"_links":{"self":[{"href":"https:\/\/nextsnkr.com\/et\/wp-json\/wp\/v2\/product\/586621","targetHints":{"allow":["GET"]}}],"collection":[{"href":"https:\/\/nextsnkr.com\/et\/wp-json\/wp\/v2\/product"}],"about":[{"href":"https:\/\/nextsnkr.com\/et\/wp-json\/wp\/v2\/types\/product"}],"replies":[{"embeddable":true,"href":"https:\/\/nextsnkr.com\/et\/wp-json\/wp\/v2\/comments?post=586621"}],"version-history":[{"count":0,"href":"https:\/\/nextsnkr.com\/et\/wp-json\/wp\/v2\/product\/586621\/revisions"}],"wp:featuredmedia":[{"embeddable":true,"href":"https:\/\/nextsnkr.com\/et\/wp-json\/wp\/v2\/media\/586622"}],"wp:attachment":[{"href":"https:\/\/nextsnkr.com\/et\/wp-json\/wp\/v2\/media?parent=586621"}],"wp:term":[{"taxonomy":"product_brand","embeddable":true,"href":"https:\/\/nextsnkr.com\/et\/wp-json\/wp\/v2\/product_brand?post=586621"},{"taxonomy":"product_cat","embeddable":true,"href":"https:\/\/nextsnkr.com\/et\/wp-json\/wp\/v2\/product_cat?post=586621"},{"taxonomy":"product_tag","embeddable":true,"href":"https:\/\/nextsnkr.com\/et\/wp-json\/wp\/v2\/product_tag?post=586621"}],"curies":[{"name":"wp","href":"https:\/\/api.w.org\/{rel}","templated":true}]}}