{"id":584759,"date":"2025-06-19T21:35:53","date_gmt":"2025-06-19T18:35:53","guid":{"rendered":"https:\/\/nextsnkr.com\/product\/p6000-brown\/"},"modified":"2026-01-30T14:02:29","modified_gmt":"2026-01-30T11:02:29","slug":"p6000-brown","status":"publish","type":"product","link":"https:\/\/nextsnkr.com\/et\/toode\/p6000-brown\/","title":{"rendered":"P6000 Brown nahast ja seemisnahast tossud mugavaks kandmiseks"},"content":{"rendered":"<h2>P6000 Brown nahast ja seemisnahast tossud mugavaks kandmiseks<\/h2>\n<p>Stiilsed P6000 Brown tossud \u00fchendavad naha, seemisnaha ja tekstiili, et pakkuda \u00fclimat mugavust ja vastupidavust. Mudelil on kaasaegne disain ja suurep\u00e4rane jalatugi, mis sobib igap\u00e4evaseks kandmiseks ja aktiivseks puhkuseks. Materjalide k\u00f5rge kvaliteet ja kaubam\u00e4rgi usaldusv\u00e4\u00e4rsus muudavad need P6000 tossud ideaalseks valikuks neile, kes hindavad stiili, mugavust ja praktilisust.<\/p>\n","protected":false},"excerpt":{"rendered":"<p>Stiilsed P6000 Brown tossud \u00fchendavad naha, seemisnaha ja tekstiili, et pakkuda \u00fclimat mugavust ja vastupidavust. Mudelil on kaasaegne disain ja suurep\u00e4rane jalatugi, mis sobib igap\u00e4evaseks kandmiseks ja aktiivseks puhkuseks. Materjalide k\u00f5rge kvaliteet ja kaubam\u00e4rgi usaldusv\u00e4\u00e4rsus muudavad need P6000 tossud ideaalseks valikuks neile, kes hindavad stiili, mugavust ja praktilisust.<\/p>\n","protected":false},"featured_media":584760,"comment_status":"open","ping_status":"open","template":"","meta":[],"product_brand":[],"product_cat":[3186,3187],"product_tag":[],"class_list":{"0":"post-584759","1":"product","2":"type-product","3":"status-publish","4":"has-post-thumbnail","6":"product_cat-all-product","7":"product_cat-krosivky","8":"pa_rozmir-910","9":"pa_rozmir-912","10":"pa_rozmir-914","11":"pa_rozmir-915","12":"pa_rozmir-916","13":"pa_rozmir-917","14":"pa_rozmir-918","15":"pa_rozmir-919","16":"pa_rozmir-920","17":"pa_rozmir-921","18":"pa_rozmir-922","20":"first","21":"onbackorder","22":"purchasable","23":"product-type-variable"},"_links":{"self":[{"href":"https:\/\/nextsnkr.com\/et\/wp-json\/wp\/v2\/product\/584759","targetHints":{"allow":["GET"]}}],"collection":[{"href":"https:\/\/nextsnkr.com\/et\/wp-json\/wp\/v2\/product"}],"about":[{"href":"https:\/\/nextsnkr.com\/et\/wp-json\/wp\/v2\/types\/product"}],"replies":[{"embeddable":true,"href":"https:\/\/nextsnkr.com\/et\/wp-json\/wp\/v2\/comments?post=584759"}],"version-history":[{"count":0,"href":"https:\/\/nextsnkr.com\/et\/wp-json\/wp\/v2\/product\/584759\/revisions"}],"wp:featuredmedia":[{"embeddable":true,"href":"https:\/\/nextsnkr.com\/et\/wp-json\/wp\/v2\/media\/584760"}],"wp:attachment":[{"href":"https:\/\/nextsnkr.com\/et\/wp-json\/wp\/v2\/media?parent=584759"}],"wp:term":[{"taxonomy":"product_brand","embeddable":true,"href":"https:\/\/nextsnkr.com\/et\/wp-json\/wp\/v2\/product_brand?post=584759"},{"taxonomy":"product_cat","embeddable":true,"href":"https:\/\/nextsnkr.com\/et\/wp-json\/wp\/v2\/product_cat?post=584759"},{"taxonomy":"product_tag","embeddable":true,"href":"https:\/\/nextsnkr.com\/et\/wp-json\/wp\/v2\/product_tag?post=584759"}],"curies":[{"name":"wp","href":"https:\/\/api.w.org\/{rel}","templated":true}]}}