{"id":584251,"date":"2025-06-19T21:39:14","date_gmt":"2025-06-19T18:39:14","guid":{"rendered":"https:\/\/nextsnkr.com\/product\/v2k-runtekk-green\/"},"modified":"2026-01-30T14:02:16","modified_gmt":"2026-01-30T11:02:16","slug":"v2k-runtekk-green","status":"publish","type":"product","link":"https:\/\/nextsnkr.com\/et\/toode\/v2k-runtekk-green\/","title":{"rendered":"Tossud v2k Runtekk roheline nahk ja Tekstiil"},"content":{"rendered":"<h2>Tossud v2k Runtekk roheline nahk ja Tekstiil<\/h2>\n<p>V2k runtekk Green tossud \u00fchendavad naha ja tekstiili, pakkudes mugavust ja vastupidavust. Ideaalne igap\u00e4evaseks kandmiseks ja v\u00e4litegevuseks, need V2K stiilsed tossud tagavad t\u00f6\u00f6kindluse ja kaasaegse disaini. Valik neile, kes hindavad kvaliteeti ja mugavust igal sammul.<\/p>\n","protected":false},"excerpt":{"rendered":"<p>V2k runtekk Green tossud \u00fchendavad naha ja tekstiili, pakkudes mugavust ja vastupidavust. Ideaalne igap\u00e4evaseks kandmiseks ja v\u00e4litegevuseks, need V2K stiilsed tossud tagavad t\u00f6\u00f6kindluse ja kaasaegse disaini. Valik neile, kes hindavad kvaliteeti ja mugavust igal sammul.<\/p>\n","protected":false},"featured_media":584252,"comment_status":"open","ping_status":"open","template":"","meta":[],"product_brand":[],"product_cat":[3186,3187],"product_tag":[],"class_list":{"0":"post-584251","1":"product","2":"type-product","3":"status-publish","4":"has-post-thumbnail","6":"product_cat-all-product","7":"product_cat-krosivky","8":"pa_rozmir-910","9":"pa_rozmir-912","10":"pa_rozmir-914","11":"pa_rozmir-915","12":"pa_rozmir-916","13":"pa_rozmir-917","14":"pa_rozmir-918","15":"pa_rozmir-919","16":"pa_rozmir-920","17":"pa_rozmir-921","18":"pa_rozmir-922","20":"first","21":"instock","22":"purchasable","23":"product-type-variable"},"_links":{"self":[{"href":"https:\/\/nextsnkr.com\/et\/wp-json\/wp\/v2\/product\/584251","targetHints":{"allow":["GET"]}}],"collection":[{"href":"https:\/\/nextsnkr.com\/et\/wp-json\/wp\/v2\/product"}],"about":[{"href":"https:\/\/nextsnkr.com\/et\/wp-json\/wp\/v2\/types\/product"}],"replies":[{"embeddable":true,"href":"https:\/\/nextsnkr.com\/et\/wp-json\/wp\/v2\/comments?post=584251"}],"version-history":[{"count":0,"href":"https:\/\/nextsnkr.com\/et\/wp-json\/wp\/v2\/product\/584251\/revisions"}],"wp:featuredmedia":[{"embeddable":true,"href":"https:\/\/nextsnkr.com\/et\/wp-json\/wp\/v2\/media\/584252"}],"wp:attachment":[{"href":"https:\/\/nextsnkr.com\/et\/wp-json\/wp\/v2\/media?parent=584251"}],"wp:term":[{"taxonomy":"product_brand","embeddable":true,"href":"https:\/\/nextsnkr.com\/et\/wp-json\/wp\/v2\/product_brand?post=584251"},{"taxonomy":"product_cat","embeddable":true,"href":"https:\/\/nextsnkr.com\/et\/wp-json\/wp\/v2\/product_cat?post=584251"},{"taxonomy":"product_tag","embeddable":true,"href":"https:\/\/nextsnkr.com\/et\/wp-json\/wp\/v2\/product_tag?post=584251"}],"curies":[{"name":"wp","href":"https:\/\/api.w.org\/{rel}","templated":true}]}}