{"id":583235,"date":"2025-06-19T21:56:42","date_gmt":"2025-06-19T18:56:42","guid":{"rendered":"https:\/\/nextsnkr.com\/product\/blazer-vintage-77-kytaj\/"},"modified":"2026-01-30T14:01:37","modified_gmt":"2026-01-30T11:01:37","slug":"blazer-vintage-77-kytaj","status":"publish","type":"product","link":"https:\/\/nextsnkr.com\/et\/toode\/blazer-vintage-77-kytaj\/","title":{"rendered":"Blazer Vintage &#8216; 77 nahast tossud, stiilsed ja mugavad"},"content":{"rendered":"<h2>Blazer Vintage &#8216; 77 nahast tossud, stiilsed ja mugavad<\/h2>\n<p>Blazer Vintage &#8216; 77 tossud on valmistatud kvaliteetsest nahast, mis tagab vastupidavuse ja mugavuse kandmise ajal. Klassikaline disain koos kaasaegse stiiliga muudab need igap\u00e4evaseks kasutamiseks mitmek\u00fclgseks. Kindel tald toetab jalga ja elegantne v\u00e4limus v\u00f5imaldab tossusid kombineerida erinevate r\u00f5ivastega. Ideaalne valik neile, kes hindavad stiili, kvaliteeti ja mugavust igap\u00e4evaelus.<\/p>\n","protected":false},"excerpt":{"rendered":"<p>Blazer Vintage &#8216; 77 tossud on valmistatud kvaliteetsest nahast, mis tagab vastupidavuse ja mugavuse kandmise ajal. Klassikaline disain koos kaasaegse stiiliga muudab need igap\u00e4evaseks kasutamiseks mitmek\u00fclgseks. Kindel tald toetab jalga ja elegantne v\u00e4limus v\u00f5imaldab tossusid kombineerida erinevate r\u00f5ivastega. Ideaalne valik neile, kes hindavad stiili, kvaliteeti ja mugavust igap\u00e4evaelus.<\/p>\n","protected":false},"featured_media":583236,"comment_status":"open","ping_status":"open","template":"","meta":[],"product_brand":[2399],"product_cat":[3356,3186,3317],"product_tag":[],"class_list":{"0":"post-583235","1":"product","2":"type-product","3":"status-publish","4":"has-post-thumbnail","6":"product_brand-nike-blazer","7":"product_cat-nike-blazer","8":"product_cat-all-product","9":"product_cat-kedy","10":"pa_rozmir-910","11":"pa_rozmir-912","12":"pa_rozmir-914","13":"pa_rozmir-916","14":"pa_rozmir-917","15":"pa_rozmir-918","16":"pa_rozmir-919","17":"pa_rozmir-920","18":"pa_rozmir-921","19":"pa_rozmir-922","20":"pa_rozmir-brak","22":"first","23":"instock","24":"purchasable","25":"product-type-variable"},"_links":{"self":[{"href":"https:\/\/nextsnkr.com\/et\/wp-json\/wp\/v2\/product\/583235","targetHints":{"allow":["GET"]}}],"collection":[{"href":"https:\/\/nextsnkr.com\/et\/wp-json\/wp\/v2\/product"}],"about":[{"href":"https:\/\/nextsnkr.com\/et\/wp-json\/wp\/v2\/types\/product"}],"replies":[{"embeddable":true,"href":"https:\/\/nextsnkr.com\/et\/wp-json\/wp\/v2\/comments?post=583235"}],"version-history":[{"count":0,"href":"https:\/\/nextsnkr.com\/et\/wp-json\/wp\/v2\/product\/583235\/revisions"}],"wp:featuredmedia":[{"embeddable":true,"href":"https:\/\/nextsnkr.com\/et\/wp-json\/wp\/v2\/media\/583236"}],"wp:attachment":[{"href":"https:\/\/nextsnkr.com\/et\/wp-json\/wp\/v2\/media?parent=583235"}],"wp:term":[{"taxonomy":"product_brand","embeddable":true,"href":"https:\/\/nextsnkr.com\/et\/wp-json\/wp\/v2\/product_brand?post=583235"},{"taxonomy":"product_cat","embeddable":true,"href":"https:\/\/nextsnkr.com\/et\/wp-json\/wp\/v2\/product_cat?post=583235"},{"taxonomy":"product_tag","embeddable":true,"href":"https:\/\/nextsnkr.com\/et\/wp-json\/wp\/v2\/product_tag?post=583235"}],"curies":[{"name":"wp","href":"https:\/\/api.w.org\/{rel}","templated":true}]}}