{"id":582897,"date":"2025-06-19T21:58:23","date_gmt":"2025-06-19T18:58:23","guid":{"rendered":"https:\/\/nextsnkr.com\/product\/pixel\/"},"modified":"2026-01-30T14:01:17","modified_gmt":"2026-01-30T11:01:17","slug":"pixel","status":"publish","type":"product","link":"https:\/\/nextsnkr.com\/et\/toode\/pixel\/","title":{"rendered":"Pixeli tossud nahk-stiilne ja mugav igap\u00e4evaseks kandmiseks"},"content":{"rendered":"<h2>Pixeli tossud nahk-stiilne ja mugav igap\u00e4evaseks kandmiseks<\/h2>\n<p>Pixeli tossud on valmistatud ehtsast nahast, mis tagab vastupidavuse ja mugavuse igap\u00e4evaseks kasutamiseks. Mudel sobib v\u00e4litegevuseks ja igap\u00e4evaseks kandmiseks, \u00fchendades stiilse disaini ja funktsionaalsuse. Pixelid pakuvad mugavat istuvust ja jalatuge ning universaalne v\u00e4rv sobib h\u00f5lpsasti iga riietusega. Valige Pixel, et saada trendikas v\u00e4limus ja usaldusv\u00e4\u00e4rne mugavus iga p\u00e4ev.<\/p>\n","protected":false},"excerpt":{"rendered":"<p>Pixeli tossud on valmistatud ehtsast nahast, mis tagab vastupidavuse ja mugavuse igap\u00e4evaseks kasutamiseks. Mudel sobib v\u00e4litegevuseks ja igap\u00e4evaseks kandmiseks, \u00fchendades stiilse disaini ja funktsionaalsuse. Pixelid pakuvad mugavat istuvust ja jalatuge ning universaalne v\u00e4rv sobib h\u00f5lpsasti iga riietusega. Valige Pixel, et saada trendikas v\u00e4limus ja usaldusv\u00e4\u00e4rne mugavus iga p\u00e4ev.<\/p>\n","protected":false},"featured_media":582898,"comment_status":"open","ping_status":"open","template":"","meta":[],"product_brand":[],"product_cat":[3186,3187],"product_tag":[],"class_list":{"0":"post-582897","1":"product","2":"type-product","3":"status-publish","4":"has-post-thumbnail","6":"product_cat-all-product","7":"product_cat-krosivky","8":"pa_rozmir-910","9":"pa_rozmir-912","10":"pa_rozmir-914","11":"pa_rozmir-915","12":"pa_rozmir-916","13":"pa_rozmir-917","14":"pa_rozmir-918","15":"pa_rozmir-919","16":"pa_rozmir-920","17":"pa_rozmir-921","18":"pa_rozmir-922","20":"first","21":"onbackorder","22":"purchasable","23":"product-type-variable"},"_links":{"self":[{"href":"https:\/\/nextsnkr.com\/et\/wp-json\/wp\/v2\/product\/582897","targetHints":{"allow":["GET"]}}],"collection":[{"href":"https:\/\/nextsnkr.com\/et\/wp-json\/wp\/v2\/product"}],"about":[{"href":"https:\/\/nextsnkr.com\/et\/wp-json\/wp\/v2\/types\/product"}],"replies":[{"embeddable":true,"href":"https:\/\/nextsnkr.com\/et\/wp-json\/wp\/v2\/comments?post=582897"}],"version-history":[{"count":0,"href":"https:\/\/nextsnkr.com\/et\/wp-json\/wp\/v2\/product\/582897\/revisions"}],"wp:featuredmedia":[{"embeddable":true,"href":"https:\/\/nextsnkr.com\/et\/wp-json\/wp\/v2\/media\/582898"}],"wp:attachment":[{"href":"https:\/\/nextsnkr.com\/et\/wp-json\/wp\/v2\/media?parent=582897"}],"wp:term":[{"taxonomy":"product_brand","embeddable":true,"href":"https:\/\/nextsnkr.com\/et\/wp-json\/wp\/v2\/product_brand?post=582897"},{"taxonomy":"product_cat","embeddable":true,"href":"https:\/\/nextsnkr.com\/et\/wp-json\/wp\/v2\/product_cat?post=582897"},{"taxonomy":"product_tag","embeddable":true,"href":"https:\/\/nextsnkr.com\/et\/wp-json\/wp\/v2\/product_tag?post=582897"}],"curies":[{"name":"wp","href":"https:\/\/api.w.org\/{rel}","templated":true}]}}