{"id":581029,"date":"2025-06-19T22:15:03","date_gmt":"2025-06-19T19:15:03","guid":{"rendered":"https:\/\/nextsnkr.com\/product\/adidas-xlg-runner-beige-white\/"},"modified":"2026-01-30T14:00:00","modified_gmt":"2026-01-30T11:00:00","slug":"adidas-xlg-runner-beige-white","status":"publish","type":"product","link":"https:\/\/nextsnkr.com\/et\/toode\/adidas-xlg-runner-beige-white\/","title":{"rendered":"Adidas xlg Runner beige \/ White tossud sportimiseks ja igap\u00e4evaseks kandmiseks"},"content":{"rendered":"<h2>Adidas xlg Runner beige \/ White tossud sportimiseks ja igap\u00e4evaseks kandmiseks<\/h2>\n<p>Adidas XLG Runner beige \/ White tossud \u00fchendavad naha ja tekstiili, pakkudes mugavust ja vastupidavust. Kerge polsterdatud tald tagab toe jooksmise ja igap\u00e4evaste jalutusk\u00e4ikude ajal. Stiilne bee\u017e ja valge disain lisab teie v\u00e4limusele modernsust ning kvaliteetsed materjalid tagavad kulumiskindluse ja vastupidavuse. Valige adidas XLG Runner mugavuse, aktiivse elu ja trendika v\u00e4ljan\u00e4gemise jaoks iga p\u00e4ev.<\/p>\n","protected":false},"excerpt":{"rendered":"<p>Adidas XLG Runner beige \/ White tossud \u00fchendavad naha ja tekstiili, pakkudes mugavust ja vastupidavust. Kerge polsterdatud tald tagab toe jooksmise ja igap\u00e4evaste jalutusk\u00e4ikude ajal. Stiilne bee\u017e ja valge disain lisab teie v\u00e4limusele modernsust ning kvaliteetsed materjalid tagavad kulumiskindluse ja vastupidavuse. Valige adidas XLG Runner mugavuse, aktiivse elu ja trendika v\u00e4ljan\u00e4gemise jaoks iga p\u00e4ev.<\/p>\n","protected":false},"featured_media":581030,"comment_status":"open","ping_status":"open","template":"","meta":[],"product_brand":[],"product_cat":[3186,3187],"product_tag":[],"class_list":{"0":"post-581029","1":"product","2":"type-product","3":"status-publish","4":"has-post-thumbnail","6":"product_cat-all-product","7":"product_cat-krosivky","8":"pa_rozmir-910","9":"pa_rozmir-912","10":"pa_rozmir-914","11":"pa_rozmir-915","12":"pa_rozmir-916","13":"pa_rozmir-917","14":"pa_rozmir-918","15":"pa_rozmir-919","16":"pa_rozmir-920","17":"pa_rozmir-921","18":"pa_rozmir-922","20":"first","21":"instock","22":"purchasable","23":"product-type-variable"},"_links":{"self":[{"href":"https:\/\/nextsnkr.com\/et\/wp-json\/wp\/v2\/product\/581029","targetHints":{"allow":["GET"]}}],"collection":[{"href":"https:\/\/nextsnkr.com\/et\/wp-json\/wp\/v2\/product"}],"about":[{"href":"https:\/\/nextsnkr.com\/et\/wp-json\/wp\/v2\/types\/product"}],"replies":[{"embeddable":true,"href":"https:\/\/nextsnkr.com\/et\/wp-json\/wp\/v2\/comments?post=581029"}],"version-history":[{"count":0,"href":"https:\/\/nextsnkr.com\/et\/wp-json\/wp\/v2\/product\/581029\/revisions"}],"wp:featuredmedia":[{"embeddable":true,"href":"https:\/\/nextsnkr.com\/et\/wp-json\/wp\/v2\/media\/581030"}],"wp:attachment":[{"href":"https:\/\/nextsnkr.com\/et\/wp-json\/wp\/v2\/media?parent=581029"}],"wp:term":[{"taxonomy":"product_brand","embeddable":true,"href":"https:\/\/nextsnkr.com\/et\/wp-json\/wp\/v2\/product_brand?post=581029"},{"taxonomy":"product_cat","embeddable":true,"href":"https:\/\/nextsnkr.com\/et\/wp-json\/wp\/v2\/product_cat?post=581029"},{"taxonomy":"product_tag","embeddable":true,"href":"https:\/\/nextsnkr.com\/et\/wp-json\/wp\/v2\/product_tag?post=581029"}],"curies":[{"name":"wp","href":"https:\/\/api.w.org\/{rel}","templated":true}]}}