{"id":580519,"date":"2025-06-19T22:18:26","date_gmt":"2025-06-19T19:18:26","guid":{"rendered":"https:\/\/nextsnkr.com\/product\/adidas-ozelia-golden-rose-2\/"},"modified":"2026-01-30T13:59:36","modified_gmt":"2026-01-30T10:59:36","slug":"adidas-ozelia-golden-rose-2","status":"publish","type":"product","link":"https:\/\/nextsnkr.com\/et\/toode\/adidas-ozelia-golden-rose-2\/","title":{"rendered":"Adidas OZELIA Golden Rose tekstiili-ja seemisnahast tossud-Stiil ja mugavus"},"content":{"rendered":"<h2>Adidas OZELIA Golden Rose tekstiili-ja seemisnahast tossud-Stiil ja mugavus<\/h2>\n<p>ADIDAS OZELIA Golden Rose tossud \u00fchendavad kaasaegse disaini ja kvaliteetsed materjalid: tekstiil ja seemisnahk pakuvad mugavust ja vastupidavust igap\u00e4evaseks kandmiseks. Adidase kaubam\u00e4rgi mudel sobib ideaalselt v\u00e4litegevuseks ja igap\u00e4evaseks kasutamiseks, r\u00f5hutades stiili ja isikup\u00e4ra. Kerge tald tagab mugavuse igal sammul ja keerukas kuldroosa toon lisab teie v\u00e4limusele erksa aktsendi.<\/p>\n","protected":false},"excerpt":{"rendered":"<p>ADIDAS OZELIA Golden Rose tossud \u00fchendavad kaasaegse disaini ja kvaliteetsed materjalid: tekstiil ja seemisnahk pakuvad mugavust ja vastupidavust igap\u00e4evaseks kandmiseks. Adidase kaubam\u00e4rgi mudel sobib ideaalselt v\u00e4litegevuseks ja igap\u00e4evaseks kasutamiseks, r\u00f5hutades stiili ja isikup\u00e4ra. Kerge tald tagab mugavuse igal sammul ja keerukas kuldroosa toon lisab teie v\u00e4limusele erksa aktsendi.<\/p>\n","protected":false},"featured_media":580520,"comment_status":"open","ping_status":"open","template":"","meta":[],"product_brand":[],"product_cat":[3186,3187],"product_tag":[],"class_list":{"0":"post-580519","1":"product","2":"type-product","3":"status-publish","4":"has-post-thumbnail","6":"product_cat-all-product","7":"product_cat-krosivky","8":"pa_rozmir-910","9":"pa_rozmir-912","10":"pa_rozmir-914","11":"pa_rozmir-915","12":"pa_rozmir-916","13":"pa_rozmir-917","14":"pa_rozmir-918","15":"pa_rozmir-919","16":"pa_rozmir-920","17":"pa_rozmir-921","18":"pa_rozmir-922","20":"first","21":"onbackorder","22":"purchasable","23":"product-type-variable"},"_links":{"self":[{"href":"https:\/\/nextsnkr.com\/et\/wp-json\/wp\/v2\/product\/580519","targetHints":{"allow":["GET"]}}],"collection":[{"href":"https:\/\/nextsnkr.com\/et\/wp-json\/wp\/v2\/product"}],"about":[{"href":"https:\/\/nextsnkr.com\/et\/wp-json\/wp\/v2\/types\/product"}],"replies":[{"embeddable":true,"href":"https:\/\/nextsnkr.com\/et\/wp-json\/wp\/v2\/comments?post=580519"}],"version-history":[{"count":0,"href":"https:\/\/nextsnkr.com\/et\/wp-json\/wp\/v2\/product\/580519\/revisions"}],"wp:featuredmedia":[{"embeddable":true,"href":"https:\/\/nextsnkr.com\/et\/wp-json\/wp\/v2\/media\/580520"}],"wp:attachment":[{"href":"https:\/\/nextsnkr.com\/et\/wp-json\/wp\/v2\/media?parent=580519"}],"wp:term":[{"taxonomy":"product_brand","embeddable":true,"href":"https:\/\/nextsnkr.com\/et\/wp-json\/wp\/v2\/product_brand?post=580519"},{"taxonomy":"product_cat","embeddable":true,"href":"https:\/\/nextsnkr.com\/et\/wp-json\/wp\/v2\/product_cat?post=580519"},{"taxonomy":"product_tag","embeddable":true,"href":"https:\/\/nextsnkr.com\/et\/wp-json\/wp\/v2\/product_tag?post=580519"}],"curies":[{"name":"wp","href":"https:\/\/api.w.org\/{rel}","templated":true}]}}