{"id":580179,"date":"2025-06-19T22:20:07","date_gmt":"2025-06-19T19:20:07","guid":{"rendered":"https:\/\/nextsnkr.com\/product\/adidas-niteball-2-0-black-gum-premium\/"},"modified":"2026-01-30T13:59:27","modified_gmt":"2026-01-30T10:59:27","slug":"adidas-niteball-2-0-black-gum-premium","status":"publish","type":"product","link":"https:\/\/nextsnkr.com\/et\/toode\/adidas-niteball-2-0-black-gum-premium\/","title":{"rendered":"ADIDAS NITEBALL 2.0 must \/ kumm-seemisnahast ja nahast tossud"},"content":{"rendered":"<h2>ADIDAS NITEBALL 2.0 must \/ kumm-seemisnahast ja nahast tossud<\/h2>\n<p>Adidas NITEBALL 2.0 stiilsed Mustad kummist tallaga tossud on valmistatud ehtsast seemisnahast ja peegeldavate elementidega nahast. Ideaalne igap\u00e4evaseks kandmiseks ja aktiivseks puhkuseks. Need Premium Adidase tossud \u00fchendavad mugavuse, vastupidavuse ja kaasaegse disaini, r\u00f5hutades teie stiili ja isikup\u00e4ra igas keskkonnas.<\/p>\n","protected":false},"excerpt":{"rendered":"<p>Adidas NITEBALL 2.0 stiilsed Mustad kummist tallaga tossud on valmistatud ehtsast seemisnahast ja peegeldavate elementidega nahast. Ideaalne igap\u00e4evaseks kandmiseks ja aktiivseks puhkuseks. Need Premium Adidase tossud \u00fchendavad mugavuse, vastupidavuse ja kaasaegse disaini, r\u00f5hutades teie stiili ja isikup\u00e4ra igas keskkonnas.<\/p>\n","protected":false},"featured_media":580180,"comment_status":"open","ping_status":"open","template":"","meta":[],"product_brand":[],"product_cat":[3186,3187],"product_tag":[],"class_list":{"0":"post-580179","1":"product","2":"type-product","3":"status-publish","4":"has-post-thumbnail","6":"product_cat-all-product","7":"product_cat-krosivky","8":"pa_rozmir-910","9":"pa_rozmir-912","10":"pa_rozmir-914","11":"pa_rozmir-915","12":"pa_rozmir-916","13":"pa_rozmir-917","14":"pa_rozmir-918","15":"pa_rozmir-919","16":"pa_rozmir-920","17":"pa_rozmir-921","18":"pa_rozmir-922","20":"first","21":"instock","22":"purchasable","23":"product-type-variable"},"_links":{"self":[{"href":"https:\/\/nextsnkr.com\/et\/wp-json\/wp\/v2\/product\/580179","targetHints":{"allow":["GET"]}}],"collection":[{"href":"https:\/\/nextsnkr.com\/et\/wp-json\/wp\/v2\/product"}],"about":[{"href":"https:\/\/nextsnkr.com\/et\/wp-json\/wp\/v2\/types\/product"}],"replies":[{"embeddable":true,"href":"https:\/\/nextsnkr.com\/et\/wp-json\/wp\/v2\/comments?post=580179"}],"version-history":[{"count":0,"href":"https:\/\/nextsnkr.com\/et\/wp-json\/wp\/v2\/product\/580179\/revisions"}],"wp:featuredmedia":[{"embeddable":true,"href":"https:\/\/nextsnkr.com\/et\/wp-json\/wp\/v2\/media\/580180"}],"wp:attachment":[{"href":"https:\/\/nextsnkr.com\/et\/wp-json\/wp\/v2\/media?parent=580179"}],"wp:term":[{"taxonomy":"product_brand","embeddable":true,"href":"https:\/\/nextsnkr.com\/et\/wp-json\/wp\/v2\/product_brand?post=580179"},{"taxonomy":"product_cat","embeddable":true,"href":"https:\/\/nextsnkr.com\/et\/wp-json\/wp\/v2\/product_cat?post=580179"},{"taxonomy":"product_tag","embeddable":true,"href":"https:\/\/nextsnkr.com\/et\/wp-json\/wp\/v2\/product_tag?post=580179"}],"curies":[{"name":"wp","href":"https:\/\/api.w.org\/{rel}","templated":true}]}}